{"id":3641,"date":"2026-03-24T13:19:43","date_gmt":"2026-03-24T13:19:43","guid":{"rendered":"https:\/\/douceurdegrasse.fr\/?post_type=product&#038;p=3641"},"modified":"2026-04-05T08:47:47","modified_gmt":"2026-04-05T08:47:47","slug":"cadre-parfume-monoi-peche","status":"publish","type":"product","link":"https:\/\/douceurdegrasse.fr\/?product=cadre-parfume-monoi-peche","title":{"rendered":"Cadre parfum\u00e9e Monoi p\u00eache 202 gr"},"content":{"rendered":"<h2>Une d\u00e9coration parfum\u00e9e unique pour sublimer votre int\u00e9rieur<\/h2>\n<p><strong>Ce cadre parfum\u00e9 Monoi P\u00eache est une cr\u00e9ation artisanale unique qui d\u00e9core et parfume votre int\u00e9rieur gr\u00e2ce \u00e0 ses fondants parfum\u00e9s fa\u00e7onn\u00e9s \u00e0 la main.<\/strong> Il diffuse son parfum \u00e0 froid puis peut \u00eatre utilis\u00e9 comme fondant dans un br\u00fble\u2011parfum.<\/p>\n<h2>2 utilisations en 1<\/h2>\n<p>Ce cadre est \u00e0 la fois :<\/p>\n<ul>\n<li><strong>Une d\u00e9coration parfum\u00e9e<\/strong> : il embaume naturellement la pi\u00e8ce gr\u00e2ce \u00e0 la cire parfum\u00e9e.<\/li>\n<li><strong>Un fondant parfum\u00e9 r\u00e9utilisable<\/strong> : lorsque le parfum s\u2019att\u00e9nue, vous pouvez d\u00e9tacher les \u00e9l\u00e9ments et les faire fondre dans un br\u00fble\u2011parfum pour profiter d\u2019une diffusion chaude.<\/li>\n<\/ul>\n<p>Une cr\u00e9ation durable, esth\u00e9tique et polyvalente.<\/p>\n<h2>Fabrication artisanale<\/h2>\n<ul>\n<li>Cire v\u00e9g\u00e9tale de haute qualit\u00e9<\/li>\n<li>Parfums de Grasse<\/li>\n<li>Assemblage minutieux \u00e0 la main<\/li>\n<li>Pi\u00e8ce unique : chaque cadre est diff\u00e9rent<\/li>\n<li>Id\u00e9e cadeau originale et raffin\u00e9e<\/li>\n<\/ul>\n<h2>Conseils d\u2019utilisation<\/h2>\n<ul>\n<li>Placez le cadre dans un espace de vie pour profiter de sa diffusion \u00e0 froid.<\/li>\n<li>\u00c9vitez l\u2019exposition directe au soleil ou \u00e0 une source de chaleur pour pr\u00e9server la forme des fondants.<\/li>\n<li>Lorsque vous souhaitez l\u2019utiliser en fondant, d\u00e9tachez d\u00e9licatement les \u00e9l\u00e9ments et placez\u2011les dans votre br\u00fble\u2011parfum.<\/li>\n<\/ul>\n<h2><strong>S\u00e9curit\u00e9 &amp; Allerg\u00e8nes (CLP \/ REACH)<\/strong><\/h2>\n<p>ATTENTION<\/p>\n<p>H317 : Peut provoquer une allergie cutan\u00e9e.<br \/>\nH412 : Nocif pour les organismes aquatiques, entra\u00eene des effets n\u00e9fastes \u00e0 long terme.<\/p>\n<p>Contient du : SALICYLATE AMYLE (2050-08-0), LINALOL (78-70-6), ALDEHYDE HEXYL CINNAMIQUE (101-86-0), VERTILIONE (32388-55-9), ALDEHYDE AMYL CINNAMIQUE (122-40-7), SALICYLATE CIS 3 HEXENYL (65405-77-8), LIMONENE DROIT (+100) (5989-27-5).<\/p>\n<p>P101 : En cas de consultation d\u2019un m\u00e9decin, garder \u00e0 disposition le r\u00e9cipient ou l\u2019\u00e9tiquette. P102 : Tenir hors de port\u00e9e des enfants. P103 : Lire l\u2019\u00e9tiquette avant utilisation. P273 \u2013 \u00c9viter le rejet dans l\u2019environnement. P501 \u2013 \u00c9liminer le contenu\/r\u00e9cipient dans un centre de collecte de d\u00e9chets dangereux ou sp\u00e9ciaux, conform\u00e9ment \u00e0 la r\u00e9glementation locale, r\u00e9gionale, nationale et\/ou internationale. P302 + P352 : EN CAS DE CONTACT AVEC LA PEAU : Laver abondamment \u00e0 l\u2019eau\/\u2026 P333 + P313 : En cas d\u2019irritation\/\u00e9ruption cutan\u00e9e : Consulter un m\u00e9decin.<\/p>\n<p>EUH208 Contient du : LINALOL (78-70-6), ALDEHYDE HEXYL CINNAMIQUE (101-86-0), ACETATE LINALYLE (115-95-7), VERTILIONE (32388-55-9), ALDEHYDE AMYL CINNAMIQUE (122-40-7), GERANIOL (106-24-1), LIMONENE DROIT (+100) (5989-27-5). Peut produire une r\u00e9action allergique.<br \/>\nEUH210 \u2013 Fiche de donn\u00e9e de s\u00e9curit\u00e9 disponible sur demande.<\/p>\n<p>&nbsp;<\/p>\n<h2><strong>En savoir plus<\/strong><\/h2>\n<p>Pour d\u00e9couvrir l\u2019univers des parfums de Grasse :\u00a0<a href=\"https:\/\/www.ville-grasse.fr\/\">Ville de Grasse (06)<\/a><\/p>\n<p>Pour explorer mes bougies artisanales parfum\u00e9es :\u00a0<a href=\"https:\/\/douceurdegrasse.fr\/?product_cat=bougies-artisanales\">Bougies artisanales \u2013 Douceur de Grasse<\/a><\/p>\n<p>D\u00e9couvrez aussi nos <a href=\"https:\/\/douceurdegrasse.fr\/?product_cat=fondants-parfumes\"><strong>fondants parfum\u00e9s artisanaux<\/strong> <\/a><\/p>\n<p>Explorez toutes nos <a href=\"https:\/\/douceurdegrasse.fr\/?product_cat=decorations-parfumees\"><strong>d\u00e9corations parfum\u00e9es<\/strong><\/a><\/p>\n<p>&nbsp;<\/p>\n","protected":false},"excerpt":{"rendered":"<p>Cadre d\u00e9coratif parfum\u00e9 r\u00e9alis\u00e9 \u00e0 la main avec des fondants parfum\u00e9s Mono\u00ef P\u00eache. Il diffuse d\u00e9licatement son parfum \u00e0 froid dans votre int\u00e9rieur et peut ensuite \u00eatre utilis\u00e9 comme fondant dans un br\u00fble\u2011parfum. Une cr\u00e9ation artisanale 2\u2011en\u20111, \u00e0 la fois d\u00e9corative et parfum\u00e9e.<\/p>\n<p>&nbsp;<\/p>\n","protected":false},"featured_media":3643,"comment_status":"open","ping_status":"closed","template":"","meta":[],"product_brand":[],"product_cat":[174],"product_tag":[215,203,179],"class_list":{"0":"post-3641","1":"product","2":"type-product","3":"status-publish","4":"has-post-thumbnail","6":"product_cat-decorations-parfumees","7":"product_tag-cadre-parfumee","8":"product_tag-fondants-parfumes","9":"product_tag-monoi-peche","11":"first","12":"outofstock","13":"shipping-taxable","14":"purchasable","15":"product-type-simple"},"yoast_head":"<!-- This site is optimized with the Yoast SEO plugin v27.4 - https:\/\/yoast.com\/product\/yoast-seo-wordpress\/ -->\n<title>Cadre parfum\u00e9 Monoi P\u00eache \u2013 Cr\u00e9ation artisanale d\u00e9corative<\/title>\n<meta name=\"description\" content=\"Cadre parfum\u00e9 Monoi P\u00eache artisanal. Une d\u00e9coration parfum\u00e9e 2\u2011en\u20111 qui diffuse \u00e0 froid puis s\u2019utilise comme fondant parfum\u00e9. Pi\u00e8ce unique faite main.\" \/>\n<meta name=\"robots\" content=\"index, follow, max-snippet:-1, max-image-preview:large, max-video-preview:-1\" \/>\n<link rel=\"canonical\" href=\"https:\/\/douceurdegrasse.fr\/?product=cadre-parfume-monoi-peche\" \/>\n<meta property=\"og:locale\" content=\"fr_FR\" \/>\n<meta property=\"og:type\" content=\"article\" \/>\n<meta property=\"og:title\" content=\"Cadre parfum\u00e9 Monoi P\u00eache \u2013 Cr\u00e9ation artisanale d\u00e9corative\" \/>\n<meta property=\"og:description\" content=\"Cadre parfum\u00e9 Monoi P\u00eache artisanal. Une d\u00e9coration parfum\u00e9e 2\u2011en\u20111 qui diffuse \u00e0 froid puis s\u2019utilise comme fondant parfum\u00e9. Pi\u00e8ce unique faite main.\" \/>\n<meta property=\"og:url\" content=\"https:\/\/douceurdegrasse.fr\/?product=cadre-parfume-monoi-peche\" \/>\n<meta property=\"og:site_name\" content=\"Douceur de Grasse\" \/>\n<meta property=\"article:modified_time\" content=\"2026-04-05T08:47:47+00:00\" \/>\n<meta property=\"og:image\" content=\"https:\/\/douceurdegrasse.fr\/wp-content\/uploads\/2026\/03\/Design-sans-titre-2026-03-24T142044.243.png\" \/>\n\t<meta property=\"og:image:width\" content=\"1000\" \/>\n\t<meta property=\"og:image:height\" content=\"1000\" \/>\n\t<meta property=\"og:image:type\" content=\"image\/png\" \/>\n<meta name=\"twitter:card\" content=\"summary_large_image\" \/>\n<meta name=\"twitter:label1\" content=\"Dur\u00e9e de lecture estim\u00e9e\" \/>\n\t<meta name=\"twitter:data1\" content=\"3 minutes\" \/>\n<script type=\"application\/ld+json\" class=\"yoast-schema-graph\">{\"@context\":\"https:\\\/\\\/schema.org\",\"@graph\":[{\"@type\":\"WebPage\",\"@id\":\"https:\\\/\\\/douceurdegrasse.fr\\\/?product=cadre-parfume-monoi-peche\",\"url\":\"https:\\\/\\\/douceurdegrasse.fr\\\/?product=cadre-parfume-monoi-peche\",\"name\":\"Cadre parfum\u00e9 Monoi P\u00eache \u2013 Cr\u00e9ation artisanale d\u00e9corative\",\"isPartOf\":{\"@id\":\"https:\\\/\\\/darkorange-woodcock-422475.hostingersite.com\\\/#website\"},\"primaryImageOfPage\":{\"@id\":\"https:\\\/\\\/douceurdegrasse.fr\\\/?product=cadre-parfume-monoi-peche#primaryimage\"},\"image\":{\"@id\":\"https:\\\/\\\/douceurdegrasse.fr\\\/?product=cadre-parfume-monoi-peche#primaryimage\"},\"thumbnailUrl\":\"https:\\\/\\\/douceurdegrasse.fr\\\/wp-content\\\/uploads\\\/2026\\\/03\\\/Design-sans-titre-2026-03-24T142044.243.png\",\"datePublished\":\"2026-03-24T13:19:43+00:00\",\"dateModified\":\"2026-04-05T08:47:47+00:00\",\"description\":\"Cadre parfum\u00e9 Monoi P\u00eache artisanal. Une d\u00e9coration parfum\u00e9e 2\u2011en\u20111 qui diffuse \u00e0 froid puis s\u2019utilise comme fondant parfum\u00e9. Pi\u00e8ce unique faite main.\",\"breadcrumb\":{\"@id\":\"https:\\\/\\\/douceurdegrasse.fr\\\/?product=cadre-parfume-monoi-peche#breadcrumb\"},\"inLanguage\":\"fr-FR\",\"potentialAction\":[{\"@type\":\"ReadAction\",\"target\":[\"https:\\\/\\\/douceurdegrasse.fr\\\/?product=cadre-parfume-monoi-peche\"]}]},{\"@type\":\"ImageObject\",\"inLanguage\":\"fr-FR\",\"@id\":\"https:\\\/\\\/douceurdegrasse.fr\\\/?product=cadre-parfume-monoi-peche#primaryimage\",\"url\":\"https:\\\/\\\/douceurdegrasse.fr\\\/wp-content\\\/uploads\\\/2026\\\/03\\\/Design-sans-titre-2026-03-24T142044.243.png\",\"contentUrl\":\"https:\\\/\\\/douceurdegrasse.fr\\\/wp-content\\\/uploads\\\/2026\\\/03\\\/Design-sans-titre-2026-03-24T142044.243.png\",\"width\":1000,\"height\":1000,\"caption\":\"Cr\u00e9ation artisanale en fondants parfum\u00e9s Mono\u00ef P\u00eache, d\u00e9cor\u00e9e de fleurs sculpt\u00e9es et de papillons.\"},{\"@type\":\"BreadcrumbList\",\"@id\":\"https:\\\/\\\/douceurdegrasse.fr\\\/?product=cadre-parfume-monoi-peche#breadcrumb\",\"itemListElement\":[{\"@type\":\"ListItem\",\"position\":1,\"name\":\"Accueil\",\"item\":\"https:\\\/\\\/douceurdegrasse.fr\\\/\"},{\"@type\":\"ListItem\",\"position\":2,\"name\":\"Boutique\",\"item\":\"https:\\\/\\\/darkorange-woodcock-422475.hostingersite.com\\\/?page_id=5\"},{\"@type\":\"ListItem\",\"position\":3,\"name\":\"Cadre parfum\u00e9e Monoi p\u00eache 202 gr\"}]},{\"@type\":\"WebSite\",\"@id\":\"https:\\\/\\\/darkorange-woodcock-422475.hostingersite.com\\\/#website\",\"url\":\"https:\\\/\\\/darkorange-woodcock-422475.hostingersite.com\\\/\",\"name\":\"Douceur de Grasse\",\"description\":\"\",\"publisher\":{\"@id\":\"https:\\\/\\\/darkorange-woodcock-422475.hostingersite.com\\\/#organization\"},\"potentialAction\":[{\"@type\":\"SearchAction\",\"target\":{\"@type\":\"EntryPoint\",\"urlTemplate\":\"https:\\\/\\\/darkorange-woodcock-422475.hostingersite.com\\\/?s={search_term_string}\"},\"query-input\":{\"@type\":\"PropertyValueSpecification\",\"valueRequired\":true,\"valueName\":\"search_term_string\"}}],\"inLanguage\":\"fr-FR\"},{\"@type\":\"Organization\",\"@id\":\"https:\\\/\\\/darkorange-woodcock-422475.hostingersite.com\\\/#organization\",\"name\":\"Douceur de Grasse\",\"url\":\"https:\\\/\\\/darkorange-woodcock-422475.hostingersite.com\\\/\",\"logo\":{\"@type\":\"ImageObject\",\"inLanguage\":\"fr-FR\",\"@id\":\"https:\\\/\\\/darkorange-woodcock-422475.hostingersite.com\\\/#\\\/schema\\\/logo\\\/image\\\/\",\"url\":\"https:\\\/\\\/douceurdegrasse.fr\\\/wp-content\\\/uploads\\\/2025\\\/08\\\/Douceur-de-Grasse-1.png\",\"contentUrl\":\"https:\\\/\\\/douceurdegrasse.fr\\\/wp-content\\\/uploads\\\/2025\\\/08\\\/Douceur-de-Grasse-1.png\",\"width\":2000,\"height\":2000,\"caption\":\"Douceur de Grasse\"},\"image\":{\"@id\":\"https:\\\/\\\/darkorange-woodcock-422475.hostingersite.com\\\/#\\\/schema\\\/logo\\\/image\\\/\"}}]}<\/script>\n<!-- \/ Yoast SEO plugin. -->","yoast_head_json":{"title":"Cadre parfum\u00e9 Monoi P\u00eache \u2013 Cr\u00e9ation artisanale d\u00e9corative","description":"Cadre parfum\u00e9 Monoi P\u00eache artisanal. Une d\u00e9coration parfum\u00e9e 2\u2011en\u20111 qui diffuse \u00e0 froid puis s\u2019utilise comme fondant parfum\u00e9. Pi\u00e8ce unique faite main.","robots":{"index":"index","follow":"follow","max-snippet":"max-snippet:-1","max-image-preview":"max-image-preview:large","max-video-preview":"max-video-preview:-1"},"canonical":"https:\/\/douceurdegrasse.fr\/?product=cadre-parfume-monoi-peche","og_locale":"fr_FR","og_type":"article","og_title":"Cadre parfum\u00e9 Monoi P\u00eache \u2013 Cr\u00e9ation artisanale d\u00e9corative","og_description":"Cadre parfum\u00e9 Monoi P\u00eache artisanal. Une d\u00e9coration parfum\u00e9e 2\u2011en\u20111 qui diffuse \u00e0 froid puis s\u2019utilise comme fondant parfum\u00e9. Pi\u00e8ce unique faite main.","og_url":"https:\/\/douceurdegrasse.fr\/?product=cadre-parfume-monoi-peche","og_site_name":"Douceur de Grasse","article_modified_time":"2026-04-05T08:47:47+00:00","og_image":[{"width":1000,"height":1000,"url":"https:\/\/douceurdegrasse.fr\/wp-content\/uploads\/2026\/03\/Design-sans-titre-2026-03-24T142044.243.png","type":"image\/png"}],"twitter_card":"summary_large_image","twitter_misc":{"Dur\u00e9e de lecture estim\u00e9e":"3 minutes"},"schema":{"@context":"https:\/\/schema.org","@graph":[{"@type":"WebPage","@id":"https:\/\/douceurdegrasse.fr\/?product=cadre-parfume-monoi-peche","url":"https:\/\/douceurdegrasse.fr\/?product=cadre-parfume-monoi-peche","name":"Cadre parfum\u00e9 Monoi P\u00eache \u2013 Cr\u00e9ation artisanale d\u00e9corative","isPartOf":{"@id":"https:\/\/darkorange-woodcock-422475.hostingersite.com\/#website"},"primaryImageOfPage":{"@id":"https:\/\/douceurdegrasse.fr\/?product=cadre-parfume-monoi-peche#primaryimage"},"image":{"@id":"https:\/\/douceurdegrasse.fr\/?product=cadre-parfume-monoi-peche#primaryimage"},"thumbnailUrl":"https:\/\/douceurdegrasse.fr\/wp-content\/uploads\/2026\/03\/Design-sans-titre-2026-03-24T142044.243.png","datePublished":"2026-03-24T13:19:43+00:00","dateModified":"2026-04-05T08:47:47+00:00","description":"Cadre parfum\u00e9 Monoi P\u00eache artisanal. Une d\u00e9coration parfum\u00e9e 2\u2011en\u20111 qui diffuse \u00e0 froid puis s\u2019utilise comme fondant parfum\u00e9. Pi\u00e8ce unique faite main.","breadcrumb":{"@id":"https:\/\/douceurdegrasse.fr\/?product=cadre-parfume-monoi-peche#breadcrumb"},"inLanguage":"fr-FR","potentialAction":[{"@type":"ReadAction","target":["https:\/\/douceurdegrasse.fr\/?product=cadre-parfume-monoi-peche"]}]},{"@type":"ImageObject","inLanguage":"fr-FR","@id":"https:\/\/douceurdegrasse.fr\/?product=cadre-parfume-monoi-peche#primaryimage","url":"https:\/\/douceurdegrasse.fr\/wp-content\/uploads\/2026\/03\/Design-sans-titre-2026-03-24T142044.243.png","contentUrl":"https:\/\/douceurdegrasse.fr\/wp-content\/uploads\/2026\/03\/Design-sans-titre-2026-03-24T142044.243.png","width":1000,"height":1000,"caption":"Cr\u00e9ation artisanale en fondants parfum\u00e9s Mono\u00ef P\u00eache, d\u00e9cor\u00e9e de fleurs sculpt\u00e9es et de papillons."},{"@type":"BreadcrumbList","@id":"https:\/\/douceurdegrasse.fr\/?product=cadre-parfume-monoi-peche#breadcrumb","itemListElement":[{"@type":"ListItem","position":1,"name":"Accueil","item":"https:\/\/douceurdegrasse.fr\/"},{"@type":"ListItem","position":2,"name":"Boutique","item":"https:\/\/darkorange-woodcock-422475.hostingersite.com\/?page_id=5"},{"@type":"ListItem","position":3,"name":"Cadre parfum\u00e9e Monoi p\u00eache 202 gr"}]},{"@type":"WebSite","@id":"https:\/\/darkorange-woodcock-422475.hostingersite.com\/#website","url":"https:\/\/darkorange-woodcock-422475.hostingersite.com\/","name":"Douceur de Grasse","description":"","publisher":{"@id":"https:\/\/darkorange-woodcock-422475.hostingersite.com\/#organization"},"potentialAction":[{"@type":"SearchAction","target":{"@type":"EntryPoint","urlTemplate":"https:\/\/darkorange-woodcock-422475.hostingersite.com\/?s={search_term_string}"},"query-input":{"@type":"PropertyValueSpecification","valueRequired":true,"valueName":"search_term_string"}}],"inLanguage":"fr-FR"},{"@type":"Organization","@id":"https:\/\/darkorange-woodcock-422475.hostingersite.com\/#organization","name":"Douceur de Grasse","url":"https:\/\/darkorange-woodcock-422475.hostingersite.com\/","logo":{"@type":"ImageObject","inLanguage":"fr-FR","@id":"https:\/\/darkorange-woodcock-422475.hostingersite.com\/#\/schema\/logo\/image\/","url":"https:\/\/douceurdegrasse.fr\/wp-content\/uploads\/2025\/08\/Douceur-de-Grasse-1.png","contentUrl":"https:\/\/douceurdegrasse.fr\/wp-content\/uploads\/2025\/08\/Douceur-de-Grasse-1.png","width":2000,"height":2000,"caption":"Douceur de Grasse"},"image":{"@id":"https:\/\/darkorange-woodcock-422475.hostingersite.com\/#\/schema\/logo\/image\/"}}]}},"jetpack_sharing_enabled":true,"_links":{"self":[{"href":"https:\/\/douceurdegrasse.fr\/index.php?rest_route=\/wp\/v2\/product\/3641","targetHints":{"allow":["GET"]}}],"collection":[{"href":"https:\/\/douceurdegrasse.fr\/index.php?rest_route=\/wp\/v2\/product"}],"about":[{"href":"https:\/\/douceurdegrasse.fr\/index.php?rest_route=\/wp\/v2\/types\/product"}],"replies":[{"embeddable":true,"href":"https:\/\/douceurdegrasse.fr\/index.php?rest_route=%2Fwp%2Fv2%2Fcomments&post=3641"}],"wp:featuredmedia":[{"embeddable":true,"href":"https:\/\/douceurdegrasse.fr\/index.php?rest_route=\/wp\/v2\/media\/3643"}],"wp:attachment":[{"href":"https:\/\/douceurdegrasse.fr\/index.php?rest_route=%2Fwp%2Fv2%2Fmedia&parent=3641"}],"wp:term":[{"taxonomy":"product_brand","embeddable":true,"href":"https:\/\/douceurdegrasse.fr\/index.php?rest_route=%2Fwp%2Fv2%2Fproduct_brand&post=3641"},{"taxonomy":"product_cat","embeddable":true,"href":"https:\/\/douceurdegrasse.fr\/index.php?rest_route=%2Fwp%2Fv2%2Fproduct_cat&post=3641"},{"taxonomy":"product_tag","embeddable":true,"href":"https:\/\/douceurdegrasse.fr\/index.php?rest_route=%2Fwp%2Fv2%2Fproduct_tag&post=3641"}],"curies":[{"name":"wp","href":"https:\/\/api.w.org\/{rel}","templated":true}]}}