{"id":3528,"date":"2026-02-24T21:38:38","date_gmt":"2026-02-24T21:38:38","guid":{"rendered":"https:\/\/douceurdegrasse.fr\/?post_type=product&#038;p=3528"},"modified":"2026-02-24T22:10:44","modified_gmt":"2026-02-24T22:10:44","slug":"bouquet-fondant-floral-coquelicot-geranium-jasmin-571g","status":"publish","type":"product","link":"https:\/\/douceurdegrasse.fr\/?product=bouquet-fondant-floral-coquelicot-geranium-jasmin-571g","title":{"rendered":"Bouquet Fondant 571 gr \u2013 Coquelicot, G\u00e9ranium, Jasmin"},"content":{"rendered":"<p><strong>Ce bouquet fondant floral de 571 g r\u00e9unit les parfums Coquelicot, G\u00e9ranium et Jasmin pour cr\u00e9er une ambiance douce, \u00e9l\u00e9gante et naturellement parfum\u00e9e.<\/strong> Fabriqu\u00e9 \u00e0 la main dans mon atelier, il offre une diffusion g\u00e9n\u00e9reuse et durable gr\u00e2ce \u00e0 une cire v\u00e9g\u00e9tale de qualit\u00e9 et des parfums de Grasse.<\/p>\n<p>Un bouquet id\u00e9al pour offrir, se faire plaisir, ou parfumer son cocon au fil des saisons.<\/p>\n<p>Pour d\u00e9couvrir d\u2019autres cr\u00e9ations parfum\u00e9es, vous pouvez visiter la cat\u00e9gorie\u00a0<strong>D\u00e9corations parfum\u00e9es<\/strong>\u00a0de la boutique :\u00a0<a href=\"https:\/\/douceurdegrasse.fr\/?product_cat=decorations-parfumees\">D\u00e9coration parfum\u00e9e artisanale \u2013 Douceur de Grasse<\/a>.<\/p>\n<p>Et pour en savoir plus sur les fragrances utilis\u00e9es, vous pouvez consulter\u00a0<strong>mes article de blog<\/strong>\u00a0:<\/p>\n<h3><strong>Coquelicot \u2014 Floral tendre<\/strong><\/h3>\n<ul>\n<li><strong>Famille olfactive :<\/strong> Floral<\/li>\n<li><strong>Notes de t\u00eate :<\/strong> Aub\u00e9pine, accord citrus<\/li>\n<li><strong>Notes de c\u0153ur :<\/strong> Rose, jasmin, violette<\/li>\n<li><strong>Notes de fond :<\/strong> Vanille, musc<\/li>\n<\/ul>\n<p><span class=\"a_GcMg font-feature-liga-off font-feature-clig-off font-feature-calt-off text-decoration-none text-strikethrough-none\">ATTENTION<\/span><\/p>\n<p>&nbsp;<\/p>\n<p><span class=\"a_GcMg font-feature-liga-off font-feature-clig-off font-feature-calt-off text-decoration-none text-strikethrough-none\">H319 :<\/span><span class=\"a_GcMg font-feature-liga-off font-feature-clig-off font-feature-calt-off text-decoration-none text-strikethrough-none\"> Provoque une s\u00e9v\u00e8re irritation des yeux<\/span><\/p>\n<p>&nbsp;<\/p>\n<p><span class=\"a_GcMg font-feature-liga-off font-feature-clig-off font-feature-calt-off text-decoration-none text-strikethrough-none\">Contient : <\/span><span class=\"a_GcMg font-feature-liga-off font-feature-clig-off font-feature-calt-off text-decoration-none text-strikethrough-none\">ALCOOL PHENYLETHYLIQUE (60-12-8), GERANIOL (140-11-4), CITRONELLOL (106-22-9), HYDROXYCITRONELLAL (107-75-5), ACETATE LINALYLE (115-95-7).<\/span><\/p>\n<p>&nbsp;<\/p>\n<p><span class=\"a_GcMg font-feature-liga-off font-feature-clig-off font-feature-calt-off text-decoration-none text-strikethrough-none\">P101 :<\/span><span class=\"a_GcMg font-feature-liga-off font-feature-clig-off font-feature-calt-off text-decoration-none text-strikethrough-none\"> En cas de consultation d\u2019un m\u00e9decin, gardez \u00e0 disposition le r\u00e9cipient ou l\u2019\u00e9tiquette &#8211;<\/span><span class=\"a_GcMg font-feature-liga-off font-feature-clig-off font-feature-calt-off text-decoration-none text-strikethrough-none\"> P102 :<\/span><span class=\"a_GcMg font-feature-liga-off font-feature-clig-off font-feature-calt-off text-decoration-none text-strikethrough-none\"> Tenir hors de port\u00e9e des enfants &#8211; <\/span><span class=\"a_GcMg font-feature-liga-off font-feature-clig-off font-feature-calt-off text-decoration-none text-strikethrough-none\">P103 :<\/span><span class=\"a_GcMg font-feature-liga-off font-feature-clig-off font-feature-calt-off text-decoration-none text-strikethrough-none\"> Lire l\u2019\u00e9tiquette avant utilisation. &#8211;<\/span> <span class=\"a_GcMg font-feature-liga-off font-feature-clig-off font-feature-calt-off text-decoration-none text-strikethrough-none\">P264 :<\/span><span class=\"a_GcMg font-feature-liga-off font-feature-clig-off font-feature-calt-off text-decoration-none text-strikethrough-none\"> Se laver &#8230; soigneusement apr\u00e8s manipulation. &#8211;<\/span><span class=\"a_GcMg font-feature-liga-off font-feature-clig-off font-feature-calt-off text-decoration-none text-strikethrough-none\"> P305+P351+P338 : <\/span><span class=\"a_GcMg font-feature-liga-off font-feature-clig-off font-feature-calt-off text-decoration-none text-strikethrough-none\">EN CAS DE CONTACT AVEC LES YEUX : Rincer avec pr\u00e9caution \u00e0 l&rsquo;eau pendant plusieurs minutes. Enlever les lentilles de contact si la victime en porte et si elles peuvent \u00eatre facilement enlev\u00e9es. Continuer \u00e0 rincer. &#8211;<\/span> <span class=\"a_GcMg font-feature-liga-off font-feature-clig-off font-feature-calt-off text-decoration-none text-strikethrough-none\">P337+P313 :<\/span><span class=\"a_GcMg font-feature-liga-off font-feature-clig-off font-feature-calt-off text-decoration-none text-strikethrough-none\"> Si l\u2019irritation oculaire persiste : consulter un m\u00e9decin.<\/span><\/p>\n<p>&nbsp;<\/p>\n<p><span class=\"a_GcMg font-feature-liga-off font-feature-clig-off font-feature-calt-off text-decoration-none text-strikethrough-none\">EUH208 Contient du :<\/span><span class=\"a_GcMg font-feature-liga-off font-feature-clig-off font-feature-calt-off text-decoration-none text-strikethrough-none\"> GERANIOL (140-11-4), CITRONELLOL (106-22-9), HYDROXYCITRONELLAL (107-75-5), LINALOL (78-70-6), ACETATE LINALYLE (115-95-7), ALDEHYDE HEXYL CINNAMIQUE (101-86-0), METHYLIONONE GAMMA (127-51-5), NERAL CRU (5392-40-5), OCTINE CARBONATE METHYLE (111-80-8). Peut produire une r\u00e9action allergique. &#8211; <\/span><span class=\"a_GcMg font-feature-liga-off font-feature-clig-off font-feature-calt-off text-decoration-none text-strikethrough-none\">EUH210 &#8211; <\/span><span class=\"a_GcMg font-feature-liga-off font-feature-clig-off font-feature-calt-off text-decoration-none text-strikethrough-none\">Fiche de donn\u00e9e de s\u00e9curit\u00e9 disponible sur demande.<\/span><\/p>\n<p>&nbsp;<\/p>\n<h3><strong>G\u00e9ranium \u2014 Frais &amp; floral<\/strong><\/h3>\n<ul>\n<li><strong>Famille olfactive :<\/strong> Frais, floral<\/li>\n<li><strong>Notes de t\u00eate :<\/strong> Menthe<\/li>\n<li><strong>Notes de c\u0153ur :<\/strong> G\u00e9ranium<\/li>\n<li><strong>Notes de fond :<\/strong> Accord floral<\/li>\n<\/ul>\n<div>\n<div>\n<div>\n<p>ATTENTION<\/p>\n<p>&nbsp;<\/p>\n<div>\n<div>\n<div>\n<p>H317 : Peut provoquer une allergie cutan\u00e9e.<\/p>\n<\/div>\n<div>\n<p>H315 : Provoque une irritation cutan\u00e9e<\/p>\n<\/div>\n<div>\n<p>H319: Provoque une s\u00e9v\u00e8re irritation des yeux.<\/p>\n<p>&nbsp;<\/p>\n<\/div>\n<\/div>\n<\/div>\n<\/div>\n<\/div>\n<\/div>\n<div>\n<div>\n<div>\n<p>Contient : CITRONELLOL (106-22-9), FORMIATE CITRONELLYLE (105-85-1), GERANIOL (106-24-1), MENTHONE (89-80-5), LINALOL (78-70-6), NERAL CRU (5392-40-5), ACETATE GERANYLE (105-87-3), PROPIONATE GERANYLE (105-90-8).<\/p>\n<p>&nbsp;<\/p>\n<\/div>\n<div>\n<div>\n<div>\n<p>P101 : En cas de consultation d\u2019un m\u00e9decin, gardez \u00e0 disposition le r\u00e9cipient ou l\u2019\u00e9tiquette &#8211; P102 : Tenir hors de port\u00e9e des enfants &#8211; P103 : Lire l\u2019\u00e9tiquette avant utilisation &#8211; P264 : Se laver &#8230; soigneusement apr\u00e8s manipulation. &#8211; P321 : Traitement sp\u00e9cifique (voir &#8230; sur cette \u00e9tiquette) &#8211; P305+P351+P338 : EN CAS DE CONTACT AVEC LES YEUX : rincer avec pr\u00e9caution \u00e0 l\u2019eau pendant plusieurs minutes. Enlever les lentilles de contact si la victime en porte et si elles peuvent \u00eatre facilement enlev\u00e9es. Continuer \u00e0 rincer. &#8211; P302 + P352 : EN CAS DE CONTACT AVEC LA PEAU : Laver abondamment \u00e0 l\u2019eau\/\u2026 &#8211; P333 + P313 : En cas d\u2019irritation\/\u00e9ruption cutan\u00e9e : Consulter un m\u00e9decin. &#8211; P337+P313 : Si l\u2019irritation oculaire persiste : consulter un m\u00e9decin.<\/p>\n<p>&nbsp;<\/p>\n<div>\n<div>\n<div>\n<p>EUH208 Contient du : CITRONELLOL (106-22-9), FORMIATE CITRONELLYLE (105-85-1), GERANIOL (106-24-1), MENTHONE (89-80-5), LINALOL (78-70-6), CARYOPHYLLENE (87-44-5), NERAL CRU (5392-40-5), ACETATE GERANYLE (105-87-3), PROPIONATE GERANYLE (105-90-8), PROPIONATE CITRONELLYLE (141-14-0). &#8211; EUH210 &#8211; Fiche de donn\u00e9e de s\u00e9curit\u00e9 disponible sur demande.<\/p>\n<p>&nbsp;<\/p>\n<\/div>\n<\/div>\n<\/div>\n<\/div>\n<\/div>\n<\/div>\n<\/div>\n<\/div>\n<h3><strong>Jasmin \u2014 Floral fruit\u00e9 &amp; envo\u00fbtant<\/strong><\/h3>\n<ul>\n<li><strong>Famille olfactive :<\/strong> Floral, fruit\u00e9, animal<\/li>\n<li><strong>Notes de t\u00eate :<\/strong> Ylang\u2011ylang, lilas<\/li>\n<li><strong>Notes de c\u0153ur :<\/strong> Jasmin, rose<\/li>\n<li><strong>Notes de fond :<\/strong> Vanille, fleur d\u2019oranger<\/li>\n<\/ul>\n<div>\n<div>\n<div>\n<p>ATTENTION<\/p>\n<p>&nbsp;<\/p>\n<\/div>\n<\/div>\n<\/div>\n<p class=\"cvGsUA direction-ltr align-justify para-style-body\"><span class=\"a_GcMg font-feature-liga-off font-feature-clig-off font-feature-calt-off text-decoration-none text-strikethrough-none\">H412 : Nocif pour les organismes aquatiques, entra\u00eene des effets n\u00e9fastes \u00e0 long terme.<\/span><\/p>\n<p class=\"cvGsUA direction-ltr align-justify para-style-body\"><span class=\"a_GcMg font-feature-liga-off font-feature-clig-off font-feature-calt-off text-decoration-none text-strikethrough-none\">H317 : Peut provoquer une allergie cutan\u00e9e.<\/span><\/p>\n<p>&nbsp;<\/p>\n<div>\n<div>\n<div>\n<p>Contient : ACETATE BENZYLE (140-11-4), ALDEHYDE AMYL CINNAMIQUE (122-40-7), SALICYLATE AMYLE (2050-08-0), ALDEHYDE HEXYL CINNAMIQUE (101-86-0), ACETATE GERANYLE (105-87-3), LINALOL (78-70-6).<\/p>\n<p>&nbsp;<\/p>\n<\/div>\n<\/div>\n<\/div>\n<div>\n<div>\n<div>\n<p>P101 : En cas de consultation d\u2019un m\u00e9decin, gardez \u00e0 disposition le r\u00e9cipient ou l\u2019\u00e9tiquette &#8211; P102 : Tenir hors de port\u00e9e des enfants &#8211; P103 : Lire l\u2019\u00e9tiquette avant utilisation &#8211; P273 &#8211; \u00c9viter le rejet dans l\u2019environnement. &#8211; P302+P352 &#8211; EN CAS DE CONTACT AVEC LA PEAU : Laver abondamment \u00e0 l\u2019eau. &#8211; P333+P313 &#8211; En cas d\u2019irritation ou d\u2019\u00e9ruption cutan\u00e9e : consulter un m\u00e9decin. &#8211; P501 &#8211; \u00c9liminer le contenu\/r\u00e9cipient dans un centre de collecte de d\u00e9chets dangereux ou sp\u00e9ciaux, conform\u00e9ment \u00e0 la r\u00e9glementation locale, r\u00e9gionale, nationale et\/ou internationale.<\/p>\n<p>&nbsp;<\/p>\n<div>\n<div>\n<div>\n<p>EUH208 &#8211; Contient du : ALDEHYDE AMYL CINNAMIQUE (122-40-7), LINALOL (78-70-6), ACETATE LINALYLE (115-95-7), ACETATE PTBCH (32210-23-4), ALDEHYDE HEXYL CINNAMIQUE (101-86-0), ACETATE GERANYLE (105-87-3), ISOEUGENOL (97-54-1), GERANIOL (106-24-1), ALCOOL ALPHA AMYL CINNAMIQUE (101-85-9), HYDROXYCITRONELLAL (107-75-5). Peut produire une r\u00e9action allergique. &#8211; EUH210 : Fiche de donn\u00e9e de s\u00e9curit\u00e9 disponible sur demande.<\/p>\n<\/div>\n<\/div>\n<\/div>\n<\/div>\n<\/div>\n<\/div>\n<h2>Conseils d\u2019utilisation<\/h2>\n<p>Pour profiter pleinement de votre\u00a0<strong>bouquet fondant floral<\/strong>, vous pouvez simplement le d\u00e9poser sur une table, une armoire ou une \u00e9tag\u00e8re. Gr\u00e2ce \u00e0 la qualit\u00e9 des fragrances, il parfume naturellement votre pi\u00e8ce pendant longtemps, m\u00eame sans \u00eatre fondu. Ensuite, lorsque son parfum s\u2019adoucit, il suffit de placer une fleurs dans votre br\u00fble\u2011parfum pour prolonger sa dur\u00e9e de vie. Ainsi, vous profitez d\u2019une cr\u00e9ation \u00e0 la fois d\u00e9corative, durable et polyvalente.<\/p>\n<h2>Composition<\/h2>\n<ul>\n<li>Cire v\u00e9g\u00e9tale europ\u00e9enne<\/li>\n<li>Parfums de Grasse\u00a0<strong>sans CMR, sans phtalates, vegan et cruelty\u2011free<\/strong>\u00a0\u2022<\/li>\n<li>Colorants adapt\u00e9s.<\/li>\n<\/ul>\n<div>\n<h2><strong>Id\u00e9al pour<\/strong><\/h2>\n<ul>\n<li>Offrir un cadeau parfum\u00e9 et original<\/li>\n<li>Cr\u00e9er une ambiance douce et florale<\/li>\n<li>Les amoureux de parfums naturels et \u00e9l\u00e9gants<\/li>\n<li>D\u00e9corer et parfumer son int\u00e9rieur sans flamme directe<\/li>\n<\/ul>\n<\/div>\n","protected":false},"excerpt":{"rendered":"<p>Bouquet fondant floral de <strong>571 g<\/strong>, m\u00ealant les parfums <strong>Coquelicot, G\u00e9ranium et Jasmin<\/strong>. Coul\u00e9 \u00e0 la main dans mon atelier avec <strong>cire v\u00e9g\u00e9tale<\/strong> et <strong>parfums de Grasse<\/strong>. Un bouquet g\u00e9n\u00e9reux, \u00e9l\u00e9gant et d\u00e9licatement parfum\u00e9 pour sublimer votre int\u00e9rieur. <strong>Prix : 30 \u20ac<\/strong><\/p>\n","protected":false},"featured_media":3529,"comment_status":"open","ping_status":"closed","template":"","meta":[],"product_brand":[],"product_cat":[174,175],"product_tag":[191,196,197,198],"class_list":{"0":"post-3528","1":"product","2":"type-product","3":"status-publish","4":"has-post-thumbnail","6":"product_cat-decorations-parfumees","7":"product_cat-nouveautes","8":"product_tag-bouquet-fondant","9":"product_tag-coquelicot","10":"product_tag-geranium","11":"product_tag-jasmin","13":"first","14":"instock","15":"shipping-taxable","16":"purchasable","17":"product-type-simple"},"yoast_head":"<!-- This site is optimized with the Yoast SEO plugin v27.4 - https:\/\/yoast.com\/product\/yoast-seo-wordpress\/ -->\n<title>Bouquet fondant floral \u2013 Coquelicot, G\u00e9ranium &amp; Jasmin \u2013 571 g<\/title>\n<meta name=\"description\" content=\"Bouquet fondant floral 571 g aux parfums Coquelicot, G\u00e9ranium et Jasmin. Fabrication artisanale, cire v\u00e9g\u00e9tale et parfums de Grasse.\" \/>\n<meta name=\"robots\" content=\"index, follow, max-snippet:-1, max-image-preview:large, max-video-preview:-1\" \/>\n<link rel=\"canonical\" href=\"https:\/\/douceurdegrasse.fr\/?product=bouquet-fondant-floral-coquelicot-geranium-jasmin-571g\" \/>\n<meta property=\"og:locale\" content=\"fr_FR\" \/>\n<meta property=\"og:type\" content=\"article\" \/>\n<meta property=\"og:title\" content=\"Bouquet fondant floral \u2013 Coquelicot, G\u00e9ranium &amp; Jasmin \u2013 571 g\" \/>\n<meta property=\"og:description\" content=\"Bouquet fondant floral 571 g aux parfums Coquelicot, G\u00e9ranium et Jasmin. Fabrication artisanale, cire v\u00e9g\u00e9tale et parfums de Grasse.\" \/>\n<meta property=\"og:url\" content=\"https:\/\/douceurdegrasse.fr\/?product=bouquet-fondant-floral-coquelicot-geranium-jasmin-571g\" \/>\n<meta property=\"og:site_name\" content=\"Douceur de Grasse\" \/>\n<meta property=\"article:modified_time\" content=\"2026-02-24T22:10:44+00:00\" \/>\n<meta property=\"og:image\" content=\"https:\/\/douceurdegrasse.fr\/wp-content\/uploads\/2026\/02\/Design-sans-titre-2026-02-24T223720.032.png\" \/>\n\t<meta property=\"og:image:width\" content=\"1000\" \/>\n\t<meta property=\"og:image:height\" content=\"1000\" \/>\n\t<meta property=\"og:image:type\" content=\"image\/png\" \/>\n<meta name=\"twitter:card\" content=\"summary_large_image\" \/>\n<meta name=\"twitter:label1\" content=\"Dur\u00e9e de lecture estim\u00e9e\" \/>\n\t<meta name=\"twitter:data1\" content=\"5 minutes\" \/>\n<script type=\"application\/ld+json\" class=\"yoast-schema-graph\">{\"@context\":\"https:\\\/\\\/schema.org\",\"@graph\":[{\"@type\":\"WebPage\",\"@id\":\"https:\\\/\\\/douceurdegrasse.fr\\\/?product=bouquet-fondant-floral-coquelicot-geranium-jasmin-571g\",\"url\":\"https:\\\/\\\/douceurdegrasse.fr\\\/?product=bouquet-fondant-floral-coquelicot-geranium-jasmin-571g\",\"name\":\"Bouquet fondant floral \u2013 Coquelicot, G\u00e9ranium & Jasmin \u2013 571 g\",\"isPartOf\":{\"@id\":\"https:\\\/\\\/darkorange-woodcock-422475.hostingersite.com\\\/#website\"},\"primaryImageOfPage\":{\"@id\":\"https:\\\/\\\/douceurdegrasse.fr\\\/?product=bouquet-fondant-floral-coquelicot-geranium-jasmin-571g#primaryimage\"},\"image\":{\"@id\":\"https:\\\/\\\/douceurdegrasse.fr\\\/?product=bouquet-fondant-floral-coquelicot-geranium-jasmin-571g#primaryimage\"},\"thumbnailUrl\":\"https:\\\/\\\/douceurdegrasse.fr\\\/wp-content\\\/uploads\\\/2026\\\/02\\\/Design-sans-titre-2026-02-24T223720.032.png\",\"datePublished\":\"2026-02-24T21:38:38+00:00\",\"dateModified\":\"2026-02-24T22:10:44+00:00\",\"description\":\"Bouquet fondant floral 571 g aux parfums Coquelicot, G\u00e9ranium et Jasmin. Fabrication artisanale, cire v\u00e9g\u00e9tale et parfums de Grasse.\",\"breadcrumb\":{\"@id\":\"https:\\\/\\\/douceurdegrasse.fr\\\/?product=bouquet-fondant-floral-coquelicot-geranium-jasmin-571g#breadcrumb\"},\"inLanguage\":\"fr-FR\",\"potentialAction\":[{\"@type\":\"ReadAction\",\"target\":[\"https:\\\/\\\/douceurdegrasse.fr\\\/?product=bouquet-fondant-floral-coquelicot-geranium-jasmin-571g\"]}]},{\"@type\":\"ImageObject\",\"inLanguage\":\"fr-FR\",\"@id\":\"https:\\\/\\\/douceurdegrasse.fr\\\/?product=bouquet-fondant-floral-coquelicot-geranium-jasmin-571g#primaryimage\",\"url\":\"https:\\\/\\\/douceurdegrasse.fr\\\/wp-content\\\/uploads\\\/2026\\\/02\\\/Design-sans-titre-2026-02-24T223720.032.png\",\"contentUrl\":\"https:\\\/\\\/douceurdegrasse.fr\\\/wp-content\\\/uploads\\\/2026\\\/02\\\/Design-sans-titre-2026-02-24T223720.032.png\",\"width\":1000,\"height\":1000,\"caption\":\"Bouquet fondant floral parfum\u00e9 au Coquelicot, G\u00e9ranium et Jasmin \u2013 fabrication artisanale.\"},{\"@type\":\"BreadcrumbList\",\"@id\":\"https:\\\/\\\/douceurdegrasse.fr\\\/?product=bouquet-fondant-floral-coquelicot-geranium-jasmin-571g#breadcrumb\",\"itemListElement\":[{\"@type\":\"ListItem\",\"position\":1,\"name\":\"Accueil\",\"item\":\"https:\\\/\\\/douceurdegrasse.fr\\\/\"},{\"@type\":\"ListItem\",\"position\":2,\"name\":\"Boutique\",\"item\":\"https:\\\/\\\/darkorange-woodcock-422475.hostingersite.com\\\/?page_id=5\"},{\"@type\":\"ListItem\",\"position\":3,\"name\":\"Bouquet Fondant 571 gr \u2013 Coquelicot, G\u00e9ranium, Jasmin\"}]},{\"@type\":\"WebSite\",\"@id\":\"https:\\\/\\\/darkorange-woodcock-422475.hostingersite.com\\\/#website\",\"url\":\"https:\\\/\\\/darkorange-woodcock-422475.hostingersite.com\\\/\",\"name\":\"Douceur de Grasse\",\"description\":\"\",\"publisher\":{\"@id\":\"https:\\\/\\\/darkorange-woodcock-422475.hostingersite.com\\\/#organization\"},\"potentialAction\":[{\"@type\":\"SearchAction\",\"target\":{\"@type\":\"EntryPoint\",\"urlTemplate\":\"https:\\\/\\\/darkorange-woodcock-422475.hostingersite.com\\\/?s={search_term_string}\"},\"query-input\":{\"@type\":\"PropertyValueSpecification\",\"valueRequired\":true,\"valueName\":\"search_term_string\"}}],\"inLanguage\":\"fr-FR\"},{\"@type\":\"Organization\",\"@id\":\"https:\\\/\\\/darkorange-woodcock-422475.hostingersite.com\\\/#organization\",\"name\":\"Douceur de Grasse\",\"url\":\"https:\\\/\\\/darkorange-woodcock-422475.hostingersite.com\\\/\",\"logo\":{\"@type\":\"ImageObject\",\"inLanguage\":\"fr-FR\",\"@id\":\"https:\\\/\\\/darkorange-woodcock-422475.hostingersite.com\\\/#\\\/schema\\\/logo\\\/image\\\/\",\"url\":\"https:\\\/\\\/douceurdegrasse.fr\\\/wp-content\\\/uploads\\\/2025\\\/08\\\/Douceur-de-Grasse-1.png\",\"contentUrl\":\"https:\\\/\\\/douceurdegrasse.fr\\\/wp-content\\\/uploads\\\/2025\\\/08\\\/Douceur-de-Grasse-1.png\",\"width\":2000,\"height\":2000,\"caption\":\"Douceur de Grasse\"},\"image\":{\"@id\":\"https:\\\/\\\/darkorange-woodcock-422475.hostingersite.com\\\/#\\\/schema\\\/logo\\\/image\\\/\"}}]}<\/script>\n<!-- \/ Yoast SEO plugin. -->","yoast_head_json":{"title":"Bouquet fondant floral \u2013 Coquelicot, G\u00e9ranium & Jasmin \u2013 571 g","description":"Bouquet fondant floral 571 g aux parfums Coquelicot, G\u00e9ranium et Jasmin. Fabrication artisanale, cire v\u00e9g\u00e9tale et parfums de Grasse.","robots":{"index":"index","follow":"follow","max-snippet":"max-snippet:-1","max-image-preview":"max-image-preview:large","max-video-preview":"max-video-preview:-1"},"canonical":"https:\/\/douceurdegrasse.fr\/?product=bouquet-fondant-floral-coquelicot-geranium-jasmin-571g","og_locale":"fr_FR","og_type":"article","og_title":"Bouquet fondant floral \u2013 Coquelicot, G\u00e9ranium & Jasmin \u2013 571 g","og_description":"Bouquet fondant floral 571 g aux parfums Coquelicot, G\u00e9ranium et Jasmin. Fabrication artisanale, cire v\u00e9g\u00e9tale et parfums de Grasse.","og_url":"https:\/\/douceurdegrasse.fr\/?product=bouquet-fondant-floral-coquelicot-geranium-jasmin-571g","og_site_name":"Douceur de Grasse","article_modified_time":"2026-02-24T22:10:44+00:00","og_image":[{"width":1000,"height":1000,"url":"https:\/\/douceurdegrasse.fr\/wp-content\/uploads\/2026\/02\/Design-sans-titre-2026-02-24T223720.032.png","type":"image\/png"}],"twitter_card":"summary_large_image","twitter_misc":{"Dur\u00e9e de lecture estim\u00e9e":"5 minutes"},"schema":{"@context":"https:\/\/schema.org","@graph":[{"@type":"WebPage","@id":"https:\/\/douceurdegrasse.fr\/?product=bouquet-fondant-floral-coquelicot-geranium-jasmin-571g","url":"https:\/\/douceurdegrasse.fr\/?product=bouquet-fondant-floral-coquelicot-geranium-jasmin-571g","name":"Bouquet fondant floral \u2013 Coquelicot, G\u00e9ranium & Jasmin \u2013 571 g","isPartOf":{"@id":"https:\/\/darkorange-woodcock-422475.hostingersite.com\/#website"},"primaryImageOfPage":{"@id":"https:\/\/douceurdegrasse.fr\/?product=bouquet-fondant-floral-coquelicot-geranium-jasmin-571g#primaryimage"},"image":{"@id":"https:\/\/douceurdegrasse.fr\/?product=bouquet-fondant-floral-coquelicot-geranium-jasmin-571g#primaryimage"},"thumbnailUrl":"https:\/\/douceurdegrasse.fr\/wp-content\/uploads\/2026\/02\/Design-sans-titre-2026-02-24T223720.032.png","datePublished":"2026-02-24T21:38:38+00:00","dateModified":"2026-02-24T22:10:44+00:00","description":"Bouquet fondant floral 571 g aux parfums Coquelicot, G\u00e9ranium et Jasmin. Fabrication artisanale, cire v\u00e9g\u00e9tale et parfums de Grasse.","breadcrumb":{"@id":"https:\/\/douceurdegrasse.fr\/?product=bouquet-fondant-floral-coquelicot-geranium-jasmin-571g#breadcrumb"},"inLanguage":"fr-FR","potentialAction":[{"@type":"ReadAction","target":["https:\/\/douceurdegrasse.fr\/?product=bouquet-fondant-floral-coquelicot-geranium-jasmin-571g"]}]},{"@type":"ImageObject","inLanguage":"fr-FR","@id":"https:\/\/douceurdegrasse.fr\/?product=bouquet-fondant-floral-coquelicot-geranium-jasmin-571g#primaryimage","url":"https:\/\/douceurdegrasse.fr\/wp-content\/uploads\/2026\/02\/Design-sans-titre-2026-02-24T223720.032.png","contentUrl":"https:\/\/douceurdegrasse.fr\/wp-content\/uploads\/2026\/02\/Design-sans-titre-2026-02-24T223720.032.png","width":1000,"height":1000,"caption":"Bouquet fondant floral parfum\u00e9 au Coquelicot, G\u00e9ranium et Jasmin \u2013 fabrication artisanale."},{"@type":"BreadcrumbList","@id":"https:\/\/douceurdegrasse.fr\/?product=bouquet-fondant-floral-coquelicot-geranium-jasmin-571g#breadcrumb","itemListElement":[{"@type":"ListItem","position":1,"name":"Accueil","item":"https:\/\/douceurdegrasse.fr\/"},{"@type":"ListItem","position":2,"name":"Boutique","item":"https:\/\/darkorange-woodcock-422475.hostingersite.com\/?page_id=5"},{"@type":"ListItem","position":3,"name":"Bouquet Fondant 571 gr \u2013 Coquelicot, G\u00e9ranium, Jasmin"}]},{"@type":"WebSite","@id":"https:\/\/darkorange-woodcock-422475.hostingersite.com\/#website","url":"https:\/\/darkorange-woodcock-422475.hostingersite.com\/","name":"Douceur de Grasse","description":"","publisher":{"@id":"https:\/\/darkorange-woodcock-422475.hostingersite.com\/#organization"},"potentialAction":[{"@type":"SearchAction","target":{"@type":"EntryPoint","urlTemplate":"https:\/\/darkorange-woodcock-422475.hostingersite.com\/?s={search_term_string}"},"query-input":{"@type":"PropertyValueSpecification","valueRequired":true,"valueName":"search_term_string"}}],"inLanguage":"fr-FR"},{"@type":"Organization","@id":"https:\/\/darkorange-woodcock-422475.hostingersite.com\/#organization","name":"Douceur de Grasse","url":"https:\/\/darkorange-woodcock-422475.hostingersite.com\/","logo":{"@type":"ImageObject","inLanguage":"fr-FR","@id":"https:\/\/darkorange-woodcock-422475.hostingersite.com\/#\/schema\/logo\/image\/","url":"https:\/\/douceurdegrasse.fr\/wp-content\/uploads\/2025\/08\/Douceur-de-Grasse-1.png","contentUrl":"https:\/\/douceurdegrasse.fr\/wp-content\/uploads\/2025\/08\/Douceur-de-Grasse-1.png","width":2000,"height":2000,"caption":"Douceur de Grasse"},"image":{"@id":"https:\/\/darkorange-woodcock-422475.hostingersite.com\/#\/schema\/logo\/image\/"}}]}},"jetpack_sharing_enabled":true,"_links":{"self":[{"href":"https:\/\/douceurdegrasse.fr\/index.php?rest_route=\/wp\/v2\/product\/3528","targetHints":{"allow":["GET"]}}],"collection":[{"href":"https:\/\/douceurdegrasse.fr\/index.php?rest_route=\/wp\/v2\/product"}],"about":[{"href":"https:\/\/douceurdegrasse.fr\/index.php?rest_route=\/wp\/v2\/types\/product"}],"replies":[{"embeddable":true,"href":"https:\/\/douceurdegrasse.fr\/index.php?rest_route=%2Fwp%2Fv2%2Fcomments&post=3528"}],"wp:featuredmedia":[{"embeddable":true,"href":"https:\/\/douceurdegrasse.fr\/index.php?rest_route=\/wp\/v2\/media\/3529"}],"wp:attachment":[{"href":"https:\/\/douceurdegrasse.fr\/index.php?rest_route=%2Fwp%2Fv2%2Fmedia&parent=3528"}],"wp:term":[{"taxonomy":"product_brand","embeddable":true,"href":"https:\/\/douceurdegrasse.fr\/index.php?rest_route=%2Fwp%2Fv2%2Fproduct_brand&post=3528"},{"taxonomy":"product_cat","embeddable":true,"href":"https:\/\/douceurdegrasse.fr\/index.php?rest_route=%2Fwp%2Fv2%2Fproduct_cat&post=3528"},{"taxonomy":"product_tag","embeddable":true,"href":"https:\/\/douceurdegrasse.fr\/index.php?rest_route=%2Fwp%2Fv2%2Fproduct_tag&post=3528"}],"curies":[{"name":"wp","href":"https:\/\/api.w.org\/{rel}","templated":true}]}}