{"id":3520,"date":"2026-02-18T15:15:53","date_gmt":"2026-02-18T15:15:53","guid":{"rendered":"https:\/\/douceurdegrasse.fr\/?post_type=product&#038;p=3520"},"modified":"2026-04-05T08:48:32","modified_gmt":"2026-04-05T08:48:32","slug":"bouquet-fondant-musc-patchouli-fleur-d-oranger","status":"publish","type":"product","link":"https:\/\/douceurdegrasse.fr\/?product=bouquet-fondant-musc-patchouli-fleur-d-oranger","title":{"rendered":"Bouquet Fondant 571 gr \u2013 Musc, patchouli, Fleur d&rsquo;oranger"},"content":{"rendered":"<h2>Un bouquet fondant musc patchouli fleur d\u2019oranger artisanal et \u00e9l\u00e9gant<\/h2>\n<p>Ce <strong>bouquet fondant musc patchouli fleur d\u2019oranger<\/strong> est une cr\u00e9ation artisanale fa\u00e7onn\u00e9e \u00e0 la main dans mon atelier Douceur de Grasse, pr\u00e8s de Valenciennes. Gr\u00e2ce \u00e0 sa composition florale et bois\u00e9e, il diffuse une ambiance chaleureuse, enveloppante et raffin\u00e9e. Contrairement aux fondants classiques, ce bouquet peut \u00eatre simplement pos\u00e9 sur une table, une armoire ou une \u00e9tag\u00e8re. Ainsi, il parfume naturellement votre int\u00e9rieur pendant longtemps, m\u00eame sans \u00eatre fondu. Ensuite, lorsque son parfum s\u2019adoucit, vous pouvez l\u2019utiliser dans un br\u00fble\u2011parfum pour prolonger sa dur\u00e9e de vie. Avec un poids g\u00e9n\u00e9reux de <strong>571 g<\/strong>, il offre une diffusion durable et une pr\u00e9sence d\u00e9corative \u00e9l\u00e9gante.<\/p>\n<p>Pour d\u00e9couvrir d\u2019autres cr\u00e9ations parfum\u00e9es, vous pouvez visiter la cat\u00e9gorie\u00a0<strong>D\u00e9corations parfum\u00e9es <\/strong>de la boutique : <a href=\"https:\/\/douceurdegrasse.fr\/?product_cat=decorations-parfumees\">D\u00e9coration parfum\u00e9e artisanale \u2013 Douceur de Grasse<\/a><\/p>\n<p>Et pour en savoir plus sur les fragrances utilis\u00e9es, vous pouvez consulter <strong>mes article de blog<\/strong> :<\/p>\n<div><\/div>\n<h2>Les parfums du bouquet fondant musc patchouli fleur d\u2019oranger<\/h2>\n<h3>Musc \u2013 douceur enveloppante<\/h3>\n<p><strong>Famille olfactive : Musqu\u00e9<\/strong> Un parfum doux, sensuel et r\u00e9confortant.<\/p>\n<ul>\n<li><strong>Notes de t\u00eate :<\/strong> Rose, cyclamen<\/li>\n<li><strong>Notes de c\u0153ur :<\/strong> Musc, f\u00e8ve tonka<\/li>\n<li><strong>Notes de fond :<\/strong> Bois de ga\u00efac, violette<\/li>\n<\/ul>\n<div>\n<div>\n<div>\n<p>H412 : Nocif pour les organismes aquatiques, entra\u00eene des effets n\u00e9fastes \u00e0 long terme.<\/p>\n<div>\n<div>\n<div>\n<p>Contient : ETHYLENE BRASSYLATE (105-95-3), ALDEHYDE CYCLAMEN (103-95-7), FIXOLIDE (1506-02-1), FLORALOZONE (67634-14-4), LIMONENE DROIT (+100) (5989-27-5), JAVANOL (198404-98-7).<\/p>\n<div>\n<div>\n<div>\n<p>P101 : En cas de consultation d\u2019un m\u00e9decin, gardez \u00e0 disposition le r\u00e9cipient ou l\u2019\u00e9tiquette &#8211; P102 : Tenir hors de port\u00e9e des enfants &#8211; P103 : Lire l\u2019\u00e9tiquette avant utilisation &#8211; P273 : \u00c9viter le rejet dans l\u2019environnement. &#8211; P501 : \u00c9liminer le contenu\/r\u00e9cipient dans un centre de collecte de d\u00e9chets dangereux ou sp\u00e9ciaux, conform\u00e9ment \u00e0 la r\u00e9glementation locale, r\u00e9gionale, nationale et\/ou internationale.<\/p>\n<div>\n<div>\n<div>\n<p>EUH208 Contient du : LINALOL (78-70-6), COUMARINE (91-64-5), ALDEHYDE CYCLAMEN (103-95-7), GERANIOL (106-24-1), CITRONELLOL (106-22-9), FLORALOZONE (67634-14-4), ACETATE LINALYLE (115-95-7), LIMONENE DROIT (+100) (5989-27-5), HELIOTROPINE (120-57-0), ALCOOL CINNAMIQUE (104-54-1). &#8211; EUH210 &#8211; Fiche de donn\u00e9e de s\u00e9curit\u00e9 disponible sur demande.<\/p>\n<\/div>\n<\/div>\n<\/div>\n<\/div>\n<\/div>\n<\/div>\n<\/div>\n<\/div>\n<\/div>\n<\/div>\n<\/div>\n<\/div>\n<h3>Patchouli \u2013 bois\u00e9 profond<\/h3>\n<p><strong>Famille olfactive : Bois\u00e9<\/strong> Une fragrance chaude, terreuse et \u00e9l\u00e9gante.<\/p>\n<ul>\n<li><strong>Notes de t\u00eate :<\/strong> Bois de ga\u00efac<\/li>\n<li><strong>Notes de c\u0153ur :<\/strong> Patchouli, santal<\/li>\n<li><strong>Notes de fond :<\/strong> Musc, vanille<\/li>\n<\/ul>\n<div>\n<div>\n<div>\n<p>ATTENTION<\/p>\n<\/div>\n<\/div>\n<\/div>\n<div>\n<div>\n<div>\n<p>H317 : Peut provoquer une allergie cutan\u00e9e.<\/p>\n<\/div>\n<div>\n<p>H411 : Toxique pour les organismes aquatiques, entra\u00eene des effets n\u00e9fastes \u00e0 long terme.<\/p>\n<div>\n<div>\n<div>\n<p>Contient : PATCHOULY FONCE ESSENCE (84238-39-1), Patchouli alcohol (5986-55-0), ACETATE NOPYLE (128-51-8), FIXOLIDE (1506-02-1), ISOBORNYL CYCLOHEXANOL (3407-42-9), alpha-Cedrene (469-61-4), beta-Cedrene (546-28-1).<\/p>\n<div>\n<div>\n<div>\n<p>P101 : En cas de consultation d\u2019un m\u00e9decin, gardez \u00e0 disposition le r\u00e9cipient ou l\u2019\u00e9tiquette &#8211; P102 : Tenir hors de port\u00e9e des enfants &#8211; P103 : Lire l\u2019\u00e9tiquette avant utilisation &#8211; P273 : \u00c9viter le rejet dans l\u2019environnement. &#8211; P302 + P352 : EN CAS DE CONTACT AVEC LA PEAU : Laver abondamment \u00e0 l\u2019eau\/\u2026 &#8211; P333 + P313 : En cas d\u2019irritation\/\u00e9ruption cutan\u00e9e : Consulter un m\u00e9decin. &#8211; P501 : \u00c9liminer le contenu\/r\u00e9cipient dans un centre de collecte de d\u00e9chets dangereux ou sp\u00e9ciaux, conform\u00e9ment \u00e0 la r\u00e9glementation locale, r\u00e9gionale, nationale et\/ou internationale.<\/p>\n<div>\n<div>\n<div>\n<p>EUH208 Contient du : PATCHOULY FONCE ESSENCE (84238-39-1), BETA CARYOPHYLLENE (87-44-5), COUMARINE (91-64-5), ACETATE NOPYLE (128-51-8). Peut produire une r\u00e9action allergique. &#8211; EUH210 : Fiche de donn\u00e9e de s\u00e9curit\u00e9 disponible sur demande.<\/p>\n<\/div>\n<\/div>\n<\/div>\n<\/div>\n<\/div>\n<\/div>\n<\/div>\n<\/div>\n<\/div>\n<\/div>\n<\/div>\n<\/div>\n<h3>Fleur d\u2019oranger \u2013 floral lumineux<\/h3>\n<p>Un parfum doux, apaisant et l\u00e9g\u00e8rement sucr\u00e9.<\/p>\n<ul>\n<li><strong>Notes de t\u00eate :<\/strong> Fleur d\u2019oranger<\/li>\n<li><strong>Notes de c\u0153ur :<\/strong> Citron, n\u00e9roli<\/li>\n<li><strong>Notes de fond :<\/strong> N\u00e9roli<\/li>\n<\/ul>\n<div>\n<div>\n<div>\n<div>\n<p>ATTENTION<\/p>\n<\/div>\n<\/div>\n<\/div>\n<\/div>\n<div>\n<div>\n<div>\n<p>H317 : Peut provoquer une allergie cutan\u00e9e.<\/p>\n<div>\n<div>\n<div>\n<p>Contient : ACETATE LINALYLE (115-95-7).<\/p>\n<\/div>\n<\/div>\n<\/div>\n<\/div>\n<div>\n<div>\n<div>\n<p>P101 : En cas de consultation d\u2019un m\u00e9decin, gardez \u00e0 disposition le r\u00e9cipient ou l\u2019\u00e9tiquette &#8211; P102 : Tenir hors de port\u00e9e des enfants &#8211; P103 : Lire l\u2019\u00e9tiquette avant utilisation &#8211; P302+P352 &#8211; EN CAS DE CONTACT AVEC LA PEAU : Laver abondamment \u00e0 l\u2019eau. &#8211; P333+P313 &#8211; En cas d\u2019irritation ou d\u2019\u00e9ruption cutan\u00e9e : consulter un m\u00e9decin.<\/p>\n<div>\n<div>\n<div>\n<p>EUH208 &#8211; Contient du : ACETATE LINALYLE (115-95-7), PETITGRAIN PARAGUAY ESSENCE (72968-50-4), NEROL (106-25-2), LINALOL (78-70-6), GERANIOL (106-24-1), ACETATE GERANYLE (105-87-3). Peut produire une r\u00e9action allergique. &#8211; EUH210 : Fiche de donn\u00e9e de s\u00e9curit\u00e9 disponible sur demande.<\/p>\n<\/div>\n<\/div>\n<\/div>\n<\/div>\n<\/div>\n<\/div>\n<\/div>\n<\/div>\n<h2>Conseils d\u2019utilisation<\/h2>\n<p>Pour profiter pleinement de votre <strong>bouquet fondant musc patchouli fleur d\u2019oranger<\/strong>, vous pouvez simplement le d\u00e9poser dans votre pi\u00e8ce. Gr\u00e2ce \u00e0 la qualit\u00e9 des fragrances, il diffuse naturellement son parfum pendant plusieurs semaines. Ensuite, lorsque l\u2019odeur devient plus douce, placez une ou plusieurs fleurs dans votre br\u00fble\u2011parfum pour continuer \u00e0 en profiter. Ainsi, ce bouquet est \u00e0 la fois d\u00e9coratif, durable et polyvalent.<\/p>\n<h2>Composition<\/h2>\n<ul>\n<li>Cire v\u00e9g\u00e9tale europ\u00e9enne<\/li>\n<li>Parfums de Grasse <strong>sans CMR, sans phtalates, vegan et cruelty\u2011free<\/strong><\/li>\n<li>Colorants adapt\u00e9s.<\/li>\n<\/ul>\n","protected":false},"excerpt":{"rendered":"<p>Bouquet fondant artisanal au musc, patchouli et fleur d\u2019oranger. Parfum durable, d\u00e9coratif et \u00e9l\u00e9gant, \u00e0 poser ou \u00e0 faire fondre selon vos envies.<\/p>\n","protected":false},"featured_media":3521,"comment_status":"open","ping_status":"closed","template":"","meta":[],"product_brand":[],"product_cat":[174],"product_tag":[191,195,138,194],"class_list":{"0":"post-3520","1":"product","2":"type-product","3":"status-publish","4":"has-post-thumbnail","6":"product_cat-decorations-parfumees","7":"product_tag-bouquet-fondant","8":"product_tag-fleur-doranger","9":"product_tag-musc","10":"product_tag-patchouli","12":"first","13":"outofstock","14":"shipping-taxable","15":"purchasable","16":"product-type-simple"},"yoast_head":"<!-- This site is optimized with the Yoast SEO plugin v27.4 - https:\/\/yoast.com\/product\/yoast-seo-wordpress\/ -->\n<title>Bouquet fondant musc patchouli fleur d\u2019oranger \u2013 Artisanal<\/title>\n<meta name=\"description\" content=\"Bouquet fondant musc patchouli fleur d\u2019oranger artisanal. Parfum durable, d\u00e9coratif et fait main dans mon atelier pr\u00e8s de Valenciennes.\" \/>\n<meta name=\"robots\" content=\"index, follow, max-snippet:-1, max-image-preview:large, max-video-preview:-1\" \/>\n<link rel=\"canonical\" href=\"https:\/\/douceurdegrasse.fr\/?product=bouquet-fondant-musc-patchouli-fleur-d-oranger\" \/>\n<meta property=\"og:locale\" content=\"fr_FR\" \/>\n<meta property=\"og:type\" content=\"article\" \/>\n<meta property=\"og:title\" content=\"Bouquet fondant musc patchouli fleur d\u2019oranger \u2013 Artisanal\" \/>\n<meta property=\"og:description\" content=\"Bouquet fondant musc patchouli fleur d\u2019oranger artisanal. Parfum durable, d\u00e9coratif et fait main dans mon atelier pr\u00e8s de Valenciennes.\" \/>\n<meta property=\"og:url\" content=\"https:\/\/douceurdegrasse.fr\/?product=bouquet-fondant-musc-patchouli-fleur-d-oranger\" \/>\n<meta property=\"og:site_name\" content=\"Douceur de Grasse\" \/>\n<meta property=\"article:modified_time\" content=\"2026-04-05T08:48:32+00:00\" \/>\n<meta property=\"og:image\" content=\"https:\/\/douceurdegrasse.fr\/wp-content\/uploads\/2026\/02\/Design-sans-titre-2026-02-18T161222.859.png\" \/>\n\t<meta property=\"og:image:width\" content=\"1000\" \/>\n\t<meta property=\"og:image:height\" content=\"1000\" \/>\n\t<meta property=\"og:image:type\" content=\"image\/png\" \/>\n<meta name=\"twitter:card\" content=\"summary_large_image\" \/>\n<meta name=\"twitter:label1\" content=\"Dur\u00e9e de lecture estim\u00e9e\" \/>\n\t<meta name=\"twitter:data1\" content=\"4 minutes\" \/>\n<script type=\"application\/ld+json\" class=\"yoast-schema-graph\">{\"@context\":\"https:\\\/\\\/schema.org\",\"@graph\":[{\"@type\":\"WebPage\",\"@id\":\"https:\\\/\\\/douceurdegrasse.fr\\\/?product=bouquet-fondant-musc-patchouli-fleur-d-oranger\",\"url\":\"https:\\\/\\\/douceurdegrasse.fr\\\/?product=bouquet-fondant-musc-patchouli-fleur-d-oranger\",\"name\":\"Bouquet fondant musc patchouli fleur d\u2019oranger \u2013 Artisanal\",\"isPartOf\":{\"@id\":\"https:\\\/\\\/darkorange-woodcock-422475.hostingersite.com\\\/#website\"},\"primaryImageOfPage\":{\"@id\":\"https:\\\/\\\/douceurdegrasse.fr\\\/?product=bouquet-fondant-musc-patchouli-fleur-d-oranger#primaryimage\"},\"image\":{\"@id\":\"https:\\\/\\\/douceurdegrasse.fr\\\/?product=bouquet-fondant-musc-patchouli-fleur-d-oranger#primaryimage\"},\"thumbnailUrl\":\"https:\\\/\\\/douceurdegrasse.fr\\\/wp-content\\\/uploads\\\/2026\\\/02\\\/Design-sans-titre-2026-02-18T161222.859.png\",\"datePublished\":\"2026-02-18T15:15:53+00:00\",\"dateModified\":\"2026-04-05T08:48:32+00:00\",\"description\":\"Bouquet fondant musc patchouli fleur d\u2019oranger artisanal. Parfum durable, d\u00e9coratif et fait main dans mon atelier pr\u00e8s de Valenciennes.\",\"breadcrumb\":{\"@id\":\"https:\\\/\\\/douceurdegrasse.fr\\\/?product=bouquet-fondant-musc-patchouli-fleur-d-oranger#breadcrumb\"},\"inLanguage\":\"fr-FR\",\"potentialAction\":[{\"@type\":\"ReadAction\",\"target\":[\"https:\\\/\\\/douceurdegrasse.fr\\\/?product=bouquet-fondant-musc-patchouli-fleur-d-oranger\"]}]},{\"@type\":\"ImageObject\",\"inLanguage\":\"fr-FR\",\"@id\":\"https:\\\/\\\/douceurdegrasse.fr\\\/?product=bouquet-fondant-musc-patchouli-fleur-d-oranger#primaryimage\",\"url\":\"https:\\\/\\\/douceurdegrasse.fr\\\/wp-content\\\/uploads\\\/2026\\\/02\\\/Design-sans-titre-2026-02-18T161222.859.png\",\"contentUrl\":\"https:\\\/\\\/douceurdegrasse.fr\\\/wp-content\\\/uploads\\\/2026\\\/02\\\/Design-sans-titre-2026-02-18T161222.859.png\",\"width\":1000,\"height\":1000,\"caption\":\"Bouquet fondant artisanal musc, patchouli et fleur d\u2019oranger.\"},{\"@type\":\"BreadcrumbList\",\"@id\":\"https:\\\/\\\/douceurdegrasse.fr\\\/?product=bouquet-fondant-musc-patchouli-fleur-d-oranger#breadcrumb\",\"itemListElement\":[{\"@type\":\"ListItem\",\"position\":1,\"name\":\"Accueil\",\"item\":\"https:\\\/\\\/douceurdegrasse.fr\\\/\"},{\"@type\":\"ListItem\",\"position\":2,\"name\":\"Boutique\",\"item\":\"https:\\\/\\\/darkorange-woodcock-422475.hostingersite.com\\\/?page_id=5\"},{\"@type\":\"ListItem\",\"position\":3,\"name\":\"Bouquet Fondant 571 gr \u2013 Musc, patchouli, Fleur d&rsquo;oranger\"}]},{\"@type\":\"WebSite\",\"@id\":\"https:\\\/\\\/darkorange-woodcock-422475.hostingersite.com\\\/#website\",\"url\":\"https:\\\/\\\/darkorange-woodcock-422475.hostingersite.com\\\/\",\"name\":\"Douceur de Grasse\",\"description\":\"\",\"publisher\":{\"@id\":\"https:\\\/\\\/darkorange-woodcock-422475.hostingersite.com\\\/#organization\"},\"potentialAction\":[{\"@type\":\"SearchAction\",\"target\":{\"@type\":\"EntryPoint\",\"urlTemplate\":\"https:\\\/\\\/darkorange-woodcock-422475.hostingersite.com\\\/?s={search_term_string}\"},\"query-input\":{\"@type\":\"PropertyValueSpecification\",\"valueRequired\":true,\"valueName\":\"search_term_string\"}}],\"inLanguage\":\"fr-FR\"},{\"@type\":\"Organization\",\"@id\":\"https:\\\/\\\/darkorange-woodcock-422475.hostingersite.com\\\/#organization\",\"name\":\"Douceur de Grasse\",\"url\":\"https:\\\/\\\/darkorange-woodcock-422475.hostingersite.com\\\/\",\"logo\":{\"@type\":\"ImageObject\",\"inLanguage\":\"fr-FR\",\"@id\":\"https:\\\/\\\/darkorange-woodcock-422475.hostingersite.com\\\/#\\\/schema\\\/logo\\\/image\\\/\",\"url\":\"https:\\\/\\\/douceurdegrasse.fr\\\/wp-content\\\/uploads\\\/2025\\\/08\\\/Douceur-de-Grasse-1.png\",\"contentUrl\":\"https:\\\/\\\/douceurdegrasse.fr\\\/wp-content\\\/uploads\\\/2025\\\/08\\\/Douceur-de-Grasse-1.png\",\"width\":2000,\"height\":2000,\"caption\":\"Douceur de Grasse\"},\"image\":{\"@id\":\"https:\\\/\\\/darkorange-woodcock-422475.hostingersite.com\\\/#\\\/schema\\\/logo\\\/image\\\/\"}}]}<\/script>\n<!-- \/ Yoast SEO plugin. -->","yoast_head_json":{"title":"Bouquet fondant musc patchouli fleur d\u2019oranger \u2013 Artisanal","description":"Bouquet fondant musc patchouli fleur d\u2019oranger artisanal. Parfum durable, d\u00e9coratif et fait main dans mon atelier pr\u00e8s de Valenciennes.","robots":{"index":"index","follow":"follow","max-snippet":"max-snippet:-1","max-image-preview":"max-image-preview:large","max-video-preview":"max-video-preview:-1"},"canonical":"https:\/\/douceurdegrasse.fr\/?product=bouquet-fondant-musc-patchouli-fleur-d-oranger","og_locale":"fr_FR","og_type":"article","og_title":"Bouquet fondant musc patchouli fleur d\u2019oranger \u2013 Artisanal","og_description":"Bouquet fondant musc patchouli fleur d\u2019oranger artisanal. Parfum durable, d\u00e9coratif et fait main dans mon atelier pr\u00e8s de Valenciennes.","og_url":"https:\/\/douceurdegrasse.fr\/?product=bouquet-fondant-musc-patchouli-fleur-d-oranger","og_site_name":"Douceur de Grasse","article_modified_time":"2026-04-05T08:48:32+00:00","og_image":[{"width":1000,"height":1000,"url":"https:\/\/douceurdegrasse.fr\/wp-content\/uploads\/2026\/02\/Design-sans-titre-2026-02-18T161222.859.png","type":"image\/png"}],"twitter_card":"summary_large_image","twitter_misc":{"Dur\u00e9e de lecture estim\u00e9e":"4 minutes"},"schema":{"@context":"https:\/\/schema.org","@graph":[{"@type":"WebPage","@id":"https:\/\/douceurdegrasse.fr\/?product=bouquet-fondant-musc-patchouli-fleur-d-oranger","url":"https:\/\/douceurdegrasse.fr\/?product=bouquet-fondant-musc-patchouli-fleur-d-oranger","name":"Bouquet fondant musc patchouli fleur d\u2019oranger \u2013 Artisanal","isPartOf":{"@id":"https:\/\/darkorange-woodcock-422475.hostingersite.com\/#website"},"primaryImageOfPage":{"@id":"https:\/\/douceurdegrasse.fr\/?product=bouquet-fondant-musc-patchouli-fleur-d-oranger#primaryimage"},"image":{"@id":"https:\/\/douceurdegrasse.fr\/?product=bouquet-fondant-musc-patchouli-fleur-d-oranger#primaryimage"},"thumbnailUrl":"https:\/\/douceurdegrasse.fr\/wp-content\/uploads\/2026\/02\/Design-sans-titre-2026-02-18T161222.859.png","datePublished":"2026-02-18T15:15:53+00:00","dateModified":"2026-04-05T08:48:32+00:00","description":"Bouquet fondant musc patchouli fleur d\u2019oranger artisanal. Parfum durable, d\u00e9coratif et fait main dans mon atelier pr\u00e8s de Valenciennes.","breadcrumb":{"@id":"https:\/\/douceurdegrasse.fr\/?product=bouquet-fondant-musc-patchouli-fleur-d-oranger#breadcrumb"},"inLanguage":"fr-FR","potentialAction":[{"@type":"ReadAction","target":["https:\/\/douceurdegrasse.fr\/?product=bouquet-fondant-musc-patchouli-fleur-d-oranger"]}]},{"@type":"ImageObject","inLanguage":"fr-FR","@id":"https:\/\/douceurdegrasse.fr\/?product=bouquet-fondant-musc-patchouli-fleur-d-oranger#primaryimage","url":"https:\/\/douceurdegrasse.fr\/wp-content\/uploads\/2026\/02\/Design-sans-titre-2026-02-18T161222.859.png","contentUrl":"https:\/\/douceurdegrasse.fr\/wp-content\/uploads\/2026\/02\/Design-sans-titre-2026-02-18T161222.859.png","width":1000,"height":1000,"caption":"Bouquet fondant artisanal musc, patchouli et fleur d\u2019oranger."},{"@type":"BreadcrumbList","@id":"https:\/\/douceurdegrasse.fr\/?product=bouquet-fondant-musc-patchouli-fleur-d-oranger#breadcrumb","itemListElement":[{"@type":"ListItem","position":1,"name":"Accueil","item":"https:\/\/douceurdegrasse.fr\/"},{"@type":"ListItem","position":2,"name":"Boutique","item":"https:\/\/darkorange-woodcock-422475.hostingersite.com\/?page_id=5"},{"@type":"ListItem","position":3,"name":"Bouquet Fondant 571 gr \u2013 Musc, patchouli, Fleur d&rsquo;oranger"}]},{"@type":"WebSite","@id":"https:\/\/darkorange-woodcock-422475.hostingersite.com\/#website","url":"https:\/\/darkorange-woodcock-422475.hostingersite.com\/","name":"Douceur de Grasse","description":"","publisher":{"@id":"https:\/\/darkorange-woodcock-422475.hostingersite.com\/#organization"},"potentialAction":[{"@type":"SearchAction","target":{"@type":"EntryPoint","urlTemplate":"https:\/\/darkorange-woodcock-422475.hostingersite.com\/?s={search_term_string}"},"query-input":{"@type":"PropertyValueSpecification","valueRequired":true,"valueName":"search_term_string"}}],"inLanguage":"fr-FR"},{"@type":"Organization","@id":"https:\/\/darkorange-woodcock-422475.hostingersite.com\/#organization","name":"Douceur de Grasse","url":"https:\/\/darkorange-woodcock-422475.hostingersite.com\/","logo":{"@type":"ImageObject","inLanguage":"fr-FR","@id":"https:\/\/darkorange-woodcock-422475.hostingersite.com\/#\/schema\/logo\/image\/","url":"https:\/\/douceurdegrasse.fr\/wp-content\/uploads\/2025\/08\/Douceur-de-Grasse-1.png","contentUrl":"https:\/\/douceurdegrasse.fr\/wp-content\/uploads\/2025\/08\/Douceur-de-Grasse-1.png","width":2000,"height":2000,"caption":"Douceur de Grasse"},"image":{"@id":"https:\/\/darkorange-woodcock-422475.hostingersite.com\/#\/schema\/logo\/image\/"}}]}},"jetpack_sharing_enabled":true,"_links":{"self":[{"href":"https:\/\/douceurdegrasse.fr\/index.php?rest_route=\/wp\/v2\/product\/3520","targetHints":{"allow":["GET"]}}],"collection":[{"href":"https:\/\/douceurdegrasse.fr\/index.php?rest_route=\/wp\/v2\/product"}],"about":[{"href":"https:\/\/douceurdegrasse.fr\/index.php?rest_route=\/wp\/v2\/types\/product"}],"replies":[{"embeddable":true,"href":"https:\/\/douceurdegrasse.fr\/index.php?rest_route=%2Fwp%2Fv2%2Fcomments&post=3520"}],"wp:featuredmedia":[{"embeddable":true,"href":"https:\/\/douceurdegrasse.fr\/index.php?rest_route=\/wp\/v2\/media\/3521"}],"wp:attachment":[{"href":"https:\/\/douceurdegrasse.fr\/index.php?rest_route=%2Fwp%2Fv2%2Fmedia&parent=3520"}],"wp:term":[{"taxonomy":"product_brand","embeddable":true,"href":"https:\/\/douceurdegrasse.fr\/index.php?rest_route=%2Fwp%2Fv2%2Fproduct_brand&post=3520"},{"taxonomy":"product_cat","embeddable":true,"href":"https:\/\/douceurdegrasse.fr\/index.php?rest_route=%2Fwp%2Fv2%2Fproduct_cat&post=3520"},{"taxonomy":"product_tag","embeddable":true,"href":"https:\/\/douceurdegrasse.fr\/index.php?rest_route=%2Fwp%2Fv2%2Fproduct_tag&post=3520"}],"curies":[{"name":"wp","href":"https:\/\/api.w.org\/{rel}","templated":true}]}}