{"id":3517,"date":"2026-02-18T14:24:22","date_gmt":"2026-02-18T14:24:22","guid":{"rendered":"https:\/\/douceurdegrasse.fr\/?post_type=product&#038;p=3517"},"modified":"2026-04-05T08:49:01","modified_gmt":"2026-04-05T08:49:01","slug":"bouquet-fondant-floral-lilas-violette-fleur-de-coton-cerisier","status":"publish","type":"product","link":"https:\/\/douceurdegrasse.fr\/?product=bouquet-fondant-floral-lilas-violette-fleur-de-coton-cerisier","title":{"rendered":"Bouquet Fondant 571 gr \u2013 Lilas, Violette, Fleur de Coton, Fleur de Cerisier"},"content":{"rendered":"<p>Ce <strong>bouquet fondant floral<\/strong> est une cr\u00e9ation artisanale fa\u00e7onn\u00e9e \u00e0 la main dans mon atelier Douceur de Grasse, pr\u00e8s de Valenciennes. D\u00e8s les premiers instants, il diffuse une ambiance douce et florale gr\u00e2ce \u00e0 ses quatre parfums embl\u00e9matiques : lilas, violette, fleur de coton et fleur de cerisier. Ainsi, il apporte une touche d\u00e9corative \u00e9l\u00e9gante tout en parfumant d\u00e9licatement votre int\u00e9rieur.<\/p>\n<p><strong>Contrairement aux fondants classiques, ce bouquet fondant floral peut \u00eatre simplement pos\u00e9 sur une table, une armoire ou une \u00e9tag\u00e8re.<\/strong> Gr\u00e2ce \u00e0 sa composition et \u00e0 la qualit\u00e9 des fragrances, il parfume naturellement votre pi\u00e8ce pendant longtemps, m\u00eame sans \u00eatre fondu. Ensuite, lorsque son parfum s\u2019adoucit, vous pouvez l\u2019utiliser dans un br\u00fble\u2011parfum pour prolonger encore sa dur\u00e9e de vie. C\u2019est donc une cr\u00e9ation \u00e0 la fois d\u00e9corative, durable et polyvalente.<\/p>\n<p>Pour d\u00e9couvrir d\u2019autres cr\u00e9ations parfum\u00e9es, vous pouvez visiter la cat\u00e9gorie\u00a0<strong>D\u00e9corations parfum\u00e9es<\/strong> de la boutique : <a href=\"https:\/\/douceurdegrasse.fr\/?product_cat=decorations-parfumees\">D\u00e9coration parfum\u00e9e artisanale \u2013 Douceur de Grasse<\/a>. Et pour en savoir plus sur les fragrances utilis\u00e9es, vous pouvez consulter <strong>mes article de blog<\/strong> :<\/p>\n<p>Les parfums du bouquet fondant floral<\/p>\n<h3>Lilas \u2013 douceur poudr\u00e9e<\/h3>\n<p>Un parfum tendre et l\u00e9g\u00e8rement poudr\u00e9 qui \u00e9voque les jardins de printemps.<\/p>\n<ul>\n<li><strong>Notes de t\u00eate :<\/strong> Amande douce<\/li>\n<li><strong>Notes de c\u0153ur :<\/strong> Anis, accord aqueux<\/li>\n<li><strong>Notes de fond :<\/strong> Lilas, styrax<\/li>\n<\/ul>\n<div>\n<div>\n<div>\n<p>P101 : En cas de consultation d\u2019un m\u00e9decin, gardez \u00e0 disposition le r\u00e9cipient ou l\u2019\u00e9tiquette &#8211; P102 : Tenir hors de port\u00e9e des enfants &#8211; P103 : Lire l\u2019\u00e9tiquette avant utilisation.<\/p>\n<div>\n<div>\n<div>\n<p>EUH208 &#8211; Contient du : MAYOL (13828-37-0), HYDROXYCITRONELLAL (107-75-5), FLORALOZONE (67634-14-4), LINALOL (78-70-6), ISOEUGENOL (97-54-1). Peut produire une r\u00e9action allergique. &#8211; EUH210 : Fiche de donn\u00e9e de s\u00e9curit\u00e9 disponible sur demande.<\/p>\n<\/div>\n<\/div>\n<\/div>\n<\/div>\n<\/div>\n<\/div>\n<h3>Violette \u2013 floral d\u00e9licat<\/h3>\n<p>Une senteur douce, \u00e9l\u00e9gante et nostalgique, parfaite pour une ambiance apaisante.<\/p>\n<ul>\n<li><strong>Notes de t\u00eate :<\/strong> Aub\u00e9pine<\/li>\n<li><strong>Notes de c\u0153ur :<\/strong> Violette<\/li>\n<li><strong>Notes de fond :<\/strong> H\u00e9liotrope<\/li>\n<\/ul>\n<div>\n<div>\n<div>\n<p>P101 : En cas de consultation d\u2019un m\u00e9decin, gardez \u00e0 disposition le r\u00e9cipient ou l\u2019\u00e9tiquette &#8211; P102 : Tenir hors de port\u00e9e des enfants &#8211; P103 : Lire l\u2019\u00e9tiquette avant utilisation.<\/p>\n<div>\n<div>\n<div>\n<p>EUH208 &#8211; Contient du : ACETATE ANISYLE (104-21-2), FOLIONE (111-12-6), OCTINE CARBONATE METHYLE (111-80-8). Peut produire une r\u00e9action allergique. &#8211; EUH210 : Fiche de donn\u00e9e de s\u00e9curit\u00e9 disponible sur demande.<\/p>\n<\/div>\n<\/div>\n<\/div>\n<\/div>\n<\/div>\n<\/div>\n<h3>Fleur de Coton \u2013 cocooning apaisant<\/h3>\n<p>Une fragrance propre, enveloppante et r\u00e9confortante, id\u00e9ale pour cr\u00e9er une atmosph\u00e8re douce.<\/p>\n<ul>\n<li><strong>Notes de t\u00eate :<\/strong> Accord lact\u00e9, iris<\/li>\n<li><strong>Notes de c\u0153ur :<\/strong> Rose, h\u00e9liotrope<\/li>\n<li><strong>Notes de fond :<\/strong> Bois blanc, musc, vanille<\/li>\n<\/ul>\n<div>\n<div>\n<div>\n<p>ATTENTION<\/p>\n<\/div>\n<\/div>\n<\/div>\n<div>\n<div>\n<div>\n<p>H317 : Peut provoquer une allergie cutan\u00e9e.<\/p>\n<\/div>\n<\/div>\n<\/div>\n<div>\n<div>\n<div>\n<p>Contient : \u00b7METHYLIONONE GAMMA (127-51-5), LINALOL (78-70-6), ACETATE CEDRYLE (77-54-3).<\/p>\n<div>\n<div>\n<div>\n<p>P101 : En cas de consultation d\u2019un m\u00e9decin, gardez \u00e0 disposition le r\u00e9cipient ou l\u2019\u00e9tiquette &#8211; P102 : Tenir hors de port\u00e9e des enfants &#8211; P103 : Lire l\u2019\u00e9tiquette avant utilisation. &#8211; P302 + P352 : EN CAS DE CONTACT AVEC LA PEAU : Laver abondamment \u00e0 l\u2019eau\/\u2026 &#8211; P333 + P313 : En cas d\u2019irritation\/\u00e9ruption cutan\u00e9e : Consulter un m\u00e9decin.<\/p>\n<div>\n<div>\n<div>\n<p>EUH208 Contient du : METHYLIONONE GAMMA (127-51-5), LINALOL (78-70-6), ACETATE CEDRYLE (77-54-3), CITRONELLOL (106-22-9), COUMARINE (91-64-5), HYDROXYCITRONELLAL (107-75-5), ACETATE CARYOPHYLENYLE (57082-24-3), PENTALIDE (106-02-5), GERANIOL (106-24-1), NEROL (106-25-2), HELIOTROPINE (120-57-0). &#8211; EUH210 &#8211; Fiche de donn\u00e9e de s\u00e9curit\u00e9 disponible sur demande.<\/p>\n<\/div>\n<\/div>\n<\/div>\n<\/div>\n<\/div>\n<\/div>\n<\/div>\n<\/div>\n<\/div>\n<h3>Fleur de Cerisier \u2013 floral lumineux<\/h3>\n<p>Un parfum floral l\u00e9g\u00e8rement fruit\u00e9, lumineux et d\u00e9licatement sucr\u00e9.<\/p>\n<ul>\n<li><strong>Notes de t\u00eate :<\/strong> Rose, menthe, accord aromatique<\/li>\n<li><strong>Notes de c\u0153ur :<\/strong> Fleur de cerisier, p\u00eache, jasmin<\/li>\n<li><strong>Notes de fond :<\/strong> Musc, accord bois\u00e9, vanille, coconut<\/li>\n<\/ul>\n<div>\n<div>\n<div>\n<p>ATTENTION<\/p>\n<div>\n<div>\n<div>\n<p>H411 : Toxique pour les organismes aquatiques, entra\u00eene des effets n\u00e9fastes \u00e0 long terme.<\/p>\n<div>\n<div>\n<div>\n<p>Contient : VERTILIONE (32388-55-9), GALAXOLIDE (1222-05-5), ALDEHYDE HEXYL CINNAMIQUE (101-86-0), SALICYLATE CIS 3 HEXENYL (65405-77-8), METHYLIONONE GAMMA (127-51-5), ISO E SUPER (54464-57-2), CYCLACET (2500-83-6).<\/p>\n<div>\n<div>\n<div>\n<p>P101 : En cas de consultation d\u2019un m\u00e9decin, gardez \u00e0 disposition le r\u00e9cipient ou l\u2019\u00e9tiquette &#8211; P102 : Tenir hors de port\u00e9e des enfants &#8211; P103 : Lire l\u2019\u00e9tiquette avant utilisation &#8211; P273 : \u00c9viter le rejet dans l\u2019environnement. &#8211; P391 : Recueillir le produit r\u00e9pandu. &#8211; P501 : \u00c9liminer le contenu\/r\u00e9cipient dans un centre de collecte de d\u00e9chets dangereux ou sp\u00e9ciaux, conform\u00e9ment \u00e0 la r\u00e9glementation locale, r\u00e9gionale, nationale et\/ou internationale.<\/p>\n<div>\n<div>\n<div>\n<p>EUH208 Contient du : VERTILIONE (32388-55-9), ALDEHYDE HEXYL CINNAMIQUE (101-86-0), LINALOL (78-70-6), CITRONELLOL (106-22-9), METHYLIONONE GAMMA (127-51-5), ISO E SUPER (54464-57-2), FORMIATE CARYOPHYLLENYLE (58096-46-1). Peut produire une r\u00e9action allergique. &#8211; EUH210 : Fiche de donn\u00e9e de s\u00e9curit\u00e9 disponible sur demande.<\/p>\n<\/div>\n<\/div>\n<\/div>\n<\/div>\n<\/div>\n<\/div>\n<\/div>\n<\/div>\n<\/div>\n<\/div>\n<\/div>\n<\/div>\n<\/div>\n<\/div>\n<\/div>\n<h2>Conseils d\u2019utilisation<\/h2>\n<p>Pour profiter pleinement de votre <strong>bouquet fondant floral<\/strong>, vous pouvez simplement le d\u00e9poser sur une table, une armoire ou une \u00e9tag\u00e8re. Gr\u00e2ce \u00e0 la qualit\u00e9 des fragrances, il parfume naturellement votre pi\u00e8ce pendant longtemps, m\u00eame sans \u00eatre fondu. Ensuite, lorsque son parfum s\u2019adoucit, il suffit de placer une fleurs dans votre br\u00fble\u2011parfum pour prolonger sa dur\u00e9e de vie. Ainsi, vous profitez d\u2019une cr\u00e9ation \u00e0 la fois d\u00e9corative, durable et polyvalente.<\/p>\n<h2>Composition<\/h2>\n<ul>\n<li>Cire v\u00e9g\u00e9tale europ\u00e9enne<\/li>\n<li>Parfums de Grasse <strong>sans CMR, sans phtalates, vegan et cruelty\u2011free<\/strong> \u2022<\/li>\n<li>Colorants adapt\u00e9s.<\/li>\n<\/ul>\n","protected":false},"excerpt":{"rendered":"<p>Un <strong>bouquet fondant floral<\/strong> fa\u00e7onn\u00e9 \u00e0 la main dans mon atelier pr\u00e8s de Valenciennes. Un m\u00e9lange d\u00e9licat de lilas, violette, fleur de coton et fleur de cerisier pour parfumer votre int\u00e9rieur avec douceur. Fragrances sans CMR, sans phtalates, vegan et cruelty\u2011free.<\/p>\n","protected":false},"featured_media":3518,"comment_status":"open","ping_status":"closed","template":"","meta":[],"product_brand":[],"product_cat":[174],"product_tag":[191,187,143,192,193],"class_list":{"0":"post-3517","1":"product","2":"type-product","3":"status-publish","4":"has-post-thumbnail","6":"product_cat-decorations-parfumees","7":"product_tag-bouquet-fondant","8":"product_tag-fleur-de-cerisier","9":"product_tag-fleur-de-coton","10":"product_tag-lilas","11":"product_tag-violette","13":"first","14":"outofstock","15":"shipping-taxable","16":"product-type-simple"},"yoast_head":"<!-- This site is optimized with the Yoast SEO plugin v27.4 - https:\/\/yoast.com\/product\/yoast-seo-wordpress\/ -->\n<title>Bouquet fondant floral \u2013 Lilas, Violette, Coton &amp; Cerisier<\/title>\n<meta name=\"description\" content=\"Bouquet fondant artisanal aux parfums lilas, violette, fleur de coton et cerisier. Cr\u00e9ation florale faite main pr\u00e8s de Valenciennes.\" \/>\n<meta name=\"robots\" content=\"index, follow, max-snippet:-1, max-image-preview:large, max-video-preview:-1\" \/>\n<link rel=\"canonical\" href=\"https:\/\/douceurdegrasse.fr\/?product=bouquet-fondant-floral-lilas-violette-fleur-de-coton-cerisier\" \/>\n<meta property=\"og:locale\" content=\"fr_FR\" \/>\n<meta property=\"og:type\" content=\"article\" \/>\n<meta property=\"og:title\" content=\"Bouquet fondant floral \u2013 Lilas, Violette, Coton &amp; Cerisier\" \/>\n<meta property=\"og:description\" content=\"Bouquet fondant artisanal aux parfums lilas, violette, fleur de coton et cerisier. Cr\u00e9ation florale faite main pr\u00e8s de Valenciennes.\" \/>\n<meta property=\"og:url\" content=\"https:\/\/douceurdegrasse.fr\/?product=bouquet-fondant-floral-lilas-violette-fleur-de-coton-cerisier\" \/>\n<meta property=\"og:site_name\" content=\"Douceur de Grasse\" \/>\n<meta property=\"article:modified_time\" content=\"2026-04-05T08:49:01+00:00\" \/>\n<meta property=\"og:image\" content=\"https:\/\/douceurdegrasse.fr\/wp-content\/uploads\/2026\/02\/Design-sans-titre-2026-02-18T152225.687.png\" \/>\n\t<meta property=\"og:image:width\" content=\"1000\" \/>\n\t<meta property=\"og:image:height\" content=\"1000\" \/>\n\t<meta property=\"og:image:type\" content=\"image\/png\" \/>\n<meta name=\"twitter:card\" content=\"summary_large_image\" \/>\n<meta name=\"twitter:label1\" content=\"Dur\u00e9e de lecture estim\u00e9e\" \/>\n\t<meta name=\"twitter:data1\" content=\"4 minutes\" \/>\n<script type=\"application\/ld+json\" class=\"yoast-schema-graph\">{\"@context\":\"https:\\\/\\\/schema.org\",\"@graph\":[{\"@type\":\"WebPage\",\"@id\":\"https:\\\/\\\/douceurdegrasse.fr\\\/?product=bouquet-fondant-floral-lilas-violette-fleur-de-coton-cerisier\",\"url\":\"https:\\\/\\\/douceurdegrasse.fr\\\/?product=bouquet-fondant-floral-lilas-violette-fleur-de-coton-cerisier\",\"name\":\"Bouquet fondant floral \u2013 Lilas, Violette, Coton & Cerisier\",\"isPartOf\":{\"@id\":\"https:\\\/\\\/darkorange-woodcock-422475.hostingersite.com\\\/#website\"},\"primaryImageOfPage\":{\"@id\":\"https:\\\/\\\/douceurdegrasse.fr\\\/?product=bouquet-fondant-floral-lilas-violette-fleur-de-coton-cerisier#primaryimage\"},\"image\":{\"@id\":\"https:\\\/\\\/douceurdegrasse.fr\\\/?product=bouquet-fondant-floral-lilas-violette-fleur-de-coton-cerisier#primaryimage\"},\"thumbnailUrl\":\"https:\\\/\\\/douceurdegrasse.fr\\\/wp-content\\\/uploads\\\/2026\\\/02\\\/Design-sans-titre-2026-02-18T152225.687.png\",\"datePublished\":\"2026-02-18T14:24:22+00:00\",\"dateModified\":\"2026-04-05T08:49:01+00:00\",\"description\":\"Bouquet fondant artisanal aux parfums lilas, violette, fleur de coton et cerisier. Cr\u00e9ation florale faite main pr\u00e8s de Valenciennes.\",\"breadcrumb\":{\"@id\":\"https:\\\/\\\/douceurdegrasse.fr\\\/?product=bouquet-fondant-floral-lilas-violette-fleur-de-coton-cerisier#breadcrumb\"},\"inLanguage\":\"fr-FR\",\"potentialAction\":[{\"@type\":\"ReadAction\",\"target\":[\"https:\\\/\\\/douceurdegrasse.fr\\\/?product=bouquet-fondant-floral-lilas-violette-fleur-de-coton-cerisier\"]}]},{\"@type\":\"ImageObject\",\"inLanguage\":\"fr-FR\",\"@id\":\"https:\\\/\\\/douceurdegrasse.fr\\\/?product=bouquet-fondant-floral-lilas-violette-fleur-de-coton-cerisier#primaryimage\",\"url\":\"https:\\\/\\\/douceurdegrasse.fr\\\/wp-content\\\/uploads\\\/2026\\\/02\\\/Design-sans-titre-2026-02-18T152225.687.png\",\"contentUrl\":\"https:\\\/\\\/douceurdegrasse.fr\\\/wp-content\\\/uploads\\\/2026\\\/02\\\/Design-sans-titre-2026-02-18T152225.687.png\",\"width\":1000,\"height\":1000,\"caption\":\"Bouquet fondant floral artisanal \u2013 Lilas, Violette, Fleur de Coton et Cerisier.\"},{\"@type\":\"BreadcrumbList\",\"@id\":\"https:\\\/\\\/douceurdegrasse.fr\\\/?product=bouquet-fondant-floral-lilas-violette-fleur-de-coton-cerisier#breadcrumb\",\"itemListElement\":[{\"@type\":\"ListItem\",\"position\":1,\"name\":\"Accueil\",\"item\":\"https:\\\/\\\/douceurdegrasse.fr\\\/\"},{\"@type\":\"ListItem\",\"position\":2,\"name\":\"Boutique\",\"item\":\"https:\\\/\\\/darkorange-woodcock-422475.hostingersite.com\\\/?page_id=5\"},{\"@type\":\"ListItem\",\"position\":3,\"name\":\"Bouquet Fondant 571 gr \u2013 Lilas, Violette, Fleur de Coton, Fleur de Cerisier\"}]},{\"@type\":\"WebSite\",\"@id\":\"https:\\\/\\\/darkorange-woodcock-422475.hostingersite.com\\\/#website\",\"url\":\"https:\\\/\\\/darkorange-woodcock-422475.hostingersite.com\\\/\",\"name\":\"Douceur de Grasse\",\"description\":\"\",\"publisher\":{\"@id\":\"https:\\\/\\\/darkorange-woodcock-422475.hostingersite.com\\\/#organization\"},\"potentialAction\":[{\"@type\":\"SearchAction\",\"target\":{\"@type\":\"EntryPoint\",\"urlTemplate\":\"https:\\\/\\\/darkorange-woodcock-422475.hostingersite.com\\\/?s={search_term_string}\"},\"query-input\":{\"@type\":\"PropertyValueSpecification\",\"valueRequired\":true,\"valueName\":\"search_term_string\"}}],\"inLanguage\":\"fr-FR\"},{\"@type\":\"Organization\",\"@id\":\"https:\\\/\\\/darkorange-woodcock-422475.hostingersite.com\\\/#organization\",\"name\":\"Douceur de Grasse\",\"url\":\"https:\\\/\\\/darkorange-woodcock-422475.hostingersite.com\\\/\",\"logo\":{\"@type\":\"ImageObject\",\"inLanguage\":\"fr-FR\",\"@id\":\"https:\\\/\\\/darkorange-woodcock-422475.hostingersite.com\\\/#\\\/schema\\\/logo\\\/image\\\/\",\"url\":\"https:\\\/\\\/douceurdegrasse.fr\\\/wp-content\\\/uploads\\\/2025\\\/08\\\/Douceur-de-Grasse-1.png\",\"contentUrl\":\"https:\\\/\\\/douceurdegrasse.fr\\\/wp-content\\\/uploads\\\/2025\\\/08\\\/Douceur-de-Grasse-1.png\",\"width\":2000,\"height\":2000,\"caption\":\"Douceur de Grasse\"},\"image\":{\"@id\":\"https:\\\/\\\/darkorange-woodcock-422475.hostingersite.com\\\/#\\\/schema\\\/logo\\\/image\\\/\"}}]}<\/script>\n<!-- \/ Yoast SEO plugin. -->","yoast_head_json":{"title":"Bouquet fondant floral \u2013 Lilas, Violette, Coton & Cerisier","description":"Bouquet fondant artisanal aux parfums lilas, violette, fleur de coton et cerisier. Cr\u00e9ation florale faite main pr\u00e8s de Valenciennes.","robots":{"index":"index","follow":"follow","max-snippet":"max-snippet:-1","max-image-preview":"max-image-preview:large","max-video-preview":"max-video-preview:-1"},"canonical":"https:\/\/douceurdegrasse.fr\/?product=bouquet-fondant-floral-lilas-violette-fleur-de-coton-cerisier","og_locale":"fr_FR","og_type":"article","og_title":"Bouquet fondant floral \u2013 Lilas, Violette, Coton & Cerisier","og_description":"Bouquet fondant artisanal aux parfums lilas, violette, fleur de coton et cerisier. Cr\u00e9ation florale faite main pr\u00e8s de Valenciennes.","og_url":"https:\/\/douceurdegrasse.fr\/?product=bouquet-fondant-floral-lilas-violette-fleur-de-coton-cerisier","og_site_name":"Douceur de Grasse","article_modified_time":"2026-04-05T08:49:01+00:00","og_image":[{"width":1000,"height":1000,"url":"https:\/\/douceurdegrasse.fr\/wp-content\/uploads\/2026\/02\/Design-sans-titre-2026-02-18T152225.687.png","type":"image\/png"}],"twitter_card":"summary_large_image","twitter_misc":{"Dur\u00e9e de lecture estim\u00e9e":"4 minutes"},"schema":{"@context":"https:\/\/schema.org","@graph":[{"@type":"WebPage","@id":"https:\/\/douceurdegrasse.fr\/?product=bouquet-fondant-floral-lilas-violette-fleur-de-coton-cerisier","url":"https:\/\/douceurdegrasse.fr\/?product=bouquet-fondant-floral-lilas-violette-fleur-de-coton-cerisier","name":"Bouquet fondant floral \u2013 Lilas, Violette, Coton & Cerisier","isPartOf":{"@id":"https:\/\/darkorange-woodcock-422475.hostingersite.com\/#website"},"primaryImageOfPage":{"@id":"https:\/\/douceurdegrasse.fr\/?product=bouquet-fondant-floral-lilas-violette-fleur-de-coton-cerisier#primaryimage"},"image":{"@id":"https:\/\/douceurdegrasse.fr\/?product=bouquet-fondant-floral-lilas-violette-fleur-de-coton-cerisier#primaryimage"},"thumbnailUrl":"https:\/\/douceurdegrasse.fr\/wp-content\/uploads\/2026\/02\/Design-sans-titre-2026-02-18T152225.687.png","datePublished":"2026-02-18T14:24:22+00:00","dateModified":"2026-04-05T08:49:01+00:00","description":"Bouquet fondant artisanal aux parfums lilas, violette, fleur de coton et cerisier. Cr\u00e9ation florale faite main pr\u00e8s de Valenciennes.","breadcrumb":{"@id":"https:\/\/douceurdegrasse.fr\/?product=bouquet-fondant-floral-lilas-violette-fleur-de-coton-cerisier#breadcrumb"},"inLanguage":"fr-FR","potentialAction":[{"@type":"ReadAction","target":["https:\/\/douceurdegrasse.fr\/?product=bouquet-fondant-floral-lilas-violette-fleur-de-coton-cerisier"]}]},{"@type":"ImageObject","inLanguage":"fr-FR","@id":"https:\/\/douceurdegrasse.fr\/?product=bouquet-fondant-floral-lilas-violette-fleur-de-coton-cerisier#primaryimage","url":"https:\/\/douceurdegrasse.fr\/wp-content\/uploads\/2026\/02\/Design-sans-titre-2026-02-18T152225.687.png","contentUrl":"https:\/\/douceurdegrasse.fr\/wp-content\/uploads\/2026\/02\/Design-sans-titre-2026-02-18T152225.687.png","width":1000,"height":1000,"caption":"Bouquet fondant floral artisanal \u2013 Lilas, Violette, Fleur de Coton et Cerisier."},{"@type":"BreadcrumbList","@id":"https:\/\/douceurdegrasse.fr\/?product=bouquet-fondant-floral-lilas-violette-fleur-de-coton-cerisier#breadcrumb","itemListElement":[{"@type":"ListItem","position":1,"name":"Accueil","item":"https:\/\/douceurdegrasse.fr\/"},{"@type":"ListItem","position":2,"name":"Boutique","item":"https:\/\/darkorange-woodcock-422475.hostingersite.com\/?page_id=5"},{"@type":"ListItem","position":3,"name":"Bouquet Fondant 571 gr \u2013 Lilas, Violette, Fleur de Coton, Fleur de Cerisier"}]},{"@type":"WebSite","@id":"https:\/\/darkorange-woodcock-422475.hostingersite.com\/#website","url":"https:\/\/darkorange-woodcock-422475.hostingersite.com\/","name":"Douceur de Grasse","description":"","publisher":{"@id":"https:\/\/darkorange-woodcock-422475.hostingersite.com\/#organization"},"potentialAction":[{"@type":"SearchAction","target":{"@type":"EntryPoint","urlTemplate":"https:\/\/darkorange-woodcock-422475.hostingersite.com\/?s={search_term_string}"},"query-input":{"@type":"PropertyValueSpecification","valueRequired":true,"valueName":"search_term_string"}}],"inLanguage":"fr-FR"},{"@type":"Organization","@id":"https:\/\/darkorange-woodcock-422475.hostingersite.com\/#organization","name":"Douceur de Grasse","url":"https:\/\/darkorange-woodcock-422475.hostingersite.com\/","logo":{"@type":"ImageObject","inLanguage":"fr-FR","@id":"https:\/\/darkorange-woodcock-422475.hostingersite.com\/#\/schema\/logo\/image\/","url":"https:\/\/douceurdegrasse.fr\/wp-content\/uploads\/2025\/08\/Douceur-de-Grasse-1.png","contentUrl":"https:\/\/douceurdegrasse.fr\/wp-content\/uploads\/2025\/08\/Douceur-de-Grasse-1.png","width":2000,"height":2000,"caption":"Douceur de Grasse"},"image":{"@id":"https:\/\/darkorange-woodcock-422475.hostingersite.com\/#\/schema\/logo\/image\/"}}]}},"jetpack_sharing_enabled":true,"_links":{"self":[{"href":"https:\/\/douceurdegrasse.fr\/index.php?rest_route=\/wp\/v2\/product\/3517","targetHints":{"allow":["GET"]}}],"collection":[{"href":"https:\/\/douceurdegrasse.fr\/index.php?rest_route=\/wp\/v2\/product"}],"about":[{"href":"https:\/\/douceurdegrasse.fr\/index.php?rest_route=\/wp\/v2\/types\/product"}],"replies":[{"embeddable":true,"href":"https:\/\/douceurdegrasse.fr\/index.php?rest_route=%2Fwp%2Fv2%2Fcomments&post=3517"}],"wp:featuredmedia":[{"embeddable":true,"href":"https:\/\/douceurdegrasse.fr\/index.php?rest_route=\/wp\/v2\/media\/3518"}],"wp:attachment":[{"href":"https:\/\/douceurdegrasse.fr\/index.php?rest_route=%2Fwp%2Fv2%2Fmedia&parent=3517"}],"wp:term":[{"taxonomy":"product_brand","embeddable":true,"href":"https:\/\/douceurdegrasse.fr\/index.php?rest_route=%2Fwp%2Fv2%2Fproduct_brand&post=3517"},{"taxonomy":"product_cat","embeddable":true,"href":"https:\/\/douceurdegrasse.fr\/index.php?rest_route=%2Fwp%2Fv2%2Fproduct_cat&post=3517"},{"taxonomy":"product_tag","embeddable":true,"href":"https:\/\/douceurdegrasse.fr\/index.php?rest_route=%2Fwp%2Fv2%2Fproduct_tag&post=3517"}],"curies":[{"name":"wp","href":"https:\/\/api.w.org\/{rel}","templated":true}]}}