{"id":2543,"date":"2025-09-03T17:48:51","date_gmt":"2025-09-03T17:48:51","guid":{"rendered":"https:\/\/douceurdegrasse.fr\/?post_type=product&#038;p=2543"},"modified":"2026-03-28T09:53:49","modified_gmt":"2026-03-28T09:53:49","slug":"brume-doreiller-parfumee-100ml","status":"publish","type":"product","link":"https:\/\/douceurdegrasse.fr\/?product=brume-doreiller-parfumee-100ml","title":{"rendered":"Brume d\u2019oreiller parfum\u00e9e 100ml"},"content":{"rendered":"<h2>Une invitation \u00e0 la s\u00e9r\u00e9nit\u00e9<\/h2>\n<p>D\u00e9couvrez les \u00ab\u00a0Brumes d\u2019oreillers parfum\u00e9es\u00a0\u00bb de d\u00e9licates compositions artisanales qui transforme vos nuits en une exp\u00e9rience apaisante et relaxante. Parfaite pour instaurer votre rituel du coucher, ces brume vous enveloppe dans une ambiance calme et douce gr\u00e2ce \u00e0 ses parfums uniques. Avec un simple geste, vaporisez la s\u00e9r\u00e9nit\u00e9 directement sur vos draps, oreillers ou textiles, et pr\u00e9parez-vous \u00e0 un sommeil r\u00e9parateur empreint de tranquillit\u00e9.<\/p>\n<h2>Usage simple pour des bienfaits durables<\/h2>\n<p>Les \u00ab\u00a0Brumes d\u2019oreillers parfum\u00e9es\u00a0\u00bb sont facile \u00e0 utiliser. Secouez toujours le flacon avant application pour homog\u00e9n\u00e9iser sa pr\u00e9paration. Vaporisez l\u00e9g\u00e8rement sur vos textiles : linge de maison, oreillers, rideaux ou autres surfaces en tissu. De fabrication artisanale fran\u00e7aise, ces brumes t\u00e9moignent de notre engagement \u00e0 offrir des produits de qualit\u00e9 et de proximit\u00e9.<\/p>\n<p>Transformez le moment du coucher en un incontournable rituel de relaxation gr\u00e2ce \u00e0 cette brume irr\u00e9sistible \u2013 votre premier pas vers des nuits empreintes de s\u00e9r\u00e9nit\u00e9.<\/p>\n","protected":false},"excerpt":{"rendered":"<p><strong>Secouez, vaporisez, d\u00e9tendez-vous.<\/strong> Des brumes d\u00e9licate, apaisante et relaxante pour envelopper vos nuits de douceur.<\/p>\n","protected":false},"featured_media":2549,"comment_status":"open","ping_status":"closed","template":"","meta":[],"product_brand":[],"product_cat":[111],"product_tag":[125],"class_list":{"0":"post-2543","1":"product","2":"type-product","3":"status-publish","4":"has-post-thumbnail","6":"product_cat-parfums-d-ambiance","7":"product_tag-brume-classique","9":"first","10":"instock","11":"shipping-taxable","12":"purchasable","13":"product-type-variable"},"yoast_head":"<!-- This site is optimized with the Yoast SEO plugin v27.4 - https:\/\/yoast.com\/product\/yoast-seo-wordpress\/ -->\n<title>Brume d\u2019oreiller parfum\u00e9e 100ml - Douceur de Grasse<\/title>\n<meta name=\"robots\" content=\"index, follow, max-snippet:-1, max-image-preview:large, max-video-preview:-1\" \/>\n<link rel=\"canonical\" href=\"https:\/\/douceurdegrasse.fr\/?product=brume-doreiller-parfumee-100ml\" \/>\n<meta property=\"og:locale\" content=\"fr_FR\" \/>\n<meta property=\"og:type\" content=\"article\" \/>\n<meta property=\"og:title\" content=\"Brume d\u2019oreiller parfum\u00e9e 100ml - Douceur de Grasse\" \/>\n<meta property=\"og:description\" content=\"Secouez, vaporisez, d\u00e9tendez-vous. Des brumes d\u00e9licate, apaisante et relaxante pour envelopper vos nuits de douceur.\" \/>\n<meta property=\"og:url\" content=\"https:\/\/douceurdegrasse.fr\/?product=brume-doreiller-parfumee-100ml\" \/>\n<meta property=\"og:site_name\" content=\"Douceur de Grasse\" \/>\n<meta property=\"article:modified_time\" content=\"2026-03-28T09:53:49+00:00\" \/>\n<meta property=\"og:image\" content=\"https:\/\/douceurdegrasse.fr\/wp-content\/uploads\/2025\/09\/20250903_194035-scaled.jpg\" \/>\n\t<meta property=\"og:image:width\" content=\"1920\" \/>\n\t<meta property=\"og:image:height\" content=\"2560\" \/>\n\t<meta property=\"og:image:type\" content=\"image\/jpeg\" \/>\n<meta name=\"twitter:card\" content=\"summary_large_image\" \/>\n<meta name=\"twitter:label1\" content=\"Dur\u00e9e de lecture estim\u00e9e\" \/>\n\t<meta name=\"twitter:data1\" content=\"1 minute\" \/>\n<script type=\"application\/ld+json\" class=\"yoast-schema-graph\">{\"@context\":\"https:\\\/\\\/schema.org\",\"@graph\":[{\"@type\":\"WebPage\",\"@id\":\"https:\\\/\\\/douceurdegrasse.fr\\\/?product=brume-doreiller-parfumee-100ml\",\"url\":\"https:\\\/\\\/douceurdegrasse.fr\\\/?product=brume-doreiller-parfumee-100ml\",\"name\":\"Brume d\u2019oreiller parfum\u00e9e 100ml - Douceur de Grasse\",\"isPartOf\":{\"@id\":\"https:\\\/\\\/darkorange-woodcock-422475.hostingersite.com\\\/#website\"},\"primaryImageOfPage\":{\"@id\":\"https:\\\/\\\/douceurdegrasse.fr\\\/?product=brume-doreiller-parfumee-100ml#primaryimage\"},\"image\":{\"@id\":\"https:\\\/\\\/douceurdegrasse.fr\\\/?product=brume-doreiller-parfumee-100ml#primaryimage\"},\"thumbnailUrl\":\"https:\\\/\\\/douceurdegrasse.fr\\\/wp-content\\\/uploads\\\/2025\\\/09\\\/20250903_194035-scaled.jpg\",\"datePublished\":\"2025-09-03T17:48:51+00:00\",\"dateModified\":\"2026-03-28T09:53:49+00:00\",\"breadcrumb\":{\"@id\":\"https:\\\/\\\/douceurdegrasse.fr\\\/?product=brume-doreiller-parfumee-100ml#breadcrumb\"},\"inLanguage\":\"fr-FR\",\"potentialAction\":[{\"@type\":\"ReadAction\",\"target\":[\"https:\\\/\\\/douceurdegrasse.fr\\\/?product=brume-doreiller-parfumee-100ml\"]}]},{\"@type\":\"ImageObject\",\"inLanguage\":\"fr-FR\",\"@id\":\"https:\\\/\\\/douceurdegrasse.fr\\\/?product=brume-doreiller-parfumee-100ml#primaryimage\",\"url\":\"https:\\\/\\\/douceurdegrasse.fr\\\/wp-content\\\/uploads\\\/2025\\\/09\\\/20250903_194035-scaled.jpg\",\"contentUrl\":\"https:\\\/\\\/douceurdegrasse.fr\\\/wp-content\\\/uploads\\\/2025\\\/09\\\/20250903_194035-scaled.jpg\",\"width\":1920,\"height\":2560},{\"@type\":\"BreadcrumbList\",\"@id\":\"https:\\\/\\\/douceurdegrasse.fr\\\/?product=brume-doreiller-parfumee-100ml#breadcrumb\",\"itemListElement\":[{\"@type\":\"ListItem\",\"position\":1,\"name\":\"Accueil\",\"item\":\"https:\\\/\\\/douceurdegrasse.fr\\\/\"},{\"@type\":\"ListItem\",\"position\":2,\"name\":\"Boutique\",\"item\":\"https:\\\/\\\/darkorange-woodcock-422475.hostingersite.com\\\/?page_id=5\"},{\"@type\":\"ListItem\",\"position\":3,\"name\":\"Brume d\u2019oreiller parfum\u00e9e 100ml\"}]},{\"@type\":\"WebSite\",\"@id\":\"https:\\\/\\\/darkorange-woodcock-422475.hostingersite.com\\\/#website\",\"url\":\"https:\\\/\\\/darkorange-woodcock-422475.hostingersite.com\\\/\",\"name\":\"Douceur de Grasse\",\"description\":\"\",\"publisher\":{\"@id\":\"https:\\\/\\\/darkorange-woodcock-422475.hostingersite.com\\\/#organization\"},\"potentialAction\":[{\"@type\":\"SearchAction\",\"target\":{\"@type\":\"EntryPoint\",\"urlTemplate\":\"https:\\\/\\\/darkorange-woodcock-422475.hostingersite.com\\\/?s={search_term_string}\"},\"query-input\":{\"@type\":\"PropertyValueSpecification\",\"valueRequired\":true,\"valueName\":\"search_term_string\"}}],\"inLanguage\":\"fr-FR\"},{\"@type\":\"Organization\",\"@id\":\"https:\\\/\\\/darkorange-woodcock-422475.hostingersite.com\\\/#organization\",\"name\":\"Douceur de Grasse\",\"url\":\"https:\\\/\\\/darkorange-woodcock-422475.hostingersite.com\\\/\",\"logo\":{\"@type\":\"ImageObject\",\"inLanguage\":\"fr-FR\",\"@id\":\"https:\\\/\\\/darkorange-woodcock-422475.hostingersite.com\\\/#\\\/schema\\\/logo\\\/image\\\/\",\"url\":\"https:\\\/\\\/douceurdegrasse.fr\\\/wp-content\\\/uploads\\\/2025\\\/08\\\/Douceur-de-Grasse-1.png\",\"contentUrl\":\"https:\\\/\\\/douceurdegrasse.fr\\\/wp-content\\\/uploads\\\/2025\\\/08\\\/Douceur-de-Grasse-1.png\",\"width\":2000,\"height\":2000,\"caption\":\"Douceur de Grasse\"},\"image\":{\"@id\":\"https:\\\/\\\/darkorange-woodcock-422475.hostingersite.com\\\/#\\\/schema\\\/logo\\\/image\\\/\"}}]}<\/script>\n<!-- \/ Yoast SEO plugin. -->","yoast_head_json":{"title":"Brume d\u2019oreiller parfum\u00e9e 100ml - Douceur de Grasse","robots":{"index":"index","follow":"follow","max-snippet":"max-snippet:-1","max-image-preview":"max-image-preview:large","max-video-preview":"max-video-preview:-1"},"canonical":"https:\/\/douceurdegrasse.fr\/?product=brume-doreiller-parfumee-100ml","og_locale":"fr_FR","og_type":"article","og_title":"Brume d\u2019oreiller parfum\u00e9e 100ml - Douceur de Grasse","og_description":"Secouez, vaporisez, d\u00e9tendez-vous. Des brumes d\u00e9licate, apaisante et relaxante pour envelopper vos nuits de douceur.","og_url":"https:\/\/douceurdegrasse.fr\/?product=brume-doreiller-parfumee-100ml","og_site_name":"Douceur de Grasse","article_modified_time":"2026-03-28T09:53:49+00:00","og_image":[{"width":1920,"height":2560,"url":"https:\/\/douceurdegrasse.fr\/wp-content\/uploads\/2025\/09\/20250903_194035-scaled.jpg","type":"image\/jpeg"}],"twitter_card":"summary_large_image","twitter_misc":{"Dur\u00e9e de lecture estim\u00e9e":"1 minute"},"schema":{"@context":"https:\/\/schema.org","@graph":[{"@type":"WebPage","@id":"https:\/\/douceurdegrasse.fr\/?product=brume-doreiller-parfumee-100ml","url":"https:\/\/douceurdegrasse.fr\/?product=brume-doreiller-parfumee-100ml","name":"Brume d\u2019oreiller parfum\u00e9e 100ml - Douceur de Grasse","isPartOf":{"@id":"https:\/\/darkorange-woodcock-422475.hostingersite.com\/#website"},"primaryImageOfPage":{"@id":"https:\/\/douceurdegrasse.fr\/?product=brume-doreiller-parfumee-100ml#primaryimage"},"image":{"@id":"https:\/\/douceurdegrasse.fr\/?product=brume-doreiller-parfumee-100ml#primaryimage"},"thumbnailUrl":"https:\/\/douceurdegrasse.fr\/wp-content\/uploads\/2025\/09\/20250903_194035-scaled.jpg","datePublished":"2025-09-03T17:48:51+00:00","dateModified":"2026-03-28T09:53:49+00:00","breadcrumb":{"@id":"https:\/\/douceurdegrasse.fr\/?product=brume-doreiller-parfumee-100ml#breadcrumb"},"inLanguage":"fr-FR","potentialAction":[{"@type":"ReadAction","target":["https:\/\/douceurdegrasse.fr\/?product=brume-doreiller-parfumee-100ml"]}]},{"@type":"ImageObject","inLanguage":"fr-FR","@id":"https:\/\/douceurdegrasse.fr\/?product=brume-doreiller-parfumee-100ml#primaryimage","url":"https:\/\/douceurdegrasse.fr\/wp-content\/uploads\/2025\/09\/20250903_194035-scaled.jpg","contentUrl":"https:\/\/douceurdegrasse.fr\/wp-content\/uploads\/2025\/09\/20250903_194035-scaled.jpg","width":1920,"height":2560},{"@type":"BreadcrumbList","@id":"https:\/\/douceurdegrasse.fr\/?product=brume-doreiller-parfumee-100ml#breadcrumb","itemListElement":[{"@type":"ListItem","position":1,"name":"Accueil","item":"https:\/\/douceurdegrasse.fr\/"},{"@type":"ListItem","position":2,"name":"Boutique","item":"https:\/\/darkorange-woodcock-422475.hostingersite.com\/?page_id=5"},{"@type":"ListItem","position":3,"name":"Brume d\u2019oreiller parfum\u00e9e 100ml"}]},{"@type":"WebSite","@id":"https:\/\/darkorange-woodcock-422475.hostingersite.com\/#website","url":"https:\/\/darkorange-woodcock-422475.hostingersite.com\/","name":"Douceur de Grasse","description":"","publisher":{"@id":"https:\/\/darkorange-woodcock-422475.hostingersite.com\/#organization"},"potentialAction":[{"@type":"SearchAction","target":{"@type":"EntryPoint","urlTemplate":"https:\/\/darkorange-woodcock-422475.hostingersite.com\/?s={search_term_string}"},"query-input":{"@type":"PropertyValueSpecification","valueRequired":true,"valueName":"search_term_string"}}],"inLanguage":"fr-FR"},{"@type":"Organization","@id":"https:\/\/darkorange-woodcock-422475.hostingersite.com\/#organization","name":"Douceur de Grasse","url":"https:\/\/darkorange-woodcock-422475.hostingersite.com\/","logo":{"@type":"ImageObject","inLanguage":"fr-FR","@id":"https:\/\/darkorange-woodcock-422475.hostingersite.com\/#\/schema\/logo\/image\/","url":"https:\/\/douceurdegrasse.fr\/wp-content\/uploads\/2025\/08\/Douceur-de-Grasse-1.png","contentUrl":"https:\/\/douceurdegrasse.fr\/wp-content\/uploads\/2025\/08\/Douceur-de-Grasse-1.png","width":2000,"height":2000,"caption":"Douceur de Grasse"},"image":{"@id":"https:\/\/darkorange-woodcock-422475.hostingersite.com\/#\/schema\/logo\/image\/"}}]}},"jetpack_sharing_enabled":true,"_links":{"self":[{"href":"https:\/\/douceurdegrasse.fr\/index.php?rest_route=\/wp\/v2\/product\/2543","targetHints":{"allow":["GET"]}}],"collection":[{"href":"https:\/\/douceurdegrasse.fr\/index.php?rest_route=\/wp\/v2\/product"}],"about":[{"href":"https:\/\/douceurdegrasse.fr\/index.php?rest_route=\/wp\/v2\/types\/product"}],"replies":[{"embeddable":true,"href":"https:\/\/douceurdegrasse.fr\/index.php?rest_route=%2Fwp%2Fv2%2Fcomments&post=2543"}],"wp:featuredmedia":[{"embeddable":true,"href":"https:\/\/douceurdegrasse.fr\/index.php?rest_route=\/wp\/v2\/media\/2549"}],"wp:attachment":[{"href":"https:\/\/douceurdegrasse.fr\/index.php?rest_route=%2Fwp%2Fv2%2Fmedia&parent=2543"}],"wp:term":[{"taxonomy":"product_brand","embeddable":true,"href":"https:\/\/douceurdegrasse.fr\/index.php?rest_route=%2Fwp%2Fv2%2Fproduct_brand&post=2543"},{"taxonomy":"product_cat","embeddable":true,"href":"https:\/\/douceurdegrasse.fr\/index.php?rest_route=%2Fwp%2Fv2%2Fproduct_cat&post=2543"},{"taxonomy":"product_tag","embeddable":true,"href":"https:\/\/douceurdegrasse.fr\/index.php?rest_route=%2Fwp%2Fv2%2Fproduct_tag&post=2543"}],"curies":[{"name":"wp","href":"https:\/\/api.w.org\/{rel}","templated":true}]}}