{"id":2307,"date":"2025-08-19T14:57:56","date_gmt":"2025-08-19T14:57:56","guid":{"rendered":"https:\/\/darkorange-woodcock-422475.hostingersite.com\/?post_type=product&#038;p=2307"},"modified":"2026-02-01T16:00:17","modified_gmt":"2026-02-01T16:00:17","slug":"bougie-yourte-parfum-fleur-de-cerisier","status":"publish","type":"product","link":"https:\/\/douceurdegrasse.fr\/?product=bougie-yourte-parfum-fleur-de-cerisier","title":{"rendered":"Bougie Yourte parfum \u00ab\u00a0Fleur de Cerisier\u00a0\u00bb"},"content":{"rendered":"<h1>Bougie Yourte parfum \u00ab\u00a0Fleur de Cerisier\u00a0\u00bb<\/h1>\n<p style=\"font-weight: 400;\">D\u00e9couvrez la d\u00e9licatesse et la sophistication avec la\u00a0<b>Yourte Parfum Fleur de Cerisier<\/b>. Ce parfum enchanteur, inspir\u00e9 de la beaut\u00e9 des fleurs de cerisier, diffuse une atmosph\u00e8re douce et harmonieuse, id\u00e9ale pour transformer votre espace en un cocon apaisant.<\/p>\n<h2>Pyramide olfactive du parfum Fleur de Cerisier<\/h2>\n<ul style=\"font-weight: 400;\">\n<li class=\"ox-35c34911f1-MsoNormal\"><b>Famille Olfactive<\/b>\u00a0: Floral.<\/li>\n<li class=\"ox-35c34911f1-MsoNormal\"><b>Notes de t\u00eate<\/b>\u00a0: Une fra\u00eecheur \u00e9l\u00e9gante avec des accents de\u00a0<i>rose<\/i>,\u00a0<i>menthe<\/i>\u00a0et un\u00a0<i>accord aromatique<\/i>.<\/li>\n<li class=\"ox-35c34911f1-MsoNormal\"><b>Notes de c\u0153ur<\/b>\u00a0: Un bouquet subtil et fruit\u00e9 alliant\u00a0<i>fleur de cerisier<\/i>,\u00a0<i>p\u00eache<\/i>\u00a0et\u00a0<i>jasmin<\/i>.<\/li>\n<li class=\"ox-35c34911f1-MsoNormal\"><b>Notes de fond<\/b>\u00a0: Une base r\u00e9confortante et chaleureuse compos\u00e9e de\u00a0<i>musc<\/i>,\u00a0<i>accord bois\u00e9<\/i>,\u00a0<i>vanille<\/i>\u00a0et\u00a0<i>coconut<\/i>.<\/li>\n<\/ul>\n<h2>Pourquoi choisir nos bougies en cire v\u00e9g\u00e9tale ?<\/h2>\n<ul style=\"font-weight: 400;\">\n<li>Ingr\u00e9dients naturels et \u00e9cologiques<\/li>\n<li>Parfums fabriqu\u00e9s artisanalement \u00e0 Grasse, capitale mondiale du parfum<\/li>\n<li>Parfums durables et authentiques<\/li>\n<li>Id\u00e9al pour offrir ou pour se faire plaisir<\/li>\n<\/ul>\n<h2>\ud83d\udccc\u00a0Caract\u00e9ristique<\/h2>\n<p><strong>\ud83d\udd25 Forme<\/strong> : Yourte<br \/>\n\ud83d\udccf <strong>Dimensions<\/strong> : Hauteur : 12 cm, Diam\u00e8tre 8,5 cm.<br \/>\n\u2696\ufe0f <strong>Poids de la cire<\/strong> : \u00b1 95g<br \/>\n<span style=\"font-size: 16px; font-weight: 400;\">\ud83d\udd25 <strong>Dur\u00e9e de diffusion estim\u00e9e<\/strong> : <\/span><span style=\"font-size: 16px; font-weight: 400;\">Environs 20 heures<br \/>\n<\/span>\u267b\ufe0f <strong>Respect des normes CLP<\/strong> \u2013 S\u00e9curit\u00e9 et qualit\u00e9 garanties pour une utilisation sereine.<\/p>\n<h2>\ud83c\udf3f Composition :<\/h2>\n<ul>\n<li>100 % cire v\u00e9g\u00e9tale de soja\n<ul>\n<li>Sans paraffine<\/li>\n<li>Sans phtalates<\/li>\n<li>Sans OGM<\/li>\n<li>Sans CRM (substances canc\u00e9rig\u00e8nes, mutag\u00e8nes ou reprotoxiques)<\/li>\n<li>Non test\u00e9s sur les animaux<\/li>\n<li>Convient au v\u00e9gane<\/li>\n<\/ul>\n<\/li>\n<li>Fragrance artisanales con\u00e7u \u00e0 Grasse (France)<\/li>\n<\/ul>\n<h2>\ud83d\udca1 Conseils d&rsquo;utilisation et d\u2019optimisation<\/h2>\n<h3>Entretien et Conservation<\/h3>\n<ul>\n<li>Pour assurer une combustion optimale de votre bougie, il est conseill\u00e9 de la laisser br\u00fbler entre une et deux heures, permettant ainsi \u00e0 la cire de fondre uniform\u00e9ment. Cela pr\u00e9vient la formation d&rsquo;un tunnel et prolonge la dur\u00e9e de vie de la bougie.<\/li>\n<li>Avant de l&rsquo;allumer, il est crucial de couper la m\u00e8che pour \u00e9viter la suie et assurer une flamme constante. Une m\u00e8che trop longue peut se courber et nuire \u00e0 la combustion.<\/li>\n<li>Lors de l&rsquo;extinction de la bougie, utilisez de pr\u00e9f\u00e9rence un \u00e9teignoir pour r\u00e9duire la fum\u00e9e et la suie, et profitez-en pour redresser la m\u00e8che.<\/li>\n<li>Allumez la bougie une heure avant l&rsquo;arriv\u00e9e des invit\u00e9s pour que le parfum se diffuse, cr\u00e9ant une ambiance chaleureuse.<\/li>\n<li>Utilisez la bougie dans une pi\u00e8ce bien a\u00e9r\u00e9e pour une meilleure diffusion.<\/li>\n<\/ul>\n<h3>Pr\u00e9cautions importante<\/h3>\n<ul>\n<li>Ne laissez jamais une bougie allum\u00e9e sans surveillance pour \u00e9viter tout risque d&rsquo;incendie.<\/li>\n<li>Gardez les bougies et les br\u00fbleurs allum\u00e9s hors de la port\u00e9e des enfants de moins de 36 mois et des animaux.<\/li>\n<li>Ne laissez jamais un br\u00fbleur ou une bougie sans surveillance et assurez-vous d\u2019\u00e9teindre toute flamme avant de quitter une pi\u00e8ce.<\/li>\n<li>Respectez une distance d&rsquo;au moins 7 cm entre les bougies allum\u00e9es et \u00e9loignez-les de tout objet inflammable.<\/li>\n<li>Placez-les loin des courants d&rsquo;air, sur un support (protection des meuble), et une surface stable.<\/li>\n<li>Taillez la m\u00e8che \u00e0 1 cm avant chaque utilisation pour une meilleure combustion.<\/li>\n<li>Utilisez votre bougie dans une pi\u00e8ce bien a\u00e9r\u00e9e pour appr\u00e9cier pleinement son parfum frais et relaxant.<\/li>\n<li>Apr\u00e8s usage, a\u00e9rez bien la pi\u00e8ce pour renouveler l&rsquo;air.<\/li>\n<\/ul>\n","protected":false},"excerpt":{"rendered":"<p style=\"font-weight: 400;\">D\u00e9couvrez la d\u00e9licatesse et la sophistication avec la\u00a0<b>Yourte Parfum Fleur de Cerisier<\/b>. Ce parfum enchanteur, inspir\u00e9 de la beaut\u00e9 des fleurs de cerisier, diffuse une atmosph\u00e8re douce et harmonieuse, id\u00e9ale pour transformer votre espace en un cocon apaisant.<\/p>\n<h2>Pyramide olfactive du parfum Fleur de Cerisier<\/h2>\n<ul style=\"font-weight: 400;\">\n<li class=\"ox-35c34911f1-MsoNormal\"><b>Famille Olfactive<\/b>\u00a0: Floral.<\/li>\n<li class=\"ox-35c34911f1-MsoNormal\"><b>Notes de t\u00eate<\/b>\u00a0: Une fra\u00eecheur \u00e9l\u00e9gante avec des accents de\u00a0<i>rose<\/i>,\u00a0<i>menthe<\/i>\u00a0et un\u00a0<i>accord aromatique<\/i>.<\/li>\n<li class=\"ox-35c34911f1-MsoNormal\"><b>Notes de c\u0153ur<\/b>\u00a0: Un bouquet subtil et fruit\u00e9 alliant\u00a0<i>fleur de cerisier<\/i>,\u00a0<i>p\u00eache<\/i>\u00a0et\u00a0<i>jasmin<\/i>.<\/li>\n<li class=\"ox-35c34911f1-MsoNormal\"><b>Notes de fond<\/b>\u00a0: Une base r\u00e9confortante et chaleureuse compos\u00e9e de\u00a0<i>musc<\/i>,\u00a0<i>accord bois\u00e9<\/i>,\u00a0<i>vanille<\/i>\u00a0et\u00a0<i>coconut<\/i>.<\/li>\n<\/ul>\n","protected":false},"featured_media":0,"comment_status":"open","ping_status":"closed","template":"","meta":[],"product_brand":[],"product_cat":[96],"product_tag":[183,187],"class_list":{"0":"post-2307","1":"product","2":"type-product","3":"status-publish","5":"product_cat-bougies-artisanales","6":"product_tag-bougie-parfumee","7":"product_tag-fleur-de-cerisier","9":"first","10":"instock","11":"sale","12":"shipping-taxable","13":"purchasable","14":"product-type-simple"},"yoast_head":"<!-- This site is optimized with the Yoast SEO plugin v27.4 - https:\/\/yoast.com\/product\/yoast-seo-wordpress\/ -->\n<title>Bougie Yourte parfum &quot;Fleur de Cerisier&quot; - Douceur de Grasse<\/title>\n<meta name=\"robots\" content=\"index, follow, max-snippet:-1, max-image-preview:large, max-video-preview:-1\" \/>\n<link rel=\"canonical\" href=\"https:\/\/douceurdegrasse.fr\/?product=bougie-yourte-parfum-fleur-de-cerisier\" \/>\n<meta property=\"og:locale\" content=\"fr_FR\" \/>\n<meta property=\"og:type\" content=\"article\" \/>\n<meta property=\"og:title\" content=\"Bougie Yourte parfum &quot;Fleur de Cerisier&quot; - Douceur de Grasse\" \/>\n<meta property=\"og:description\" content=\"D\u00e9couvrez la d\u00e9licatesse et la sophistication avec la\u00a0Yourte Parfum Fleur de Cerisier. Ce parfum enchanteur, inspir\u00e9 de la beaut\u00e9 des fleurs de cerisier, diffuse une atmosph\u00e8re douce et harmonieuse, id\u00e9ale pour transformer votre espace en un cocon apaisant.  Pyramide olfactive du parfum Fleur de Cerisier   Famille Olfactive\u00a0: Floral.  Notes de t\u00eate\u00a0: Une fra\u00eecheur \u00e9l\u00e9gante avec des accents de\u00a0rose,\u00a0menthe\u00a0et un\u00a0accord aromatique.  Notes de c\u0153ur\u00a0: Un bouquet subtil et fruit\u00e9 alliant\u00a0fleur de cerisier,\u00a0p\u00eache\u00a0et\u00a0jasmin.  Notes de fond\u00a0: Une base r\u00e9confortante et chaleureuse compos\u00e9e de\u00a0musc,\u00a0accord bois\u00e9,\u00a0vanille\u00a0et\u00a0coconut.\" \/>\n<meta property=\"og:url\" content=\"https:\/\/douceurdegrasse.fr\/?product=bougie-yourte-parfum-fleur-de-cerisier\" \/>\n<meta property=\"og:site_name\" content=\"Douceur de Grasse\" \/>\n<meta property=\"article:modified_time\" content=\"2026-02-01T16:00:17+00:00\" \/>\n<meta property=\"og:image\" content=\"https:\/\/douceurdegrasse.fr\/wp-content\/uploads\/2025\/08\/YOURTE-PARFUM-FLEUR-DE-CERISIER-105-GR-VUE-1.png\" \/>\n\t<meta property=\"og:image:width\" content=\"500\" \/>\n\t<meta property=\"og:image:height\" content=\"500\" \/>\n\t<meta property=\"og:image:type\" content=\"image\/png\" \/>\n<meta name=\"twitter:card\" content=\"summary_large_image\" \/>\n<meta name=\"twitter:label1\" content=\"Dur\u00e9e de lecture estim\u00e9e\" \/>\n\t<meta name=\"twitter:data1\" content=\"3 minutes\" \/>\n<script type=\"application\/ld+json\" class=\"yoast-schema-graph\">{\"@context\":\"https:\\\/\\\/schema.org\",\"@graph\":[{\"@type\":\"WebPage\",\"@id\":\"https:\\\/\\\/douceurdegrasse.fr\\\/?product=bougie-yourte-parfum-fleur-de-cerisier\",\"url\":\"https:\\\/\\\/douceurdegrasse.fr\\\/?product=bougie-yourte-parfum-fleur-de-cerisier\",\"name\":\"Bougie Yourte parfum \\\"Fleur de Cerisier\\\" - Douceur de Grasse\",\"isPartOf\":{\"@id\":\"https:\\\/\\\/darkorange-woodcock-422475.hostingersite.com\\\/#website\"},\"datePublished\":\"2025-08-19T14:57:56+00:00\",\"dateModified\":\"2026-02-01T16:00:17+00:00\",\"breadcrumb\":{\"@id\":\"https:\\\/\\\/douceurdegrasse.fr\\\/?product=bougie-yourte-parfum-fleur-de-cerisier#breadcrumb\"},\"inLanguage\":\"fr-FR\",\"potentialAction\":[{\"@type\":\"ReadAction\",\"target\":[\"https:\\\/\\\/douceurdegrasse.fr\\\/?product=bougie-yourte-parfum-fleur-de-cerisier\"]}]},{\"@type\":\"BreadcrumbList\",\"@id\":\"https:\\\/\\\/douceurdegrasse.fr\\\/?product=bougie-yourte-parfum-fleur-de-cerisier#breadcrumb\",\"itemListElement\":[{\"@type\":\"ListItem\",\"position\":1,\"name\":\"Accueil\",\"item\":\"https:\\\/\\\/douceurdegrasse.fr\\\/\"},{\"@type\":\"ListItem\",\"position\":2,\"name\":\"Boutique\",\"item\":\"https:\\\/\\\/darkorange-woodcock-422475.hostingersite.com\\\/?page_id=5\"},{\"@type\":\"ListItem\",\"position\":3,\"name\":\"Bougie Yourte parfum \u00ab\u00a0Fleur de Cerisier\u00a0\u00bb\"}]},{\"@type\":\"WebSite\",\"@id\":\"https:\\\/\\\/darkorange-woodcock-422475.hostingersite.com\\\/#website\",\"url\":\"https:\\\/\\\/darkorange-woodcock-422475.hostingersite.com\\\/\",\"name\":\"Douceur de Grasse\",\"description\":\"\",\"publisher\":{\"@id\":\"https:\\\/\\\/darkorange-woodcock-422475.hostingersite.com\\\/#organization\"},\"potentialAction\":[{\"@type\":\"SearchAction\",\"target\":{\"@type\":\"EntryPoint\",\"urlTemplate\":\"https:\\\/\\\/darkorange-woodcock-422475.hostingersite.com\\\/?s={search_term_string}\"},\"query-input\":{\"@type\":\"PropertyValueSpecification\",\"valueRequired\":true,\"valueName\":\"search_term_string\"}}],\"inLanguage\":\"fr-FR\"},{\"@type\":\"Organization\",\"@id\":\"https:\\\/\\\/darkorange-woodcock-422475.hostingersite.com\\\/#organization\",\"name\":\"Douceur de Grasse\",\"url\":\"https:\\\/\\\/darkorange-woodcock-422475.hostingersite.com\\\/\",\"logo\":{\"@type\":\"ImageObject\",\"inLanguage\":\"fr-FR\",\"@id\":\"https:\\\/\\\/darkorange-woodcock-422475.hostingersite.com\\\/#\\\/schema\\\/logo\\\/image\\\/\",\"url\":\"https:\\\/\\\/douceurdegrasse.fr\\\/wp-content\\\/uploads\\\/2025\\\/08\\\/Douceur-de-Grasse-1.png\",\"contentUrl\":\"https:\\\/\\\/douceurdegrasse.fr\\\/wp-content\\\/uploads\\\/2025\\\/08\\\/Douceur-de-Grasse-1.png\",\"width\":2000,\"height\":2000,\"caption\":\"Douceur de Grasse\"},\"image\":{\"@id\":\"https:\\\/\\\/darkorange-woodcock-422475.hostingersite.com\\\/#\\\/schema\\\/logo\\\/image\\\/\"}}]}<\/script>\n<!-- \/ Yoast SEO plugin. -->","yoast_head_json":{"title":"Bougie Yourte parfum \"Fleur de Cerisier\" - Douceur de Grasse","robots":{"index":"index","follow":"follow","max-snippet":"max-snippet:-1","max-image-preview":"max-image-preview:large","max-video-preview":"max-video-preview:-1"},"canonical":"https:\/\/douceurdegrasse.fr\/?product=bougie-yourte-parfum-fleur-de-cerisier","og_locale":"fr_FR","og_type":"article","og_title":"Bougie Yourte parfum \"Fleur de Cerisier\" - Douceur de Grasse","og_description":"D\u00e9couvrez la d\u00e9licatesse et la sophistication avec la\u00a0Yourte Parfum Fleur de Cerisier. Ce parfum enchanteur, inspir\u00e9 de la beaut\u00e9 des fleurs de cerisier, diffuse une atmosph\u00e8re douce et harmonieuse, id\u00e9ale pour transformer votre espace en un cocon apaisant.  Pyramide olfactive du parfum Fleur de Cerisier   Famille Olfactive\u00a0: Floral.  Notes de t\u00eate\u00a0: Une fra\u00eecheur \u00e9l\u00e9gante avec des accents de\u00a0rose,\u00a0menthe\u00a0et un\u00a0accord aromatique.  Notes de c\u0153ur\u00a0: Un bouquet subtil et fruit\u00e9 alliant\u00a0fleur de cerisier,\u00a0p\u00eache\u00a0et\u00a0jasmin.  Notes de fond\u00a0: Une base r\u00e9confortante et chaleureuse compos\u00e9e de\u00a0musc,\u00a0accord bois\u00e9,\u00a0vanille\u00a0et\u00a0coconut.","og_url":"https:\/\/douceurdegrasse.fr\/?product=bougie-yourte-parfum-fleur-de-cerisier","og_site_name":"Douceur de Grasse","article_modified_time":"2026-02-01T16:00:17+00:00","og_image":[{"width":500,"height":500,"url":"https:\/\/douceurdegrasse.fr\/wp-content\/uploads\/2025\/08\/YOURTE-PARFUM-FLEUR-DE-CERISIER-105-GR-VUE-1.png","type":"image\/png"}],"twitter_card":"summary_large_image","twitter_misc":{"Dur\u00e9e de lecture estim\u00e9e":"3 minutes"},"schema":{"@context":"https:\/\/schema.org","@graph":[{"@type":"WebPage","@id":"https:\/\/douceurdegrasse.fr\/?product=bougie-yourte-parfum-fleur-de-cerisier","url":"https:\/\/douceurdegrasse.fr\/?product=bougie-yourte-parfum-fleur-de-cerisier","name":"Bougie Yourte parfum \"Fleur de Cerisier\" - Douceur de Grasse","isPartOf":{"@id":"https:\/\/darkorange-woodcock-422475.hostingersite.com\/#website"},"datePublished":"2025-08-19T14:57:56+00:00","dateModified":"2026-02-01T16:00:17+00:00","breadcrumb":{"@id":"https:\/\/douceurdegrasse.fr\/?product=bougie-yourte-parfum-fleur-de-cerisier#breadcrumb"},"inLanguage":"fr-FR","potentialAction":[{"@type":"ReadAction","target":["https:\/\/douceurdegrasse.fr\/?product=bougie-yourte-parfum-fleur-de-cerisier"]}]},{"@type":"BreadcrumbList","@id":"https:\/\/douceurdegrasse.fr\/?product=bougie-yourte-parfum-fleur-de-cerisier#breadcrumb","itemListElement":[{"@type":"ListItem","position":1,"name":"Accueil","item":"https:\/\/douceurdegrasse.fr\/"},{"@type":"ListItem","position":2,"name":"Boutique","item":"https:\/\/darkorange-woodcock-422475.hostingersite.com\/?page_id=5"},{"@type":"ListItem","position":3,"name":"Bougie Yourte parfum \u00ab\u00a0Fleur de Cerisier\u00a0\u00bb"}]},{"@type":"WebSite","@id":"https:\/\/darkorange-woodcock-422475.hostingersite.com\/#website","url":"https:\/\/darkorange-woodcock-422475.hostingersite.com\/","name":"Douceur de Grasse","description":"","publisher":{"@id":"https:\/\/darkorange-woodcock-422475.hostingersite.com\/#organization"},"potentialAction":[{"@type":"SearchAction","target":{"@type":"EntryPoint","urlTemplate":"https:\/\/darkorange-woodcock-422475.hostingersite.com\/?s={search_term_string}"},"query-input":{"@type":"PropertyValueSpecification","valueRequired":true,"valueName":"search_term_string"}}],"inLanguage":"fr-FR"},{"@type":"Organization","@id":"https:\/\/darkorange-woodcock-422475.hostingersite.com\/#organization","name":"Douceur de Grasse","url":"https:\/\/darkorange-woodcock-422475.hostingersite.com\/","logo":{"@type":"ImageObject","inLanguage":"fr-FR","@id":"https:\/\/darkorange-woodcock-422475.hostingersite.com\/#\/schema\/logo\/image\/","url":"https:\/\/douceurdegrasse.fr\/wp-content\/uploads\/2025\/08\/Douceur-de-Grasse-1.png","contentUrl":"https:\/\/douceurdegrasse.fr\/wp-content\/uploads\/2025\/08\/Douceur-de-Grasse-1.png","width":2000,"height":2000,"caption":"Douceur de Grasse"},"image":{"@id":"https:\/\/darkorange-woodcock-422475.hostingersite.com\/#\/schema\/logo\/image\/"}}]}},"jetpack_sharing_enabled":true,"_links":{"self":[{"href":"https:\/\/douceurdegrasse.fr\/index.php?rest_route=\/wp\/v2\/product\/2307","targetHints":{"allow":["GET"]}}],"collection":[{"href":"https:\/\/douceurdegrasse.fr\/index.php?rest_route=\/wp\/v2\/product"}],"about":[{"href":"https:\/\/douceurdegrasse.fr\/index.php?rest_route=\/wp\/v2\/types\/product"}],"replies":[{"embeddable":true,"href":"https:\/\/douceurdegrasse.fr\/index.php?rest_route=%2Fwp%2Fv2%2Fcomments&post=2307"}],"wp:attachment":[{"href":"https:\/\/douceurdegrasse.fr\/index.php?rest_route=%2Fwp%2Fv2%2Fmedia&parent=2307"}],"wp:term":[{"taxonomy":"product_brand","embeddable":true,"href":"https:\/\/douceurdegrasse.fr\/index.php?rest_route=%2Fwp%2Fv2%2Fproduct_brand&post=2307"},{"taxonomy":"product_cat","embeddable":true,"href":"https:\/\/douceurdegrasse.fr\/index.php?rest_route=%2Fwp%2Fv2%2Fproduct_cat&post=2307"},{"taxonomy":"product_tag","embeddable":true,"href":"https:\/\/douceurdegrasse.fr\/index.php?rest_route=%2Fwp%2Fv2%2Fproduct_tag&post=2307"}],"curies":[{"name":"wp","href":"https:\/\/api.w.org\/{rel}","templated":true}]}}