{"id":2266,"date":"2025-08-18T20:37:04","date_gmt":"2025-08-18T20:37:04","guid":{"rendered":"https:\/\/darkorange-woodcock-422475.hostingersite.com\/?post_type=product&#038;p=2266"},"modified":"2026-02-01T09:24:00","modified_gmt":"2026-02-01T09:24:00","slug":"brule-parfum-electrique","status":"publish","type":"product","link":"https:\/\/douceurdegrasse.fr\/?product=brule-parfum-electrique","title":{"rendered":"Br\u00fble Parfum \u00c9lectrique"},"content":{"rendered":"<h1>Br\u00fble Parfum \u00c9lectrique<\/h1>\n<p style=\"font-weight: 400;\"><strong><em>Pour diffuser autrement votre fragrance favorite, optez pour un br\u00fbleur br\u00fble-parfum<\/em><\/strong><\/p>\n<ul style=\"font-weight: 400;\">\n<li>Tr\u00e8s tendance, le br\u00fbleur est design et simple d&rsquo;utilisation.<\/li>\n<li>Il joue un r\u00f4le de photophore souvent avec un design sobre et \u00e9pur\u00e9.<\/li>\n<li>Ambiance chaleureuse et d\u00e9licatement parfum\u00e9e.<\/li>\n<li>S&rsquo;utilise avec des galets des fondants parfum\u00e9s et des huiles essentielles.<\/li>\n<\/ul>\n<p style=\"font-weight: 400;\">Notre br\u00fbleur vernie, fabriqu\u00e9 en verre, s&rsquo;adaptera parfaitement \u00e0 votre d\u00e9coration. Gr\u00e2ce \u00e0 son design \u00e9l\u00e9gant, il apportera une touche esth\u00e9tique \u00e0 votre int\u00e9rieur tout en vous permettant de profiter de vos fragrances pr\u00e9f\u00e9r\u00e9es.<\/p>\n<p style=\"font-weight: 400;\"><strong>Mode d\u2019emploi avec des huiles essentielles<\/strong><\/p>\n<ul style=\"font-weight: 400;\">\n<li>Un peu d\u2019eau dans la coupelle du diffuseur<\/li>\n<li>Branchez et allumez le br\u00fbleur<\/li>\n<li>Mettre quelques gouttes d\u2019huiles essentielles<\/li>\n<\/ul>\n<p style=\"font-weight: 400;\"><strong>ATTENTION: ne pas mettre d\u2019huile sans eau<\/strong><\/p>\n<p style=\"font-weight: 400;\"><strong>Mode d\u2019emploi avec des fondants parfum\u00e9s<\/strong><\/p>\n<ul style=\"font-weight: 400;\">\n<li>Mettre un fondant parfum\u00e9 dans la coupelle du diffuseur<\/li>\n<li>Branchez et allumez le br\u00fbleur<\/li>\n<\/ul>\n<h2>\ud83d\udccc\u00a0Caract\u00e9ristique<\/h2>\n<p><strong>Dimensions<\/strong> : 11 x 11 x 15 cm.<br \/>\n<strong>Mati\u00e8re<\/strong> : Verre<br \/>\n<strong>Couleur<\/strong> : Bleu<\/p>\n","protected":false},"excerpt":{"rendered":"<p style=\"font-weight: 400;\"><strong><em>Pour diffuser autrement votre fragrance favorite, optez pour un br\u00fbleur br\u00fble-parfum<\/em><\/strong><\/p>\n<ul style=\"font-weight: 400;\">\n<li>Tr\u00e8s tendance, le br\u00fbleur est design et simple d&rsquo;utilisation.<\/li>\n<li>Il joue un r\u00f4le de photophore souvent avec un design sobre et \u00e9pur\u00e9.<\/li>\n<li>Ambiance chaleureuse et d\u00e9licatement parfum\u00e9e.<\/li>\n<li>S&rsquo;utilise avec des galets des fondants parfum\u00e9s et des huiles essentielles.<\/li>\n<\/ul>\n<p style=\"font-weight: 400;\">Notre br\u00fbleur vernie, fabriqu\u00e9 en verre, s&rsquo;adaptera parfaitement \u00e0 votre d\u00e9coration. Gr\u00e2ce \u00e0 son design \u00e9l\u00e9gant, il apportera une touche esth\u00e9tique \u00e0 votre int\u00e9rieur tout en vous permettant de profiter de vos fragrances pr\u00e9f\u00e9r\u00e9es.<\/p>\n","protected":false},"featured_media":0,"comment_status":"open","ping_status":"closed","template":"","meta":[],"product_brand":[],"product_cat":[109],"product_tag":[160,163,161,164,162,154,159,165],"class_list":{"0":"post-2266","1":"product","2":"type-product","3":"status-publish","5":"product_cat-brule-parfum","6":"product_tag-brule-parfum-electrique","7":"product_tag-bruleur-fondants-electrique","8":"product_tag-bruleur-sans-flamme","9":"product_tag-diffuseur-chaleur-douce","10":"product_tag-diffuseur-electrique","11":"product_tag-diffuseur-parfum-maison","12":"product_tag-idee-cadeau","13":"product_tag-securite-sans-flamme","15":"first","16":"instock","17":"shipping-taxable","18":"purchasable","19":"product-type-simple"},"yoast_head":"<!-- This site is optimized with the Yoast SEO plugin v27.4 - https:\/\/yoast.com\/product\/yoast-seo-wordpress\/ -->\n<title>Br\u00fble Parfum \u00c9lectrique - Douceur de Grasse<\/title>\n<meta name=\"robots\" content=\"index, follow, max-snippet:-1, max-image-preview:large, max-video-preview:-1\" \/>\n<link rel=\"canonical\" href=\"https:\/\/douceurdegrasse.fr\/?product=brule-parfum-electrique\" \/>\n<meta property=\"og:locale\" content=\"fr_FR\" \/>\n<meta property=\"og:type\" content=\"article\" \/>\n<meta property=\"og:title\" content=\"Br\u00fble Parfum \u00c9lectrique - Douceur de Grasse\" \/>\n<meta property=\"og:description\" content=\"Pour diffuser autrement votre fragrance favorite, optez pour un br\u00fbleur br\u00fble-parfum    Tr\u00e8s tendance, le br\u00fbleur est design et simple d&#039;utilisation.  Il joue un r\u00f4le de photophore souvent avec un design sobre et \u00e9pur\u00e9.  Ambiance chaleureuse et d\u00e9licatement parfum\u00e9e.  S&#039;utilise avec des galets des fondants parfum\u00e9s et des huiles essentielles.  Notre br\u00fbleur vernie, fabriqu\u00e9 en verre, s&#039;adaptera parfaitement \u00e0 votre d\u00e9coration. Gr\u00e2ce \u00e0 son design \u00e9l\u00e9gant, il apportera une touche esth\u00e9tique \u00e0 votre int\u00e9rieur tout en vous permettant de profiter de vos fragrances pr\u00e9f\u00e9r\u00e9es.\" \/>\n<meta property=\"og:url\" content=\"https:\/\/douceurdegrasse.fr\/?product=brule-parfum-electrique\" \/>\n<meta property=\"og:site_name\" content=\"Douceur de Grasse\" \/>\n<meta property=\"article:modified_time\" content=\"2026-02-01T09:24:00+00:00\" \/>\n<meta property=\"og:image\" content=\"https:\/\/douceurdegrasse.fr\/wp-content\/uploads\/2025\/08\/Bruleur-8.1.png\" \/>\n\t<meta property=\"og:image:width\" content=\"500\" \/>\n\t<meta property=\"og:image:height\" content=\"500\" \/>\n\t<meta property=\"og:image:type\" content=\"image\/png\" \/>\n<meta name=\"twitter:card\" content=\"summary_large_image\" \/>\n<meta name=\"twitter:label1\" content=\"Dur\u00e9e de lecture estim\u00e9e\" \/>\n\t<meta name=\"twitter:data1\" content=\"1 minute\" \/>\n<script type=\"application\/ld+json\" class=\"yoast-schema-graph\">{\"@context\":\"https:\\\/\\\/schema.org\",\"@graph\":[{\"@type\":\"WebPage\",\"@id\":\"https:\\\/\\\/douceurdegrasse.fr\\\/?product=brule-parfum-electrique\",\"url\":\"https:\\\/\\\/douceurdegrasse.fr\\\/?product=brule-parfum-electrique\",\"name\":\"Br\u00fble Parfum \u00c9lectrique - Douceur de Grasse\",\"isPartOf\":{\"@id\":\"https:\\\/\\\/darkorange-woodcock-422475.hostingersite.com\\\/#website\"},\"datePublished\":\"2025-08-18T20:37:04+00:00\",\"dateModified\":\"2026-02-01T09:24:00+00:00\",\"breadcrumb\":{\"@id\":\"https:\\\/\\\/douceurdegrasse.fr\\\/?product=brule-parfum-electrique#breadcrumb\"},\"inLanguage\":\"fr-FR\",\"potentialAction\":[{\"@type\":\"ReadAction\",\"target\":[\"https:\\\/\\\/douceurdegrasse.fr\\\/?product=brule-parfum-electrique\"]}]},{\"@type\":\"BreadcrumbList\",\"@id\":\"https:\\\/\\\/douceurdegrasse.fr\\\/?product=brule-parfum-electrique#breadcrumb\",\"itemListElement\":[{\"@type\":\"ListItem\",\"position\":1,\"name\":\"Accueil\",\"item\":\"https:\\\/\\\/douceurdegrasse.fr\\\/\"},{\"@type\":\"ListItem\",\"position\":2,\"name\":\"Boutique\",\"item\":\"https:\\\/\\\/darkorange-woodcock-422475.hostingersite.com\\\/?page_id=5\"},{\"@type\":\"ListItem\",\"position\":3,\"name\":\"Br\u00fble Parfum \u00c9lectrique\"}]},{\"@type\":\"WebSite\",\"@id\":\"https:\\\/\\\/darkorange-woodcock-422475.hostingersite.com\\\/#website\",\"url\":\"https:\\\/\\\/darkorange-woodcock-422475.hostingersite.com\\\/\",\"name\":\"Douceur de Grasse\",\"description\":\"\",\"publisher\":{\"@id\":\"https:\\\/\\\/darkorange-woodcock-422475.hostingersite.com\\\/#organization\"},\"potentialAction\":[{\"@type\":\"SearchAction\",\"target\":{\"@type\":\"EntryPoint\",\"urlTemplate\":\"https:\\\/\\\/darkorange-woodcock-422475.hostingersite.com\\\/?s={search_term_string}\"},\"query-input\":{\"@type\":\"PropertyValueSpecification\",\"valueRequired\":true,\"valueName\":\"search_term_string\"}}],\"inLanguage\":\"fr-FR\"},{\"@type\":\"Organization\",\"@id\":\"https:\\\/\\\/darkorange-woodcock-422475.hostingersite.com\\\/#organization\",\"name\":\"Douceur de Grasse\",\"url\":\"https:\\\/\\\/darkorange-woodcock-422475.hostingersite.com\\\/\",\"logo\":{\"@type\":\"ImageObject\",\"inLanguage\":\"fr-FR\",\"@id\":\"https:\\\/\\\/darkorange-woodcock-422475.hostingersite.com\\\/#\\\/schema\\\/logo\\\/image\\\/\",\"url\":\"https:\\\/\\\/douceurdegrasse.fr\\\/wp-content\\\/uploads\\\/2025\\\/08\\\/Douceur-de-Grasse-1.png\",\"contentUrl\":\"https:\\\/\\\/douceurdegrasse.fr\\\/wp-content\\\/uploads\\\/2025\\\/08\\\/Douceur-de-Grasse-1.png\",\"width\":2000,\"height\":2000,\"caption\":\"Douceur de Grasse\"},\"image\":{\"@id\":\"https:\\\/\\\/darkorange-woodcock-422475.hostingersite.com\\\/#\\\/schema\\\/logo\\\/image\\\/\"}}]}<\/script>\n<!-- \/ Yoast SEO plugin. -->","yoast_head_json":{"title":"Br\u00fble Parfum \u00c9lectrique - Douceur de Grasse","robots":{"index":"index","follow":"follow","max-snippet":"max-snippet:-1","max-image-preview":"max-image-preview:large","max-video-preview":"max-video-preview:-1"},"canonical":"https:\/\/douceurdegrasse.fr\/?product=brule-parfum-electrique","og_locale":"fr_FR","og_type":"article","og_title":"Br\u00fble Parfum \u00c9lectrique - Douceur de Grasse","og_description":"Pour diffuser autrement votre fragrance favorite, optez pour un br\u00fbleur br\u00fble-parfum    Tr\u00e8s tendance, le br\u00fbleur est design et simple d'utilisation.  Il joue un r\u00f4le de photophore souvent avec un design sobre et \u00e9pur\u00e9.  Ambiance chaleureuse et d\u00e9licatement parfum\u00e9e.  S'utilise avec des galets des fondants parfum\u00e9s et des huiles essentielles.  Notre br\u00fbleur vernie, fabriqu\u00e9 en verre, s'adaptera parfaitement \u00e0 votre d\u00e9coration. Gr\u00e2ce \u00e0 son design \u00e9l\u00e9gant, il apportera une touche esth\u00e9tique \u00e0 votre int\u00e9rieur tout en vous permettant de profiter de vos fragrances pr\u00e9f\u00e9r\u00e9es.","og_url":"https:\/\/douceurdegrasse.fr\/?product=brule-parfum-electrique","og_site_name":"Douceur de Grasse","article_modified_time":"2026-02-01T09:24:00+00:00","og_image":[{"width":500,"height":500,"url":"https:\/\/douceurdegrasse.fr\/wp-content\/uploads\/2025\/08\/Bruleur-8.1.png","type":"image\/png"}],"twitter_card":"summary_large_image","twitter_misc":{"Dur\u00e9e de lecture estim\u00e9e":"1 minute"},"schema":{"@context":"https:\/\/schema.org","@graph":[{"@type":"WebPage","@id":"https:\/\/douceurdegrasse.fr\/?product=brule-parfum-electrique","url":"https:\/\/douceurdegrasse.fr\/?product=brule-parfum-electrique","name":"Br\u00fble Parfum \u00c9lectrique - Douceur de Grasse","isPartOf":{"@id":"https:\/\/darkorange-woodcock-422475.hostingersite.com\/#website"},"datePublished":"2025-08-18T20:37:04+00:00","dateModified":"2026-02-01T09:24:00+00:00","breadcrumb":{"@id":"https:\/\/douceurdegrasse.fr\/?product=brule-parfum-electrique#breadcrumb"},"inLanguage":"fr-FR","potentialAction":[{"@type":"ReadAction","target":["https:\/\/douceurdegrasse.fr\/?product=brule-parfum-electrique"]}]},{"@type":"BreadcrumbList","@id":"https:\/\/douceurdegrasse.fr\/?product=brule-parfum-electrique#breadcrumb","itemListElement":[{"@type":"ListItem","position":1,"name":"Accueil","item":"https:\/\/douceurdegrasse.fr\/"},{"@type":"ListItem","position":2,"name":"Boutique","item":"https:\/\/darkorange-woodcock-422475.hostingersite.com\/?page_id=5"},{"@type":"ListItem","position":3,"name":"Br\u00fble Parfum \u00c9lectrique"}]},{"@type":"WebSite","@id":"https:\/\/darkorange-woodcock-422475.hostingersite.com\/#website","url":"https:\/\/darkorange-woodcock-422475.hostingersite.com\/","name":"Douceur de Grasse","description":"","publisher":{"@id":"https:\/\/darkorange-woodcock-422475.hostingersite.com\/#organization"},"potentialAction":[{"@type":"SearchAction","target":{"@type":"EntryPoint","urlTemplate":"https:\/\/darkorange-woodcock-422475.hostingersite.com\/?s={search_term_string}"},"query-input":{"@type":"PropertyValueSpecification","valueRequired":true,"valueName":"search_term_string"}}],"inLanguage":"fr-FR"},{"@type":"Organization","@id":"https:\/\/darkorange-woodcock-422475.hostingersite.com\/#organization","name":"Douceur de Grasse","url":"https:\/\/darkorange-woodcock-422475.hostingersite.com\/","logo":{"@type":"ImageObject","inLanguage":"fr-FR","@id":"https:\/\/darkorange-woodcock-422475.hostingersite.com\/#\/schema\/logo\/image\/","url":"https:\/\/douceurdegrasse.fr\/wp-content\/uploads\/2025\/08\/Douceur-de-Grasse-1.png","contentUrl":"https:\/\/douceurdegrasse.fr\/wp-content\/uploads\/2025\/08\/Douceur-de-Grasse-1.png","width":2000,"height":2000,"caption":"Douceur de Grasse"},"image":{"@id":"https:\/\/darkorange-woodcock-422475.hostingersite.com\/#\/schema\/logo\/image\/"}}]}},"jetpack_sharing_enabled":true,"_links":{"self":[{"href":"https:\/\/douceurdegrasse.fr\/index.php?rest_route=\/wp\/v2\/product\/2266","targetHints":{"allow":["GET"]}}],"collection":[{"href":"https:\/\/douceurdegrasse.fr\/index.php?rest_route=\/wp\/v2\/product"}],"about":[{"href":"https:\/\/douceurdegrasse.fr\/index.php?rest_route=\/wp\/v2\/types\/product"}],"replies":[{"embeddable":true,"href":"https:\/\/douceurdegrasse.fr\/index.php?rest_route=%2Fwp%2Fv2%2Fcomments&post=2266"}],"wp:attachment":[{"href":"https:\/\/douceurdegrasse.fr\/index.php?rest_route=%2Fwp%2Fv2%2Fmedia&parent=2266"}],"wp:term":[{"taxonomy":"product_brand","embeddable":true,"href":"https:\/\/douceurdegrasse.fr\/index.php?rest_route=%2Fwp%2Fv2%2Fproduct_brand&post=2266"},{"taxonomy":"product_cat","embeddable":true,"href":"https:\/\/douceurdegrasse.fr\/index.php?rest_route=%2Fwp%2Fv2%2Fproduct_cat&post=2266"},{"taxonomy":"product_tag","embeddable":true,"href":"https:\/\/douceurdegrasse.fr\/index.php?rest_route=%2Fwp%2Fv2%2Fproduct_tag&post=2266"}],"curies":[{"name":"wp","href":"https:\/\/api.w.org\/{rel}","templated":true}]}}