{"id":2242,"date":"2025-08-18T20:07:42","date_gmt":"2025-08-18T20:07:42","guid":{"rendered":"https:\/\/darkorange-woodcock-422475.hostingersite.com\/?post_type=product&#038;p=2242"},"modified":"2026-02-01T09:25:57","modified_gmt":"2026-02-01T09:25:57","slug":"brule-parfum-lumiere-parfum","status":"publish","type":"product","link":"https:\/\/douceurdegrasse.fr\/?product=brule-parfum-lumiere-parfum","title":{"rendered":"Br\u00fble-Parfum \u00ab\u00a0Lumi\u00e8re &#038; Parfum\u00a0\u00bb"},"content":{"rendered":"<h1>Br\u00fble-Parfum \u00ab\u00a0Lumi\u00e8re &amp; Parfum\u00a0\u00bb<\/h1>\n<h2>\ud83d\udd25\u00a0<strong>Br\u00fble-parfum \u00c9lectrique Bleu \u2013 \u00c9l\u00e9gance et diffusion ma\u00eetris\u00e9e<\/strong><\/h2>\n<p>Plongez dans une\u00a0<strong>exp\u00e9rience sensorielle unique<\/strong>, o\u00f9 la lumi\u00e8re et le parfum se m\u00ealent harmonieusement. Inspir\u00e9 par le\u00a0<strong>reflet de l\u2019eau et du ciel<\/strong>, ce br\u00fble-parfum en verre bleu aux\u00a0<strong>motifs dessin\u00e9s \u00e0 la main<\/strong>\u00a0apporte une touche raffin\u00e9e \u00e0 votre int\u00e9rieur.<\/p>\n<p>Gr\u00e2ce \u00e0 son\u00a0<strong>temp\u00e9rature r\u00e9glable<\/strong>, il diffuse\u00a0<strong>huiles essentielles, solutions parfum\u00e9es et cires parfum\u00e9es<\/strong>\u00a0sans les surchauffer, pr\u00e9servant ainsi leurs propri\u00e9t\u00e9s olfactives.<\/p>\n<h2>\u2728\u00a0<strong>Pourquoi choisir notre br\u00fble-parfum \u00e9lectrique ?<\/strong><\/h2>\n<p>\u2705\u00a0<strong>Double fonction<\/strong>\u00a0: Diffuseur de parfum et lampe d\u2019ambiance.<br \/>\n\u2705\u00a0<strong>Temp\u00e9rature ajustable<\/strong>\u00a0: Diffusion ma\u00eetris\u00e9e sans alt\u00e9rer les senteurs.<br \/>\n\u2705\u00a0<strong>Design \u00e9l\u00e9gant<\/strong>\u00a0: Verre bleu avec motifs artistiques inspir\u00e9s de l\u2019eau et du ciel.<br \/>\n\u2705\u00a0<strong>Entretien facile<\/strong>\u00a0: Couvercle en verre amovible pour un nettoyage rapide.<br \/>\n\u2705\u00a0<strong>Surface de diffusion<\/strong>\u00a0: Jusqu\u2019\u00e0\u00a0<strong>20 m\u00b2<\/strong>, id\u00e9al pour parfumer une pi\u00e8ce enti\u00e8re.<\/p>\n<h2>\ud83d\udccc\u00a0Caract\u00e9ristique<\/h2>\n<p><strong>Dimensions<\/strong> : 11 x 15 cm.<br \/>\n<strong>Mati\u00e8re<\/strong> : Verre<br \/>\n<strong>Poids<\/strong> : 850 gr.<br \/>\n<strong>Contenue<\/strong> : Le br\u00fble parfum et sa notice multilingue.<br \/>\n<strong>Couleur<\/strong> : Variable (change de couleur)<br \/>\n<strong>S\u00e9curit\u00e9<\/strong> : Utilisation sans flamme, id\u00e9al pour une diffusion en toute s\u00e9r\u00e9nit\u00e9.<\/p>\n","protected":false},"excerpt":{"rendered":"<h2>\ud83d\udd25\u00a0<strong>Br\u00fble-parfum \u00c9lectrique Bleu \u2013 \u00c9l\u00e9gance et diffusion ma\u00eetris\u00e9e<\/strong><\/h2>\n<p>Plongez dans une\u00a0<strong>exp\u00e9rience sensorielle unique<\/strong>, o\u00f9 la lumi\u00e8re et le parfum se m\u00ealent harmonieusement. Inspir\u00e9 par le\u00a0<strong>reflet de l\u2019eau et du ciel<\/strong>, ce br\u00fble-parfum en verre bleu aux\u00a0<strong>motifs dessin\u00e9s \u00e0 la main<\/strong>\u00a0apporte une touche raffin\u00e9e \u00e0 votre int\u00e9rieur.<\/p>\n<p>Gr\u00e2ce \u00e0 son\u00a0<strong>temp\u00e9rature r\u00e9glable<\/strong>, il diffuse\u00a0<strong>huiles essentielles, solutions parfum\u00e9es et cires parfum\u00e9es<\/strong>\u00a0sans les surchauffer, pr\u00e9servant ainsi leurs propri\u00e9t\u00e9s olfactives.<\/p>\n<h2>\u2728\u00a0<strong>Pourquoi choisir notre br\u00fble-parfum \u00e9lectrique ?<\/strong><\/h2>\n<p>\u2705\u00a0<strong>Double fonction<\/strong>\u00a0: Diffuseur de parfum et lampe d\u2019ambiance.<br \/>\n\u2705\u00a0<strong>Temp\u00e9rature ajustable<\/strong>\u00a0: Diffusion ma\u00eetris\u00e9e sans alt\u00e9rer les senteurs.<br \/>\n\u2705\u00a0<strong>Design \u00e9l\u00e9gant<\/strong>\u00a0: Verre bleu avec motifs artistiques inspir\u00e9s de l\u2019eau et du ciel.<br \/>\n\u2705\u00a0<strong>Entretien facile<\/strong>\u00a0: Couvercle en verre amovible pour un nettoyage rapide.<br \/>\n\u2705\u00a0<strong>Surface de diffusion<\/strong>\u00a0: Jusqu\u2019\u00e0\u00a0<strong>20 m\u00b2<\/strong>, id\u00e9al pour parfumer une pi\u00e8ce enti\u00e8re.<\/p>\n","protected":false},"featured_media":2243,"comment_status":"open","ping_status":"closed","template":"","meta":[],"product_brand":[],"product_cat":[109],"product_tag":[160,163,161,164,162,154,159,165],"class_list":{"0":"post-2242","1":"product","2":"type-product","3":"status-publish","4":"has-post-thumbnail","6":"product_cat-brule-parfum","7":"product_tag-brule-parfum-electrique","8":"product_tag-bruleur-fondants-electrique","9":"product_tag-bruleur-sans-flamme","10":"product_tag-diffuseur-chaleur-douce","11":"product_tag-diffuseur-electrique","12":"product_tag-diffuseur-parfum-maison","13":"product_tag-idee-cadeau","14":"product_tag-securite-sans-flamme","16":"first","17":"instock","18":"shipping-taxable","19":"purchasable","20":"product-type-simple"},"yoast_head":"<!-- This site is optimized with the Yoast SEO plugin v27.4 - https:\/\/yoast.com\/product\/yoast-seo-wordpress\/ -->\n<title>Br\u00fble-Parfum &quot;Lumi\u00e8re &amp; Parfum&quot; - Douceur de Grasse<\/title>\n<meta name=\"robots\" content=\"index, follow, max-snippet:-1, max-image-preview:large, max-video-preview:-1\" \/>\n<link rel=\"canonical\" href=\"https:\/\/douceurdegrasse.fr\/?product=brule-parfum-lumiere-parfum\" \/>\n<meta property=\"og:locale\" content=\"fr_FR\" \/>\n<meta property=\"og:type\" content=\"article\" \/>\n<meta property=\"og:title\" content=\"Br\u00fble-Parfum &quot;Lumi\u00e8re &amp; Parfum&quot; - Douceur de Grasse\" \/>\n<meta property=\"og:description\" content=\"\ud83d\udd25\u00a0Br\u00fble-parfum \u00c9lectrique Bleu \u2013 \u00c9l\u00e9gance et diffusion ma\u00eetris\u00e9e Plongez dans une\u00a0exp\u00e9rience sensorielle unique, o\u00f9 la lumi\u00e8re et le parfum se m\u00ealent harmonieusement. Inspir\u00e9 par le\u00a0reflet de l\u2019eau et du ciel, ce br\u00fble-parfum en verre bleu aux\u00a0motifs dessin\u00e9s \u00e0 la main\u00a0apporte une touche raffin\u00e9e \u00e0 votre int\u00e9rieur.  Gr\u00e2ce \u00e0 son\u00a0temp\u00e9rature r\u00e9glable, il diffuse\u00a0huiles essentielles, solutions parfum\u00e9es et cires parfum\u00e9es\u00a0sans les surchauffer, pr\u00e9servant ainsi leurs propri\u00e9t\u00e9s olfactives. \u2728\u00a0Pourquoi choisir notre br\u00fble-parfum \u00e9lectrique ? \u2705\u00a0Double fonction\u00a0: Diffuseur de parfum et lampe d\u2019ambiance. \u2705\u00a0Temp\u00e9rature ajustable\u00a0: Diffusion ma\u00eetris\u00e9e sans alt\u00e9rer les senteurs. \u2705\u00a0Design \u00e9l\u00e9gant\u00a0: Verre bleu avec motifs artistiques inspir\u00e9s de l\u2019eau et du ciel. \u2705\u00a0Entretien facile\u00a0: Couvercle en verre amovible pour un nettoyage rapide. \u2705\u00a0Surface de diffusion\u00a0: Jusqu\u2019\u00e0\u00a020 m\u00b2, id\u00e9al pour parfumer une pi\u00e8ce enti\u00e8re.\" \/>\n<meta property=\"og:url\" content=\"https:\/\/douceurdegrasse.fr\/?product=brule-parfum-lumiere-parfum\" \/>\n<meta property=\"og:site_name\" content=\"Douceur de Grasse\" \/>\n<meta property=\"article:modified_time\" content=\"2026-02-01T09:25:57+00:00\" \/>\n<meta property=\"og:image\" content=\"https:\/\/douceurdegrasse.fr\/wp-content\/uploads\/2025\/08\/Bruleur-9.1.png\" \/>\n\t<meta property=\"og:image:width\" content=\"500\" \/>\n\t<meta property=\"og:image:height\" content=\"500\" \/>\n\t<meta property=\"og:image:type\" content=\"image\/png\" \/>\n<meta name=\"twitter:card\" content=\"summary_large_image\" \/>\n<meta name=\"twitter:label1\" content=\"Dur\u00e9e de lecture estim\u00e9e\" \/>\n\t<meta name=\"twitter:data1\" content=\"2 minutes\" \/>\n<script type=\"application\/ld+json\" class=\"yoast-schema-graph\">{\"@context\":\"https:\\\/\\\/schema.org\",\"@graph\":[{\"@type\":\"WebPage\",\"@id\":\"https:\\\/\\\/douceurdegrasse.fr\\\/?product=brule-parfum-lumiere-parfum\",\"url\":\"https:\\\/\\\/douceurdegrasse.fr\\\/?product=brule-parfum-lumiere-parfum\",\"name\":\"Br\u00fble-Parfum \\\"Lumi\u00e8re & Parfum\\\" - Douceur de Grasse\",\"isPartOf\":{\"@id\":\"https:\\\/\\\/darkorange-woodcock-422475.hostingersite.com\\\/#website\"},\"primaryImageOfPage\":{\"@id\":\"https:\\\/\\\/douceurdegrasse.fr\\\/?product=brule-parfum-lumiere-parfum#primaryimage\"},\"image\":{\"@id\":\"https:\\\/\\\/douceurdegrasse.fr\\\/?product=brule-parfum-lumiere-parfum#primaryimage\"},\"thumbnailUrl\":\"https:\\\/\\\/douceurdegrasse.fr\\\/wp-content\\\/uploads\\\/2025\\\/08\\\/Bruleur-9.1.png\",\"datePublished\":\"2025-08-18T20:07:42+00:00\",\"dateModified\":\"2026-02-01T09:25:57+00:00\",\"breadcrumb\":{\"@id\":\"https:\\\/\\\/douceurdegrasse.fr\\\/?product=brule-parfum-lumiere-parfum#breadcrumb\"},\"inLanguage\":\"fr-FR\",\"potentialAction\":[{\"@type\":\"ReadAction\",\"target\":[\"https:\\\/\\\/douceurdegrasse.fr\\\/?product=brule-parfum-lumiere-parfum\"]}]},{\"@type\":\"ImageObject\",\"inLanguage\":\"fr-FR\",\"@id\":\"https:\\\/\\\/douceurdegrasse.fr\\\/?product=brule-parfum-lumiere-parfum#primaryimage\",\"url\":\"https:\\\/\\\/douceurdegrasse.fr\\\/wp-content\\\/uploads\\\/2025\\\/08\\\/Bruleur-9.1.png\",\"contentUrl\":\"https:\\\/\\\/douceurdegrasse.fr\\\/wp-content\\\/uploads\\\/2025\\\/08\\\/Bruleur-9.1.png\",\"width\":500,\"height\":500,\"caption\":\"Br\u00fble-Parfum Lumi\u00e8re & Parfum vue 1\"},{\"@type\":\"BreadcrumbList\",\"@id\":\"https:\\\/\\\/douceurdegrasse.fr\\\/?product=brule-parfum-lumiere-parfum#breadcrumb\",\"itemListElement\":[{\"@type\":\"ListItem\",\"position\":1,\"name\":\"Accueil\",\"item\":\"https:\\\/\\\/douceurdegrasse.fr\\\/\"},{\"@type\":\"ListItem\",\"position\":2,\"name\":\"Boutique\",\"item\":\"https:\\\/\\\/darkorange-woodcock-422475.hostingersite.com\\\/?page_id=5\"},{\"@type\":\"ListItem\",\"position\":3,\"name\":\"Br\u00fble-Parfum \u00ab\u00a0Lumi\u00e8re &#038; Parfum\u00a0\u00bb\"}]},{\"@type\":\"WebSite\",\"@id\":\"https:\\\/\\\/darkorange-woodcock-422475.hostingersite.com\\\/#website\",\"url\":\"https:\\\/\\\/darkorange-woodcock-422475.hostingersite.com\\\/\",\"name\":\"Douceur de Grasse\",\"description\":\"\",\"publisher\":{\"@id\":\"https:\\\/\\\/darkorange-woodcock-422475.hostingersite.com\\\/#organization\"},\"potentialAction\":[{\"@type\":\"SearchAction\",\"target\":{\"@type\":\"EntryPoint\",\"urlTemplate\":\"https:\\\/\\\/darkorange-woodcock-422475.hostingersite.com\\\/?s={search_term_string}\"},\"query-input\":{\"@type\":\"PropertyValueSpecification\",\"valueRequired\":true,\"valueName\":\"search_term_string\"}}],\"inLanguage\":\"fr-FR\"},{\"@type\":\"Organization\",\"@id\":\"https:\\\/\\\/darkorange-woodcock-422475.hostingersite.com\\\/#organization\",\"name\":\"Douceur de Grasse\",\"url\":\"https:\\\/\\\/darkorange-woodcock-422475.hostingersite.com\\\/\",\"logo\":{\"@type\":\"ImageObject\",\"inLanguage\":\"fr-FR\",\"@id\":\"https:\\\/\\\/darkorange-woodcock-422475.hostingersite.com\\\/#\\\/schema\\\/logo\\\/image\\\/\",\"url\":\"https:\\\/\\\/douceurdegrasse.fr\\\/wp-content\\\/uploads\\\/2025\\\/08\\\/Douceur-de-Grasse-1.png\",\"contentUrl\":\"https:\\\/\\\/douceurdegrasse.fr\\\/wp-content\\\/uploads\\\/2025\\\/08\\\/Douceur-de-Grasse-1.png\",\"width\":2000,\"height\":2000,\"caption\":\"Douceur de Grasse\"},\"image\":{\"@id\":\"https:\\\/\\\/darkorange-woodcock-422475.hostingersite.com\\\/#\\\/schema\\\/logo\\\/image\\\/\"}}]}<\/script>\n<!-- \/ Yoast SEO plugin. -->","yoast_head_json":{"title":"Br\u00fble-Parfum \"Lumi\u00e8re & Parfum\" - Douceur de Grasse","robots":{"index":"index","follow":"follow","max-snippet":"max-snippet:-1","max-image-preview":"max-image-preview:large","max-video-preview":"max-video-preview:-1"},"canonical":"https:\/\/douceurdegrasse.fr\/?product=brule-parfum-lumiere-parfum","og_locale":"fr_FR","og_type":"article","og_title":"Br\u00fble-Parfum \"Lumi\u00e8re & Parfum\" - Douceur de Grasse","og_description":"\ud83d\udd25\u00a0Br\u00fble-parfum \u00c9lectrique Bleu \u2013 \u00c9l\u00e9gance et diffusion ma\u00eetris\u00e9e Plongez dans une\u00a0exp\u00e9rience sensorielle unique, o\u00f9 la lumi\u00e8re et le parfum se m\u00ealent harmonieusement. Inspir\u00e9 par le\u00a0reflet de l\u2019eau et du ciel, ce br\u00fble-parfum en verre bleu aux\u00a0motifs dessin\u00e9s \u00e0 la main\u00a0apporte une touche raffin\u00e9e \u00e0 votre int\u00e9rieur.  Gr\u00e2ce \u00e0 son\u00a0temp\u00e9rature r\u00e9glable, il diffuse\u00a0huiles essentielles, solutions parfum\u00e9es et cires parfum\u00e9es\u00a0sans les surchauffer, pr\u00e9servant ainsi leurs propri\u00e9t\u00e9s olfactives. \u2728\u00a0Pourquoi choisir notre br\u00fble-parfum \u00e9lectrique ? \u2705\u00a0Double fonction\u00a0: Diffuseur de parfum et lampe d\u2019ambiance. \u2705\u00a0Temp\u00e9rature ajustable\u00a0: Diffusion ma\u00eetris\u00e9e sans alt\u00e9rer les senteurs. \u2705\u00a0Design \u00e9l\u00e9gant\u00a0: Verre bleu avec motifs artistiques inspir\u00e9s de l\u2019eau et du ciel. \u2705\u00a0Entretien facile\u00a0: Couvercle en verre amovible pour un nettoyage rapide. \u2705\u00a0Surface de diffusion\u00a0: Jusqu\u2019\u00e0\u00a020 m\u00b2, id\u00e9al pour parfumer une pi\u00e8ce enti\u00e8re.","og_url":"https:\/\/douceurdegrasse.fr\/?product=brule-parfum-lumiere-parfum","og_site_name":"Douceur de Grasse","article_modified_time":"2026-02-01T09:25:57+00:00","og_image":[{"width":500,"height":500,"url":"https:\/\/douceurdegrasse.fr\/wp-content\/uploads\/2025\/08\/Bruleur-9.1.png","type":"image\/png"}],"twitter_card":"summary_large_image","twitter_misc":{"Dur\u00e9e de lecture estim\u00e9e":"2 minutes"},"schema":{"@context":"https:\/\/schema.org","@graph":[{"@type":"WebPage","@id":"https:\/\/douceurdegrasse.fr\/?product=brule-parfum-lumiere-parfum","url":"https:\/\/douceurdegrasse.fr\/?product=brule-parfum-lumiere-parfum","name":"Br\u00fble-Parfum \"Lumi\u00e8re & Parfum\" - Douceur de Grasse","isPartOf":{"@id":"https:\/\/darkorange-woodcock-422475.hostingersite.com\/#website"},"primaryImageOfPage":{"@id":"https:\/\/douceurdegrasse.fr\/?product=brule-parfum-lumiere-parfum#primaryimage"},"image":{"@id":"https:\/\/douceurdegrasse.fr\/?product=brule-parfum-lumiere-parfum#primaryimage"},"thumbnailUrl":"https:\/\/douceurdegrasse.fr\/wp-content\/uploads\/2025\/08\/Bruleur-9.1.png","datePublished":"2025-08-18T20:07:42+00:00","dateModified":"2026-02-01T09:25:57+00:00","breadcrumb":{"@id":"https:\/\/douceurdegrasse.fr\/?product=brule-parfum-lumiere-parfum#breadcrumb"},"inLanguage":"fr-FR","potentialAction":[{"@type":"ReadAction","target":["https:\/\/douceurdegrasse.fr\/?product=brule-parfum-lumiere-parfum"]}]},{"@type":"ImageObject","inLanguage":"fr-FR","@id":"https:\/\/douceurdegrasse.fr\/?product=brule-parfum-lumiere-parfum#primaryimage","url":"https:\/\/douceurdegrasse.fr\/wp-content\/uploads\/2025\/08\/Bruleur-9.1.png","contentUrl":"https:\/\/douceurdegrasse.fr\/wp-content\/uploads\/2025\/08\/Bruleur-9.1.png","width":500,"height":500,"caption":"Br\u00fble-Parfum Lumi\u00e8re & Parfum vue 1"},{"@type":"BreadcrumbList","@id":"https:\/\/douceurdegrasse.fr\/?product=brule-parfum-lumiere-parfum#breadcrumb","itemListElement":[{"@type":"ListItem","position":1,"name":"Accueil","item":"https:\/\/douceurdegrasse.fr\/"},{"@type":"ListItem","position":2,"name":"Boutique","item":"https:\/\/darkorange-woodcock-422475.hostingersite.com\/?page_id=5"},{"@type":"ListItem","position":3,"name":"Br\u00fble-Parfum \u00ab\u00a0Lumi\u00e8re &#038; Parfum\u00a0\u00bb"}]},{"@type":"WebSite","@id":"https:\/\/darkorange-woodcock-422475.hostingersite.com\/#website","url":"https:\/\/darkorange-woodcock-422475.hostingersite.com\/","name":"Douceur de Grasse","description":"","publisher":{"@id":"https:\/\/darkorange-woodcock-422475.hostingersite.com\/#organization"},"potentialAction":[{"@type":"SearchAction","target":{"@type":"EntryPoint","urlTemplate":"https:\/\/darkorange-woodcock-422475.hostingersite.com\/?s={search_term_string}"},"query-input":{"@type":"PropertyValueSpecification","valueRequired":true,"valueName":"search_term_string"}}],"inLanguage":"fr-FR"},{"@type":"Organization","@id":"https:\/\/darkorange-woodcock-422475.hostingersite.com\/#organization","name":"Douceur de Grasse","url":"https:\/\/darkorange-woodcock-422475.hostingersite.com\/","logo":{"@type":"ImageObject","inLanguage":"fr-FR","@id":"https:\/\/darkorange-woodcock-422475.hostingersite.com\/#\/schema\/logo\/image\/","url":"https:\/\/douceurdegrasse.fr\/wp-content\/uploads\/2025\/08\/Douceur-de-Grasse-1.png","contentUrl":"https:\/\/douceurdegrasse.fr\/wp-content\/uploads\/2025\/08\/Douceur-de-Grasse-1.png","width":2000,"height":2000,"caption":"Douceur de Grasse"},"image":{"@id":"https:\/\/darkorange-woodcock-422475.hostingersite.com\/#\/schema\/logo\/image\/"}}]}},"jetpack_sharing_enabled":true,"_links":{"self":[{"href":"https:\/\/douceurdegrasse.fr\/index.php?rest_route=\/wp\/v2\/product\/2242","targetHints":{"allow":["GET"]}}],"collection":[{"href":"https:\/\/douceurdegrasse.fr\/index.php?rest_route=\/wp\/v2\/product"}],"about":[{"href":"https:\/\/douceurdegrasse.fr\/index.php?rest_route=\/wp\/v2\/types\/product"}],"replies":[{"embeddable":true,"href":"https:\/\/douceurdegrasse.fr\/index.php?rest_route=%2Fwp%2Fv2%2Fcomments&post=2242"}],"wp:featuredmedia":[{"embeddable":true,"href":"https:\/\/douceurdegrasse.fr\/index.php?rest_route=\/wp\/v2\/media\/2243"}],"wp:attachment":[{"href":"https:\/\/douceurdegrasse.fr\/index.php?rest_route=%2Fwp%2Fv2%2Fmedia&parent=2242"}],"wp:term":[{"taxonomy":"product_brand","embeddable":true,"href":"https:\/\/douceurdegrasse.fr\/index.php?rest_route=%2Fwp%2Fv2%2Fproduct_brand&post=2242"},{"taxonomy":"product_cat","embeddable":true,"href":"https:\/\/douceurdegrasse.fr\/index.php?rest_route=%2Fwp%2Fv2%2Fproduct_cat&post=2242"},{"taxonomy":"product_tag","embeddable":true,"href":"https:\/\/douceurdegrasse.fr\/index.php?rest_route=%2Fwp%2Fv2%2Fproduct_tag&post=2242"}],"curies":[{"name":"wp","href":"https:\/\/api.w.org\/{rel}","templated":true}]}}