{"id":2598,"date":"2025-09-07T17:04:01","date_gmt":"2025-09-07T17:04:01","guid":{"rendered":"https:\/\/douceurdegrasse.fr\/?page_id=2598"},"modified":"2025-09-07T17:11:45","modified_gmt":"2025-09-07T17:11:45","slug":"les-suspensions-parfumees","status":"publish","type":"page","link":"https:\/\/douceurdegrasse.fr\/?page_id=2598","title":{"rendered":"Les suspensions parfum\u00e9es"},"content":{"rendered":"\t\t<div data-elementor-type=\"wp-page\" data-elementor-id=\"2598\" class=\"elementor elementor-2598\">\n\t\t\t\t<div class=\"elementor-element elementor-element-515a280 e-flex e-con-boxed e-con e-parent\" data-id=\"515a280\" data-element_type=\"container\" data-e-type=\"container\">\n\t\t\t\t\t<div class=\"e-con-inner\">\n\t\t\t\t<div class=\"elementor-element elementor-element-d9f72e9 elementor-widget elementor-widget-heading\" data-id=\"d9f72e9\" data-element_type=\"widget\" data-e-type=\"widget\" data-widget_type=\"heading.default\">\n\t\t\t\t\t<h2 class=\"elementor-heading-title elementor-size-default\">\ud83c\udf2c\ufe0f Suspensions Parfum\u00e9es : L\u2019Art de Diffuser la Beaut\u00e9<\/h2>\t\t\t\t<\/div>\n\t\t\t\t\t<\/div>\n\t\t\t\t<\/div>\n\t\t<div class=\"elementor-element elementor-element-3952fd1 e-flex e-con-boxed e-con e-parent\" data-id=\"3952fd1\" data-element_type=\"container\" data-e-type=\"container\">\n\t\t\t\t\t<div class=\"e-con-inner\">\n\t\t\t\t<div class=\"elementor-element elementor-element-83da65b elementor-widget elementor-widget-text-editor\" data-id=\"83da65b\" data-element_type=\"widget\" data-e-type=\"widget\" data-widget_type=\"text-editor.default\">\n\t\t\t\t\t\t\t\t\t<p>Chez <em>Douceur de Grasse<\/em>, les suspensions parfum\u00e9es ne sont pas de simples objets : ce sont des fragments d\u2019\u00e9motion, des \u00e9clats de parfum suspendus dans le quotidien. \u00c0 accrocher dans une armoire, une voiture, une poign\u00e9e de porte ou m\u00eame \u00e0 offrir, elles diffusent subtilement leurs notes et d\u00e9corent avec charme.<\/p>\t\t\t\t\t\t\t\t<\/div>\n\t\t\t\t\t<\/div>\n\t\t\t\t<\/div>\n\t\t<div class=\"elementor-element elementor-element-861e3bd e-flex e-con-boxed e-con e-parent\" data-id=\"861e3bd\" data-element_type=\"container\" data-e-type=\"container\">\n\t\t\t\t\t<div class=\"e-con-inner\">\n\t\t\t\t<div class=\"elementor-element elementor-element-04b101e elementor-widget elementor-widget-heading\" data-id=\"04b101e\" data-element_type=\"widget\" data-e-type=\"widget\" data-widget_type=\"heading.default\">\n\t\t\t\t\t<h2 class=\"elementor-heading-title elementor-size-default\">D\u00e9couvrez toutes les suspensions<\/h2>\t\t\t\t<\/div>\n\t\t\t\t\t<\/div>\n\t\t\t\t<\/div>\n\t\t<div class=\"elementor-element elementor-element-975b225 e-flex e-con-boxed e-con e-parent\" data-id=\"975b225\" data-element_type=\"container\" data-e-type=\"container\">\n\t\t\t\t\t<div class=\"e-con-inner\">\n\t\t\t\t<div class=\"elementor-element elementor-element-44299da elementor-widget elementor-widget-shortcode\" data-id=\"44299da\" data-element_type=\"widget\" data-e-type=\"widget\" data-widget_type=\"shortcode.default\">\n\t\t\t\t\t\t\t<div class=\"elementor-shortcode\"><div class=\"woocommerce columns-6 \"><\/div><\/div>\n\t\t\t\t\t\t<\/div>\n\t\t\t\t\t<\/div>\n\t\t\t\t<\/div>\n\t\t<div class=\"elementor-element elementor-element-37d8d64 e-flex e-con-boxed e-con e-parent\" data-id=\"37d8d64\" data-element_type=\"container\" data-e-type=\"container\">\n\t\t\t\t\t<div class=\"e-con-inner\">\n\t\t\t\t<div class=\"elementor-element elementor-element-8ac0e59 elementor-widget elementor-widget-heading\" data-id=\"8ac0e59\" data-element_type=\"widget\" data-e-type=\"widget\" data-widget_type=\"heading.default\">\n\t\t\t\t\t<h2 class=\"elementor-heading-title elementor-size-default\">D\u00e9couvrez les suspensions par cat\u00e9gorie<\/h2>\t\t\t\t<\/div>\n\t\t\t\t\t<\/div>\n\t\t\t\t<\/div>\n\t\t<div class=\"elementor-element elementor-element-e65b568 e-flex e-con-boxed e-con e-parent\" data-id=\"e65b568\" data-element_type=\"container\" data-e-type=\"container\">\n\t\t\t\t\t<div class=\"e-con-inner\">\n\t\t\t\t<div class=\"elementor-element elementor-element-ffa0f80 elementor-widget elementor-widget-heading\" data-id=\"ffa0f80\" data-element_type=\"widget\" data-e-type=\"widget\" data-widget_type=\"heading.default\">\n\t\t\t\t\t<h3 class=\"elementor-heading-title elementor-size-default\">\ud83d\udd4a\ufe0f Suspension Classique : \u00c9l\u00e9gance au Quotidie<\/h3>\t\t\t\t<\/div>\n\t\t\t\t\t<\/div>\n\t\t\t\t<\/div>\n\t\t<div class=\"elementor-element elementor-element-add8a4f e-flex e-con-boxed e-con e-parent\" data-id=\"add8a4f\" data-element_type=\"container\" data-e-type=\"container\">\n\t\t\t\t\t<div class=\"e-con-inner\">\n\t\t\t\t<div class=\"elementor-element elementor-element-166d152 elementor-widget elementor-widget-text-editor\" data-id=\"166d152\" data-element_type=\"widget\" data-e-type=\"widget\" data-widget_type=\"text-editor.default\">\n\t\t\t\t\t\t\t\t\t<p>Discr\u00e8tes et raffin\u00e9es, mes suspensions classiques sont pens\u00e9es pour accompagner vos espaces avec d\u00e9licatesse. Parfums poudr\u00e9s, floraux ou bois\u00e9s, elles s\u2019int\u00e8grent parfaitement dans une garde-robe ou une entr\u00e9e. Un geste simple pour une ambiance toujours soign\u00e9e.<\/p>\t\t\t\t\t\t\t\t<\/div>\n\t\t\t\t\t<\/div>\n\t\t\t\t<\/div>\n\t\t<div class=\"elementor-element elementor-element-2bbf07e e-flex e-con-boxed e-con e-parent\" data-id=\"2bbf07e\" data-element_type=\"container\" data-e-type=\"container\">\n\t\t\t\t\t<div class=\"e-con-inner\">\n\t\t\t\t<div class=\"elementor-element elementor-element-21f8c57 elementor-widget elementor-widget-shortcode\" data-id=\"21f8c57\" data-element_type=\"widget\" data-e-type=\"widget\" data-widget_type=\"shortcode.default\">\n\t\t\t\t\t\t\t<div class=\"elementor-shortcode\"><div class=\"woocommerce columns-6 \"><\/div><\/div>\n\t\t\t\t\t\t<\/div>\n\t\t\t\t\t<\/div>\n\t\t\t\t<\/div>\n\t\t<div class=\"elementor-element elementor-element-637f3d1 e-flex e-con-boxed e-con e-parent\" data-id=\"637f3d1\" data-element_type=\"container\" data-e-type=\"container\">\n\t\t\t\t\t<div class=\"e-con-inner\">\n\t\t\t\t<div class=\"elementor-element elementor-element-f7434d0 elementor-widget elementor-widget-heading\" data-id=\"f7434d0\" data-element_type=\"widget\" data-e-type=\"widget\" data-widget_type=\"heading.default\">\n\t\t\t\t\t<h3 class=\"elementor-heading-title elementor-size-default\">\ud83c\udf80 Suspension D\u00e9cor\u00e9e : L\u2019Alliance du Beau et du Bon<\/h3>\t\t\t\t<\/div>\n\t\t\t\t\t<\/div>\n\t\t\t\t<\/div>\n\t\t<div class=\"elementor-element elementor-element-5f9b8f7 e-flex e-con-boxed e-con e-parent\" data-id=\"5f9b8f7\" data-element_type=\"container\" data-e-type=\"container\">\n\t\t\t\t\t<div class=\"e-con-inner\">\n\t\t\t\t<div class=\"elementor-element elementor-element-7c03957 elementor-widget elementor-widget-text-editor\" data-id=\"7c03957\" data-element_type=\"widget\" data-e-type=\"widget\" data-widget_type=\"text-editor.default\">\n\t\t\t\t\t\t\t\t\t<p>V\u00e9ritables objets d\u00e9coratifs, mes suspensions d\u00e9cor\u00e9es sont orn\u00e9es de fleurs s\u00e9ch\u00e9es, de rubans ou de petits charms. Elles s\u00e9duisent autant par leur esth\u00e9tique que par leurs fragrances. \u00c0 offrir ou \u00e0 s\u2019offrir, elles sont le d\u00e9tail qui fait toute la diff\u00e9rence.<\/p>\t\t\t\t\t\t\t\t<\/div>\n\t\t\t\t\t<\/div>\n\t\t\t\t<\/div>\n\t\t<div class=\"elementor-element elementor-element-c2130d3 e-flex e-con-boxed e-con e-parent\" data-id=\"c2130d3\" data-element_type=\"container\" data-e-type=\"container\">\n\t\t\t\t\t<div class=\"e-con-inner\">\n\t\t\t\t<div class=\"elementor-element elementor-element-371a319 elementor-widget elementor-widget-shortcode\" data-id=\"371a319\" data-element_type=\"widget\" data-e-type=\"widget\" data-widget_type=\"shortcode.default\">\n\t\t\t\t\t\t\t<div class=\"elementor-shortcode\"><div class=\"woocommerce columns-6 \"><\/div><\/div>\n\t\t\t\t\t\t<\/div>\n\t\t\t\t\t<\/div>\n\t\t\t\t<\/div>\n\t\t<div class=\"elementor-element elementor-element-91548fc e-flex e-con-boxed e-con e-parent\" data-id=\"91548fc\" data-element_type=\"container\" data-e-type=\"container\">\n\t\t\t\t\t<div class=\"e-con-inner\">\n\t\t\t\t<div class=\"elementor-element elementor-element-90a9e24 elementor-widget elementor-widget-heading\" data-id=\"90a9e24\" data-element_type=\"widget\" data-e-type=\"widget\" data-widget_type=\"heading.default\">\n\t\t\t\t\t<h3 class=\"elementor-heading-title elementor-size-default\">\u2600\ufe0f Suspension \u00c9t\u00e9 : Fra\u00eecheur et Soleil<\/h3>\t\t\t\t<\/div>\n\t\t\t\t\t<\/div>\n\t\t\t\t<\/div>\n\t\t<div class=\"elementor-element elementor-element-efe0468 e-flex e-con-boxed e-con e-parent\" data-id=\"efe0468\" data-element_type=\"container\" data-e-type=\"container\">\n\t\t\t\t\t<div class=\"e-con-inner\">\n\t\t\t\t<div class=\"elementor-element elementor-element-101d3cb elementor-widget elementor-widget-text-editor\" data-id=\"101d3cb\" data-element_type=\"widget\" data-e-type=\"widget\" data-widget_type=\"text-editor.default\">\n\t\t\t\t\t\t\t\t\t<p>L\u00e9g\u00e8res, color\u00e9es et pleines de vitalit\u00e9, mes suspensions estivales \u00e9voquent les vacances, les jardins fleuris et les brises marines. Parfums de mono\u00ef, douceur des \u00eeles ou fleur de tiar\u00e9\u2026 elles apportent une touche solaire \u00e0 votre int\u00e9rieur, m\u00eame quand le ciel est gris.<\/p>\t\t\t\t\t\t\t\t<\/div>\n\t\t\t\t\t<\/div>\n\t\t\t\t<\/div>\n\t\t<div class=\"elementor-element elementor-element-43a0718 e-flex e-con-boxed e-con e-parent\" data-id=\"43a0718\" data-element_type=\"container\" data-e-type=\"container\">\n\t\t\t\t\t<div class=\"e-con-inner\">\n\t\t\t\t<div class=\"elementor-element elementor-element-2207bd9 elementor-widget elementor-widget-shortcode\" data-id=\"2207bd9\" data-element_type=\"widget\" data-e-type=\"widget\" data-widget_type=\"shortcode.default\">\n\t\t\t\t\t\t\t<div class=\"elementor-shortcode\"><div class=\"woocommerce columns-6 \"><\/div><\/div>\n\t\t\t\t\t\t<\/div>\n\t\t\t\t\t<\/div>\n\t\t\t\t<\/div>\n\t\t<div class=\"elementor-element elementor-element-6bdd197 e-flex e-con-boxed e-con e-parent\" data-id=\"6bdd197\" data-element_type=\"container\" data-e-type=\"container\">\n\t\t\t\t\t<div class=\"e-con-inner\">\n\t\t\t\t<div class=\"elementor-element elementor-element-89ad1f1 elementor-widget elementor-widget-heading\" data-id=\"89ad1f1\" data-element_type=\"widget\" data-e-type=\"widget\" data-widget_type=\"heading.default\">\n\t\t\t\t\t<h3 class=\"elementor-heading-title elementor-size-default\">\ud83c\udfad Suspensions Th\u00e9matiques : Des Univers \u00e0 Suspendre<\/h3>\t\t\t\t<\/div>\n\t\t\t\t\t<\/div>\n\t\t\t\t<\/div>\n\t\t<div class=\"elementor-element elementor-element-635ac5b e-flex e-con-boxed e-con e-parent\" data-id=\"635ac5b\" data-element_type=\"container\" data-e-type=\"container\">\n\t\t\t\t\t<div class=\"e-con-inner\">\n\t\t\t\t<div class=\"elementor-element elementor-element-0723b37 elementor-widget elementor-widget-text-editor\" data-id=\"0723b37\" data-element_type=\"widget\" data-e-type=\"widget\" data-widget_type=\"text-editor.default\">\n\t\t\t\t\t\t\t\t\t<p>Pens\u00e9es comme de petites sc\u00e9nographies parfum\u00e9es, nos suspensions th\u00e9matiques racontent une histoire \u00e0 chaque saison, chaque f\u00eate ou chaque humeur. Halloween, Saint-Valentin, f\u00eate des m\u00e8res, rentr\u00e9e scolaire\u2026 chaque cr\u00e9ation est unique, d\u00e9cor\u00e9e avec soin et impr\u00e9gn\u00e9e de parfums \u00e9vocateurs. Que ce soit une ambiance myst\u00e9rieuse, romantique ou festive, ces suspensions transforment l\u2019air en \u00e9motion. \u00c0 offrir ou \u00e0 collectionner, elles sont le reflet de votre personnalit\u00e9 et de vos instants pr\u00e9cieux.<\/p>\t\t\t\t\t\t\t\t<\/div>\n\t\t\t\t\t<\/div>\n\t\t\t\t<\/div>\n\t\t<div class=\"elementor-element elementor-element-922d111 e-flex e-con-boxed e-con e-parent\" data-id=\"922d111\" data-element_type=\"container\" data-e-type=\"container\">\n\t\t\t\t\t<div class=\"e-con-inner\">\n\t\t\t\t<div class=\"elementor-element elementor-element-23048e8 elementor-widget elementor-widget-shortcode\" data-id=\"23048e8\" data-element_type=\"widget\" data-e-type=\"widget\" data-widget_type=\"shortcode.default\">\n\t\t\t\t\t\t\t<div class=\"elementor-shortcode\"><div class=\"woocommerce columns-6 \"><\/div><\/div>\n\t\t\t\t\t\t<\/div>\n\t\t\t\t\t<\/div>\n\t\t\t\t<\/div>\n\t\t<div class=\"elementor-element elementor-element-2e8ae7b e-flex e-con-boxed e-con e-parent\" data-id=\"2e8ae7b\" data-element_type=\"container\" data-e-type=\"container\">\n\t\t\t\t\t<div class=\"e-con-inner\">\n\t\t\t\t<div class=\"elementor-element elementor-element-ea82bd4 elementor-widget elementor-widget-spacer\" data-id=\"ea82bd4\" data-element_type=\"widget\" data-e-type=\"widget\" data-widget_type=\"spacer.default\">\n\t\t\t\t\t\t\t<div class=\"elementor-spacer\">\n\t\t\t<div class=\"elementor-spacer-inner\"><\/div>\n\t\t<\/div>\n\t\t\t\t\t\t<\/div>\n\t\t\t\t\t<\/div>\n\t\t\t\t<\/div>\n\t\t<div class=\"elementor-element elementor-element-f58d573 e-flex e-con-boxed e-con e-parent\" data-id=\"f58d573\" data-element_type=\"container\" data-e-type=\"container\">\n\t\t\t\t\t<div class=\"e-con-inner\">\n\t\t\t\t<div class=\"elementor-element elementor-element-a887a46 elementor-widget elementor-widget-text-editor\" data-id=\"a887a46\" data-element_type=\"widget\" data-e-type=\"widget\" data-widget_type=\"text-editor.default\">\n\t\t\t\t\t\t\t\t\t<p>Chaque suspension <em>Douceur de Grasse<\/em> est fabriqu\u00e9e \u00e0 la main avec soin, dans mon atelier des Hauts-de-France. Plus qu\u2019un parfum, c\u2019est une signature olfactive et visuelle qui vous accompagne au fil des saisons.<\/p>\t\t\t\t\t\t\t\t<\/div>\n\t\t\t\t\t<\/div>\n\t\t\t\t<\/div>\n\t\t\t\t<\/div>\n\t\t","protected":false},"excerpt":{"rendered":"<p>\ud83c\udf2c\ufe0f Suspensions Parfum\u00e9es : L\u2019Art de Diffuser la Beaut\u00e9 Chez Douceur de Grasse, les suspensions parfum\u00e9es ne sont pas de simples objets : ce sont des fragments d\u2019\u00e9motion, des \u00e9clats de parfum suspendus dans le quotidien. \u00c0 accrocher dans une armoire, une voiture, une poign\u00e9e de porte ou m\u00eame \u00e0 offrir, elles diffusent subtilement leurs [&hellip;]<\/p>\n","protected":false},"author":1,"featured_media":0,"parent":0,"menu_order":0,"comment_status":"closed","ping_status":"closed","template":"","meta":{"footnotes":""},"class_list":["post-2598","page","type-page","status-publish","hentry"],"blocksy_meta":[],"yoast_head":"<!-- This site is optimized with the Yoast SEO plugin v27.4 - https:\/\/yoast.com\/product\/yoast-seo-wordpress\/ -->\n<title>Les suspensions parfum\u00e9es - Douceur de Grasse<\/title>\n<meta name=\"robots\" content=\"index, follow, max-snippet:-1, max-image-preview:large, max-video-preview:-1\" \/>\n<link rel=\"canonical\" href=\"https:\/\/douceurdegrasse.fr\/?page_id=2598\" \/>\n<meta property=\"og:locale\" content=\"fr_FR\" \/>\n<meta property=\"og:type\" content=\"article\" \/>\n<meta property=\"og:title\" content=\"Les suspensions parfum\u00e9es - Douceur de Grasse\" \/>\n<meta property=\"og:description\" content=\"\ud83c\udf2c\ufe0f Suspensions Parfum\u00e9es : L\u2019Art de Diffuser la Beaut\u00e9 Chez Douceur de Grasse, les suspensions parfum\u00e9es ne sont pas de simples objets : ce sont des fragments d\u2019\u00e9motion, des \u00e9clats de parfum suspendus dans le quotidien. \u00c0 accrocher dans une armoire, une voiture, une poign\u00e9e de porte ou m\u00eame \u00e0 offrir, elles diffusent subtilement leurs [&hellip;]\" \/>\n<meta property=\"og:url\" content=\"https:\/\/douceurdegrasse.fr\/?page_id=2598\" \/>\n<meta property=\"og:site_name\" content=\"Douceur de Grasse\" \/>\n<meta property=\"article:modified_time\" content=\"2025-09-07T17:11:45+00:00\" \/>\n<meta name=\"twitter:card\" content=\"summary_large_image\" \/>\n<meta name=\"twitter:label1\" content=\"Dur\u00e9e de lecture estim\u00e9e\" \/>\n\t<meta name=\"twitter:data1\" content=\"2 minutes\" \/>\n<script type=\"application\/ld+json\" class=\"yoast-schema-graph\">{\"@context\":\"https:\\\/\\\/schema.org\",\"@graph\":[{\"@type\":\"WebPage\",\"@id\":\"https:\\\/\\\/douceurdegrasse.fr\\\/?page_id=2598\",\"url\":\"https:\\\/\\\/douceurdegrasse.fr\\\/?page_id=2598\",\"name\":\"Les suspensions parfum\u00e9es - Douceur de Grasse\",\"isPartOf\":{\"@id\":\"https:\\\/\\\/darkorange-woodcock-422475.hostingersite.com\\\/#website\"},\"datePublished\":\"2025-09-07T17:04:01+00:00\",\"dateModified\":\"2025-09-07T17:11:45+00:00\",\"breadcrumb\":{\"@id\":\"https:\\\/\\\/douceurdegrasse.fr\\\/?page_id=2598#breadcrumb\"},\"inLanguage\":\"fr-FR\",\"potentialAction\":[{\"@type\":\"ReadAction\",\"target\":[\"https:\\\/\\\/douceurdegrasse.fr\\\/?page_id=2598\"]}]},{\"@type\":\"BreadcrumbList\",\"@id\":\"https:\\\/\\\/douceurdegrasse.fr\\\/?page_id=2598#breadcrumb\",\"itemListElement\":[{\"@type\":\"ListItem\",\"position\":1,\"name\":\"Accueil\",\"item\":\"https:\\\/\\\/douceurdegrasse.fr\\\/\"},{\"@type\":\"ListItem\",\"position\":2,\"name\":\"Les suspensions parfum\u00e9es\"}]},{\"@type\":\"WebSite\",\"@id\":\"https:\\\/\\\/darkorange-woodcock-422475.hostingersite.com\\\/#website\",\"url\":\"https:\\\/\\\/darkorange-woodcock-422475.hostingersite.com\\\/\",\"name\":\"Douceur de Grasse\",\"description\":\"\",\"publisher\":{\"@id\":\"https:\\\/\\\/darkorange-woodcock-422475.hostingersite.com\\\/#organization\"},\"potentialAction\":[{\"@type\":\"SearchAction\",\"target\":{\"@type\":\"EntryPoint\",\"urlTemplate\":\"https:\\\/\\\/darkorange-woodcock-422475.hostingersite.com\\\/?s={search_term_string}\"},\"query-input\":{\"@type\":\"PropertyValueSpecification\",\"valueRequired\":true,\"valueName\":\"search_term_string\"}}],\"inLanguage\":\"fr-FR\"},{\"@type\":\"Organization\",\"@id\":\"https:\\\/\\\/darkorange-woodcock-422475.hostingersite.com\\\/#organization\",\"name\":\"Douceur de Grasse\",\"url\":\"https:\\\/\\\/darkorange-woodcock-422475.hostingersite.com\\\/\",\"logo\":{\"@type\":\"ImageObject\",\"inLanguage\":\"fr-FR\",\"@id\":\"https:\\\/\\\/darkorange-woodcock-422475.hostingersite.com\\\/#\\\/schema\\\/logo\\\/image\\\/\",\"url\":\"https:\\\/\\\/douceurdegrasse.fr\\\/wp-content\\\/uploads\\\/2025\\\/08\\\/Douceur-de-Grasse-1.png\",\"contentUrl\":\"https:\\\/\\\/douceurdegrasse.fr\\\/wp-content\\\/uploads\\\/2025\\\/08\\\/Douceur-de-Grasse-1.png\",\"width\":2000,\"height\":2000,\"caption\":\"Douceur de Grasse\"},\"image\":{\"@id\":\"https:\\\/\\\/darkorange-woodcock-422475.hostingersite.com\\\/#\\\/schema\\\/logo\\\/image\\\/\"}}]}<\/script>\n<!-- \/ Yoast SEO plugin. -->","yoast_head_json":{"title":"Les suspensions parfum\u00e9es - Douceur de Grasse","robots":{"index":"index","follow":"follow","max-snippet":"max-snippet:-1","max-image-preview":"max-image-preview:large","max-video-preview":"max-video-preview:-1"},"canonical":"https:\/\/douceurdegrasse.fr\/?page_id=2598","og_locale":"fr_FR","og_type":"article","og_title":"Les suspensions parfum\u00e9es - Douceur de Grasse","og_description":"\ud83c\udf2c\ufe0f Suspensions Parfum\u00e9es : L\u2019Art de Diffuser la Beaut\u00e9 Chez Douceur de Grasse, les suspensions parfum\u00e9es ne sont pas de simples objets : ce sont des fragments d\u2019\u00e9motion, des \u00e9clats de parfum suspendus dans le quotidien. \u00c0 accrocher dans une armoire, une voiture, une poign\u00e9e de porte ou m\u00eame \u00e0 offrir, elles diffusent subtilement leurs [&hellip;]","og_url":"https:\/\/douceurdegrasse.fr\/?page_id=2598","og_site_name":"Douceur de Grasse","article_modified_time":"2025-09-07T17:11:45+00:00","twitter_card":"summary_large_image","twitter_misc":{"Dur\u00e9e de lecture estim\u00e9e":"2 minutes"},"schema":{"@context":"https:\/\/schema.org","@graph":[{"@type":"WebPage","@id":"https:\/\/douceurdegrasse.fr\/?page_id=2598","url":"https:\/\/douceurdegrasse.fr\/?page_id=2598","name":"Les suspensions parfum\u00e9es - Douceur de Grasse","isPartOf":{"@id":"https:\/\/darkorange-woodcock-422475.hostingersite.com\/#website"},"datePublished":"2025-09-07T17:04:01+00:00","dateModified":"2025-09-07T17:11:45+00:00","breadcrumb":{"@id":"https:\/\/douceurdegrasse.fr\/?page_id=2598#breadcrumb"},"inLanguage":"fr-FR","potentialAction":[{"@type":"ReadAction","target":["https:\/\/douceurdegrasse.fr\/?page_id=2598"]}]},{"@type":"BreadcrumbList","@id":"https:\/\/douceurdegrasse.fr\/?page_id=2598#breadcrumb","itemListElement":[{"@type":"ListItem","position":1,"name":"Accueil","item":"https:\/\/douceurdegrasse.fr\/"},{"@type":"ListItem","position":2,"name":"Les suspensions parfum\u00e9es"}]},{"@type":"WebSite","@id":"https:\/\/darkorange-woodcock-422475.hostingersite.com\/#website","url":"https:\/\/darkorange-woodcock-422475.hostingersite.com\/","name":"Douceur de Grasse","description":"","publisher":{"@id":"https:\/\/darkorange-woodcock-422475.hostingersite.com\/#organization"},"potentialAction":[{"@type":"SearchAction","target":{"@type":"EntryPoint","urlTemplate":"https:\/\/darkorange-woodcock-422475.hostingersite.com\/?s={search_term_string}"},"query-input":{"@type":"PropertyValueSpecification","valueRequired":true,"valueName":"search_term_string"}}],"inLanguage":"fr-FR"},{"@type":"Organization","@id":"https:\/\/darkorange-woodcock-422475.hostingersite.com\/#organization","name":"Douceur de Grasse","url":"https:\/\/darkorange-woodcock-422475.hostingersite.com\/","logo":{"@type":"ImageObject","inLanguage":"fr-FR","@id":"https:\/\/darkorange-woodcock-422475.hostingersite.com\/#\/schema\/logo\/image\/","url":"https:\/\/douceurdegrasse.fr\/wp-content\/uploads\/2025\/08\/Douceur-de-Grasse-1.png","contentUrl":"https:\/\/douceurdegrasse.fr\/wp-content\/uploads\/2025\/08\/Douceur-de-Grasse-1.png","width":2000,"height":2000,"caption":"Douceur de Grasse"},"image":{"@id":"https:\/\/darkorange-woodcock-422475.hostingersite.com\/#\/schema\/logo\/image\/"}}]}},"_hostinger_reach_plugin_has_subscription_block":false,"_hostinger_reach_plugin_is_elementor":false,"jetpack_sharing_enabled":true,"_links":{"self":[{"href":"https:\/\/douceurdegrasse.fr\/index.php?rest_route=\/wp\/v2\/pages\/2598","targetHints":{"allow":["GET"]}}],"collection":[{"href":"https:\/\/douceurdegrasse.fr\/index.php?rest_route=\/wp\/v2\/pages"}],"about":[{"href":"https:\/\/douceurdegrasse.fr\/index.php?rest_route=\/wp\/v2\/types\/page"}],"author":[{"embeddable":true,"href":"https:\/\/douceurdegrasse.fr\/index.php?rest_route=\/wp\/v2\/users\/1"}],"replies":[{"embeddable":true,"href":"https:\/\/douceurdegrasse.fr\/index.php?rest_route=%2Fwp%2Fv2%2Fcomments&post=2598"}],"version-history":[{"count":8,"href":"https:\/\/douceurdegrasse.fr\/index.php?rest_route=\/wp\/v2\/pages\/2598\/revisions"}],"predecessor-version":[{"id":2606,"href":"https:\/\/douceurdegrasse.fr\/index.php?rest_route=\/wp\/v2\/pages\/2598\/revisions\/2606"}],"wp:attachment":[{"href":"https:\/\/douceurdegrasse.fr\/index.php?rest_route=%2Fwp%2Fv2%2Fmedia&parent=2598"}],"curies":[{"name":"wp","href":"https:\/\/api.w.org\/{rel}","templated":true}]}}