{"id":2580,"date":"2025-09-07T13:49:35","date_gmt":"2025-09-07T13:49:35","guid":{"rendered":"https:\/\/douceurdegrasse.fr\/?page_id=2580"},"modified":"2025-09-07T16:26:13","modified_gmt":"2025-09-07T16:26:13","slug":"les-fondants","status":"publish","type":"page","link":"https:\/\/douceurdegrasse.fr\/?page_id=2580","title":{"rendered":"Les fondants"},"content":{"rendered":"\t\t<div data-elementor-type=\"wp-page\" data-elementor-id=\"2580\" class=\"elementor elementor-2580\">\n\t\t\t\t<div class=\"elementor-element elementor-element-d08bfe0 e-flex e-con-boxed e-con e-parent\" data-id=\"d08bfe0\" data-element_type=\"container\" data-e-type=\"container\">\n\t\t\t\t\t<div class=\"e-con-inner\">\n\t\t\t\t<div class=\"elementor-element elementor-element-7a5249f elementor-widget elementor-widget-heading\" data-id=\"7a5249f\" data-element_type=\"widget\" data-e-type=\"widget\" data-widget_type=\"heading.default\">\n\t\t\t\t\t<h1 class=\"elementor-heading-title elementor-size-default\">\ud83c\udf3f Fondants Parfum\u00e9s : Une Explosion de Senteurs<\/h1>\t\t\t\t<\/div>\n\t\t\t\t\t<\/div>\n\t\t\t\t<\/div>\n\t\t<div class=\"elementor-element elementor-element-c733271 e-flex e-con-boxed e-con e-parent\" data-id=\"c733271\" data-element_type=\"container\" data-e-type=\"container\">\n\t\t\t\t\t<div class=\"e-con-inner\">\n\t\t\t\t<div class=\"elementor-element elementor-element-3504824 elementor-widget elementor-widget-text-editor\" data-id=\"3504824\" data-element_type=\"widget\" data-e-type=\"widget\" data-widget_type=\"text-editor.default\">\n\t\t\t\t\t\t\t\t\t<p>Chez <em>Douceur de Grasse<\/em>, chaque fondant est une promesse olfactive, une parenth\u00e8se enchant\u00e9e qui transforme votre int\u00e9rieur en havre de douceur. Coul\u00e9s artisanalement avec des cires de qualit\u00e9 sup\u00e9rieure, mes fondants se d\u00e9clinent en plusieurs formats et th\u00e9matiques pour s\u2019adapter \u00e0 toutes vos envies.<\/p>\t\t\t\t\t\t\t\t<\/div>\n\t\t\t\t\t<\/div>\n\t\t\t\t<\/div>\n\t\t<div class=\"elementor-element elementor-element-b1ef394 e-flex e-con-boxed e-con e-parent\" data-id=\"b1ef394\" data-element_type=\"container\" data-e-type=\"container\">\n\t\t\t\t\t<div class=\"e-con-inner\">\n\t\t\t\t<div class=\"elementor-element elementor-element-51cf302 elementor-widget elementor-widget-heading\" data-id=\"51cf302\" data-element_type=\"widget\" data-e-type=\"widget\" data-widget_type=\"heading.default\">\n\t\t\t\t\t<h2 class=\"elementor-heading-title elementor-size-default\">D\u00e9couvrez tous les fondants<\/h2>\t\t\t\t<\/div>\n\t\t\t\t\t<\/div>\n\t\t\t\t<\/div>\n\t\t<div class=\"elementor-element elementor-element-53e8f8b e-flex e-con-boxed e-con e-parent\" data-id=\"53e8f8b\" data-element_type=\"container\" data-e-type=\"container\">\n\t\t\t\t\t<div class=\"e-con-inner\">\n\t\t\t\t<div class=\"elementor-element elementor-element-8e1b9fe elementor-widget elementor-widget-shortcode\" data-id=\"8e1b9fe\" data-element_type=\"widget\" data-e-type=\"widget\" data-widget_type=\"shortcode.default\">\n\t\t\t\t\t\t\t<div class=\"elementor-shortcode\"><div class=\"woocommerce columns-4 \"><\/div><\/div>\n\t\t\t\t\t\t<\/div>\n\t\t\t\t\t<\/div>\n\t\t\t\t<\/div>\n\t\t<div class=\"elementor-element elementor-element-35af0a9 e-flex e-con-boxed e-con e-parent\" data-id=\"35af0a9\" data-element_type=\"container\" data-e-type=\"container\">\n\t\t\t\t\t<div class=\"e-con-inner\">\n\t\t\t\t<div class=\"elementor-element elementor-element-5bca743 elementor-widget elementor-widget-heading\" data-id=\"5bca743\" data-element_type=\"widget\" data-e-type=\"widget\" data-widget_type=\"heading.default\">\n\t\t\t\t\t<h2 class=\"elementor-heading-title elementor-size-default\">D\u00e9couvrez les fondants par cat\u00e9gories<\/h2>\t\t\t\t<\/div>\n\t\t\t\t\t<\/div>\n\t\t\t\t<\/div>\n\t\t<div class=\"elementor-element elementor-element-4461af9 e-flex e-con-boxed e-con e-parent\" data-id=\"4461af9\" data-element_type=\"container\" data-e-type=\"container\">\n\t\t\t\t\t<div class=\"e-con-inner\">\n\t\t\t\t<div class=\"elementor-element elementor-element-ee187e3 elementor-widget elementor-widget-heading\" data-id=\"ee187e3\" data-element_type=\"widget\" data-e-type=\"widget\" data-widget_type=\"heading.default\">\n\t\t\t\t\t<h3 class=\"elementor-heading-title elementor-size-default\">\ud83d\udd6f\ufe0f Format 8g : La D\u00e9couverte Subtile<\/h3>\t\t\t\t<\/div>\n\t\t\t\t\t<\/div>\n\t\t\t\t<\/div>\n\t\t<div class=\"elementor-element elementor-element-36df9ca e-flex e-con-boxed e-con e-parent\" data-id=\"36df9ca\" data-element_type=\"container\" data-e-type=\"container\">\n\t\t\t\t\t<div class=\"e-con-inner\">\n\t\t\t\t<div class=\"elementor-element elementor-element-5e8d1aa elementor-widget elementor-widget-text-editor\" data-id=\"5e8d1aa\" data-element_type=\"widget\" data-e-type=\"widget\" data-widget_type=\"text-editor.default\">\n\t\t\t\t\t\t\t\t\t<p>Id\u00e9al pour tester un parfum ou pour parfumer une petite pi\u00e8ce, le fondant 8g est un concentr\u00e9 de d\u00e9licatesse. Il fond rapidement et lib\u00e8re ses notes avec finesse, parfait pour une ambiance l\u00e9g\u00e8re et \u00e9ph\u00e9m\u00e8re.<\/p>\t\t\t\t\t\t\t\t<\/div>\n\t\t\t\t\t<\/div>\n\t\t\t\t<\/div>\n\t\t<div class=\"elementor-element elementor-element-0ab1b53 e-flex e-con-boxed e-con e-parent\" data-id=\"0ab1b53\" data-element_type=\"container\" data-e-type=\"container\">\n\t\t\t\t\t<div class=\"e-con-inner\">\n\t\t\t\t<div class=\"elementor-element elementor-element-a1c6e57 elementor-widget elementor-widget-shortcode\" data-id=\"a1c6e57\" data-element_type=\"widget\" data-e-type=\"widget\" data-widget_type=\"shortcode.default\">\n\t\t\t\t\t\t\t<div class=\"elementor-shortcode\"><div class=\"woocommerce columns-6 \"><\/div><\/div>\n\t\t\t\t\t\t<\/div>\n\t\t\t\t\t<\/div>\n\t\t\t\t<\/div>\n\t\t<div class=\"elementor-element elementor-element-586b5df e-flex e-con-boxed e-con e-parent\" data-id=\"586b5df\" data-element_type=\"container\" data-e-type=\"container\">\n\t\t\t\t\t<div class=\"e-con-inner\">\n\t\t\t\t<div class=\"elementor-element elementor-element-aa7761e elementor-widget elementor-widget-heading\" data-id=\"aa7761e\" data-element_type=\"widget\" data-e-type=\"widget\" data-widget_type=\"heading.default\">\n\t\t\t\t\t<h3 class=\"elementor-heading-title elementor-size-default\">\ud83d\udd25 Format 20g : L\u2019Immersion Sensorielle<\/h3>\t\t\t\t<\/div>\n\t\t\t\t\t<\/div>\n\t\t\t\t<\/div>\n\t\t<div class=\"elementor-element elementor-element-d9253b0 e-flex e-con-boxed e-con e-parent\" data-id=\"d9253b0\" data-element_type=\"container\" data-e-type=\"container\">\n\t\t\t\t\t<div class=\"e-con-inner\">\n\t\t\t\t<div class=\"elementor-element elementor-element-dacefd7 elementor-widget elementor-widget-text-editor\" data-id=\"dacefd7\" data-element_type=\"widget\" data-e-type=\"widget\" data-widget_type=\"text-editor.default\">\n\t\t\t\t\t\t\t\t\t<p>Pens\u00e9 pour les amateurs de parfums plus intenses, le fondant 20g offre une diffusion prolong\u00e9e et enveloppante. Il est id\u00e9al pour les grands espaces ou pour cr\u00e9er une atmosph\u00e8re chaleureuse et durable.<\/p>\t\t\t\t\t\t\t\t<\/div>\n\t\t\t\t\t<\/div>\n\t\t\t\t<\/div>\n\t\t<div class=\"elementor-element elementor-element-c81dca7 e-flex e-con-boxed e-con e-parent\" data-id=\"c81dca7\" data-element_type=\"container\" data-e-type=\"container\">\n\t\t\t\t\t<div class=\"e-con-inner\">\n\t\t\t\t<div class=\"elementor-element elementor-element-f190f4b elementor-widget elementor-widget-shortcode\" data-id=\"f190f4b\" data-element_type=\"widget\" data-e-type=\"widget\" data-widget_type=\"shortcode.default\">\n\t\t\t\t\t\t\t<div class=\"elementor-shortcode\"><div class=\"woocommerce columns-6 \"><\/div><\/div>\n\t\t\t\t\t\t<\/div>\n\t\t\t\t\t<\/div>\n\t\t\t\t<\/div>\n\t\t<div class=\"elementor-element elementor-element-6ce0004 e-flex e-con-boxed e-con e-parent\" data-id=\"6ce0004\" data-element_type=\"container\" data-e-type=\"container\">\n\t\t\t\t\t<div class=\"e-con-inner\">\n\t\t\t\t<div class=\"elementor-element elementor-element-582abe5 elementor-widget elementor-widget-heading\" data-id=\"582abe5\" data-element_type=\"widget\" data-e-type=\"widget\" data-widget_type=\"heading.default\">\n\t\t\t\t\t<h3 class=\"elementor-heading-title elementor-size-default\">\ud83c\udfa8 Fondants Th\u00e9matiques : Plus de 20 Parfums \u00e0 Explorer<\/h3>\t\t\t\t<\/div>\n\t\t\t\t\t<\/div>\n\t\t\t\t<\/div>\n\t\t<div class=\"elementor-element elementor-element-85884bc e-flex e-con-boxed e-con e-parent\" data-id=\"85884bc\" data-element_type=\"container\" data-e-type=\"container\">\n\t\t\t\t\t<div class=\"e-con-inner\">\n\t\t\t\t<div class=\"elementor-element elementor-element-92f6898 elementor-widget elementor-widget-text-editor\" data-id=\"92f6898\" data-element_type=\"widget\" data-e-type=\"widget\" data-widget_type=\"text-editor.default\">\n\t\t\t\t\t\t\t\t\t<p>Inspir\u00e9s par les saisons, les \u00e9motions et les souvenirs, mes fondants th\u00e9matiques vous invitent \u00e0 un v\u00e9ritable voyage sensoriel. Plus de 20 fragrances uniques vous attendent.<\/p>\t\t\t\t\t\t\t\t<\/div>\n\t\t\t\t\t<\/div>\n\t\t\t\t<\/div>\n\t\t<div class=\"elementor-element elementor-element-28b036f e-flex e-con-boxed e-con e-parent\" data-id=\"28b036f\" data-element_type=\"container\" data-e-type=\"container\">\n\t\t\t\t\t<div class=\"e-con-inner\">\n\t\t\t\t<div class=\"elementor-element elementor-element-1df5b95 elementor-widget elementor-widget-shortcode\" data-id=\"1df5b95\" data-element_type=\"widget\" data-e-type=\"widget\" data-widget_type=\"shortcode.default\">\n\t\t\t\t\t\t\t<div class=\"elementor-shortcode\"><div class=\"woocommerce columns-6 \"><\/div><\/div>\n\t\t\t\t\t\t<\/div>\n\t\t\t\t\t<\/div>\n\t\t\t\t<\/div>\n\t\t\t\t<\/div>\n\t\t","protected":false},"excerpt":{"rendered":"<p>\ud83c\udf3f Fondants Parfum\u00e9s : Une Explosion de Senteurs Chez Douceur de Grasse, chaque fondant est une promesse olfactive, une parenth\u00e8se enchant\u00e9e qui transforme votre int\u00e9rieur en havre de douceur. Coul\u00e9s artisanalement avec des cires de qualit\u00e9 sup\u00e9rieure, mes fondants se d\u00e9clinent en plusieurs formats et th\u00e9matiques pour s\u2019adapter \u00e0 toutes vos envies. D\u00e9couvrez tous les [&hellip;]<\/p>\n","protected":false},"author":1,"featured_media":0,"parent":0,"menu_order":0,"comment_status":"closed","ping_status":"closed","template":"","meta":{"footnotes":""},"class_list":["post-2580","page","type-page","status-publish","hentry"],"blocksy_meta":[],"yoast_head":"<!-- This site is optimized with the Yoast SEO plugin v27.4 - https:\/\/yoast.com\/product\/yoast-seo-wordpress\/ -->\n<title>Les fondants - Douceur de Grasse<\/title>\n<meta name=\"robots\" content=\"index, follow, max-snippet:-1, max-image-preview:large, max-video-preview:-1\" \/>\n<link rel=\"canonical\" href=\"https:\/\/douceurdegrasse.fr\/?page_id=2580\" \/>\n<meta property=\"og:locale\" content=\"fr_FR\" \/>\n<meta property=\"og:type\" content=\"article\" \/>\n<meta property=\"og:title\" content=\"Les fondants - Douceur de Grasse\" \/>\n<meta property=\"og:description\" content=\"\ud83c\udf3f Fondants Parfum\u00e9s : Une Explosion de Senteurs Chez Douceur de Grasse, chaque fondant est une promesse olfactive, une parenth\u00e8se enchant\u00e9e qui transforme votre int\u00e9rieur en havre de douceur. Coul\u00e9s artisanalement avec des cires de qualit\u00e9 sup\u00e9rieure, mes fondants se d\u00e9clinent en plusieurs formats et th\u00e9matiques pour s\u2019adapter \u00e0 toutes vos envies. D\u00e9couvrez tous les [&hellip;]\" \/>\n<meta property=\"og:url\" content=\"https:\/\/douceurdegrasse.fr\/?page_id=2580\" \/>\n<meta property=\"og:site_name\" content=\"Douceur de Grasse\" \/>\n<meta property=\"article:modified_time\" content=\"2025-09-07T16:26:13+00:00\" \/>\n<meta name=\"twitter:card\" content=\"summary_large_image\" \/>\n<meta name=\"twitter:label1\" content=\"Dur\u00e9e de lecture estim\u00e9e\" \/>\n\t<meta name=\"twitter:data1\" content=\"3 minutes\" \/>\n<script type=\"application\/ld+json\" class=\"yoast-schema-graph\">{\"@context\":\"https:\\\/\\\/schema.org\",\"@graph\":[{\"@type\":\"WebPage\",\"@id\":\"https:\\\/\\\/douceurdegrasse.fr\\\/?page_id=2580\",\"url\":\"https:\\\/\\\/douceurdegrasse.fr\\\/?page_id=2580\",\"name\":\"Les fondants - Douceur de Grasse\",\"isPartOf\":{\"@id\":\"https:\\\/\\\/darkorange-woodcock-422475.hostingersite.com\\\/#website\"},\"datePublished\":\"2025-09-07T13:49:35+00:00\",\"dateModified\":\"2025-09-07T16:26:13+00:00\",\"breadcrumb\":{\"@id\":\"https:\\\/\\\/douceurdegrasse.fr\\\/?page_id=2580#breadcrumb\"},\"inLanguage\":\"fr-FR\",\"potentialAction\":[{\"@type\":\"ReadAction\",\"target\":[\"https:\\\/\\\/douceurdegrasse.fr\\\/?page_id=2580\"]}]},{\"@type\":\"BreadcrumbList\",\"@id\":\"https:\\\/\\\/douceurdegrasse.fr\\\/?page_id=2580#breadcrumb\",\"itemListElement\":[{\"@type\":\"ListItem\",\"position\":1,\"name\":\"Accueil\",\"item\":\"https:\\\/\\\/douceurdegrasse.fr\\\/\"},{\"@type\":\"ListItem\",\"position\":2,\"name\":\"Les fondants\"}]},{\"@type\":\"WebSite\",\"@id\":\"https:\\\/\\\/darkorange-woodcock-422475.hostingersite.com\\\/#website\",\"url\":\"https:\\\/\\\/darkorange-woodcock-422475.hostingersite.com\\\/\",\"name\":\"Douceur de Grasse\",\"description\":\"\",\"publisher\":{\"@id\":\"https:\\\/\\\/darkorange-woodcock-422475.hostingersite.com\\\/#organization\"},\"potentialAction\":[{\"@type\":\"SearchAction\",\"target\":{\"@type\":\"EntryPoint\",\"urlTemplate\":\"https:\\\/\\\/darkorange-woodcock-422475.hostingersite.com\\\/?s={search_term_string}\"},\"query-input\":{\"@type\":\"PropertyValueSpecification\",\"valueRequired\":true,\"valueName\":\"search_term_string\"}}],\"inLanguage\":\"fr-FR\"},{\"@type\":\"Organization\",\"@id\":\"https:\\\/\\\/darkorange-woodcock-422475.hostingersite.com\\\/#organization\",\"name\":\"Douceur de Grasse\",\"url\":\"https:\\\/\\\/darkorange-woodcock-422475.hostingersite.com\\\/\",\"logo\":{\"@type\":\"ImageObject\",\"inLanguage\":\"fr-FR\",\"@id\":\"https:\\\/\\\/darkorange-woodcock-422475.hostingersite.com\\\/#\\\/schema\\\/logo\\\/image\\\/\",\"url\":\"https:\\\/\\\/douceurdegrasse.fr\\\/wp-content\\\/uploads\\\/2025\\\/08\\\/Douceur-de-Grasse-1.png\",\"contentUrl\":\"https:\\\/\\\/douceurdegrasse.fr\\\/wp-content\\\/uploads\\\/2025\\\/08\\\/Douceur-de-Grasse-1.png\",\"width\":2000,\"height\":2000,\"caption\":\"Douceur de Grasse\"},\"image\":{\"@id\":\"https:\\\/\\\/darkorange-woodcock-422475.hostingersite.com\\\/#\\\/schema\\\/logo\\\/image\\\/\"}}]}<\/script>\n<!-- \/ Yoast SEO plugin. -->","yoast_head_json":{"title":"Les fondants - Douceur de Grasse","robots":{"index":"index","follow":"follow","max-snippet":"max-snippet:-1","max-image-preview":"max-image-preview:large","max-video-preview":"max-video-preview:-1"},"canonical":"https:\/\/douceurdegrasse.fr\/?page_id=2580","og_locale":"fr_FR","og_type":"article","og_title":"Les fondants - Douceur de Grasse","og_description":"\ud83c\udf3f Fondants Parfum\u00e9s : Une Explosion de Senteurs Chez Douceur de Grasse, chaque fondant est une promesse olfactive, une parenth\u00e8se enchant\u00e9e qui transforme votre int\u00e9rieur en havre de douceur. Coul\u00e9s artisanalement avec des cires de qualit\u00e9 sup\u00e9rieure, mes fondants se d\u00e9clinent en plusieurs formats et th\u00e9matiques pour s\u2019adapter \u00e0 toutes vos envies. D\u00e9couvrez tous les [&hellip;]","og_url":"https:\/\/douceurdegrasse.fr\/?page_id=2580","og_site_name":"Douceur de Grasse","article_modified_time":"2025-09-07T16:26:13+00:00","twitter_card":"summary_large_image","twitter_misc":{"Dur\u00e9e de lecture estim\u00e9e":"3 minutes"},"schema":{"@context":"https:\/\/schema.org","@graph":[{"@type":"WebPage","@id":"https:\/\/douceurdegrasse.fr\/?page_id=2580","url":"https:\/\/douceurdegrasse.fr\/?page_id=2580","name":"Les fondants - Douceur de Grasse","isPartOf":{"@id":"https:\/\/darkorange-woodcock-422475.hostingersite.com\/#website"},"datePublished":"2025-09-07T13:49:35+00:00","dateModified":"2025-09-07T16:26:13+00:00","breadcrumb":{"@id":"https:\/\/douceurdegrasse.fr\/?page_id=2580#breadcrumb"},"inLanguage":"fr-FR","potentialAction":[{"@type":"ReadAction","target":["https:\/\/douceurdegrasse.fr\/?page_id=2580"]}]},{"@type":"BreadcrumbList","@id":"https:\/\/douceurdegrasse.fr\/?page_id=2580#breadcrumb","itemListElement":[{"@type":"ListItem","position":1,"name":"Accueil","item":"https:\/\/douceurdegrasse.fr\/"},{"@type":"ListItem","position":2,"name":"Les fondants"}]},{"@type":"WebSite","@id":"https:\/\/darkorange-woodcock-422475.hostingersite.com\/#website","url":"https:\/\/darkorange-woodcock-422475.hostingersite.com\/","name":"Douceur de Grasse","description":"","publisher":{"@id":"https:\/\/darkorange-woodcock-422475.hostingersite.com\/#organization"},"potentialAction":[{"@type":"SearchAction","target":{"@type":"EntryPoint","urlTemplate":"https:\/\/darkorange-woodcock-422475.hostingersite.com\/?s={search_term_string}"},"query-input":{"@type":"PropertyValueSpecification","valueRequired":true,"valueName":"search_term_string"}}],"inLanguage":"fr-FR"},{"@type":"Organization","@id":"https:\/\/darkorange-woodcock-422475.hostingersite.com\/#organization","name":"Douceur de Grasse","url":"https:\/\/darkorange-woodcock-422475.hostingersite.com\/","logo":{"@type":"ImageObject","inLanguage":"fr-FR","@id":"https:\/\/darkorange-woodcock-422475.hostingersite.com\/#\/schema\/logo\/image\/","url":"https:\/\/douceurdegrasse.fr\/wp-content\/uploads\/2025\/08\/Douceur-de-Grasse-1.png","contentUrl":"https:\/\/douceurdegrasse.fr\/wp-content\/uploads\/2025\/08\/Douceur-de-Grasse-1.png","width":2000,"height":2000,"caption":"Douceur de Grasse"},"image":{"@id":"https:\/\/darkorange-woodcock-422475.hostingersite.com\/#\/schema\/logo\/image\/"}}]}},"_hostinger_reach_plugin_has_subscription_block":false,"_hostinger_reach_plugin_is_elementor":false,"jetpack_sharing_enabled":true,"_links":{"self":[{"href":"https:\/\/douceurdegrasse.fr\/index.php?rest_route=\/wp\/v2\/pages\/2580","targetHints":{"allow":["GET"]}}],"collection":[{"href":"https:\/\/douceurdegrasse.fr\/index.php?rest_route=\/wp\/v2\/pages"}],"about":[{"href":"https:\/\/douceurdegrasse.fr\/index.php?rest_route=\/wp\/v2\/types\/page"}],"author":[{"embeddable":true,"href":"https:\/\/douceurdegrasse.fr\/index.php?rest_route=\/wp\/v2\/users\/1"}],"replies":[{"embeddable":true,"href":"https:\/\/douceurdegrasse.fr\/index.php?rest_route=%2Fwp%2Fv2%2Fcomments&post=2580"}],"version-history":[{"count":7,"href":"https:\/\/douceurdegrasse.fr\/index.php?rest_route=\/wp\/v2\/pages\/2580\/revisions"}],"predecessor-version":[{"id":2588,"href":"https:\/\/douceurdegrasse.fr\/index.php?rest_route=\/wp\/v2\/pages\/2580\/revisions\/2588"}],"wp:attachment":[{"href":"https:\/\/douceurdegrasse.fr\/index.php?rest_route=%2Fwp%2Fv2%2Fmedia&parent=2580"}],"curies":[{"name":"wp","href":"https:\/\/api.w.org\/{rel}","templated":true}]}}