{"id":23,"date":"2021-04-09T15:21:35","date_gmt":"2021-04-09T15:21:35","guid":{"rendered":"https:\/\/startersites.io\/blocksy\/homi\/?page_id=23"},"modified":"2026-02-03T21:04:55","modified_gmt":"2026-02-03T21:04:55","slug":"panier-boutique","status":"publish","type":"page","link":"https:\/\/douceurdegrasse.fr\/?page_id=23","title":{"rendered":"Panier"},"content":{"rendered":"\t\t<div data-elementor-type=\"wp-page\" data-elementor-id=\"23\" class=\"elementor elementor-23\">\n\t\t\t\t<div class=\"elementor-element elementor-element-2eb4e2e8 e-flex e-con-boxed e-con e-parent\" data-id=\"2eb4e2e8\" data-element_type=\"container\" data-e-type=\"container\">\n\t\t\t\t\t<div class=\"e-con-inner\">\n\t\t\t\t<div class=\"elementor-element elementor-element-115ff88 elementor-widget elementor-widget-text-editor\" data-id=\"115ff88\" data-element_type=\"widget\" data-e-type=\"widget\" data-widget_type=\"text-editor.default\">\n\t\t\t\t\t\t\t\t\t<p style=\"margin: 0cm; background: #fafbfc; text-align: center;\"><strong>Votre panier Douceur de Grasse<\/strong> vous permet de finaliser votre commande en toute simplicit\u00e9. Chaque cr\u00e9ation est fabriqu\u00e9e \u00e0 la main dans mon atelier \u00e0 Bruay\u2011sur\u2011l\u2019Escaut, avec livraison locale personnalis\u00e9e dans un rayon de 20 km.<\/p>\t\t\t\t\t\t\t\t<\/div>\n\t\t\t\t<div class=\"elementor-element elementor-element-15cc80b elementor-widget elementor-widget-text-editor\" data-id=\"15cc80b\" data-element_type=\"widget\" data-e-type=\"widget\" data-widget_type=\"text-editor.default\">\n\t\t\t\t\t\t\t\t\t<p style=\"text-align: center;\">Pour remplir votre <strong>panier Douceur de Grasse<\/strong>, explorez mes cr\u00e9ations artisanales.<\/p>\t\t\t\t\t\t\t\t<\/div>\n\t\t\t\t<div class=\"elementor-element elementor-element-9703897 elementor-widget elementor-widget-text-editor\" data-id=\"9703897\" data-element_type=\"widget\" data-e-type=\"widget\" data-widget_type=\"text-editor.default\">\n\t\t\t\t\t\t\t\t\t<p style=\"margin: 0cm; background: #fafbfc; text-align: center;\" align=\"center\"><span style=\"font-family: 'Arial',sans-serif; color: #3a4f66;\">Une question avant de finaliser votre commande ? Vous pouvez me contacter directement via la page\u00a0<a style=\"box-sizing: border-box; transition: all 0.12s cubic-bezier(0.455, 0.03, 0.515, 0.955); box-shadow: none; --theme-text-decoration: underline;\" href=\"https:\/\/douceurdegrasse.fr\/?page_id=1290\"><strong style=\"box-sizing: border-box;\"><span style=\"font-family: 'Arial',sans-serif; color: #2872fa; text-decoration: none; text-underline: none;\">Contact<\/span><\/strong><span style=\"color: #2872fa; text-decoration: none; text-underline: none;\">.<\/span><\/a><\/span><\/p>\t\t\t\t\t\t\t\t<\/div>\n\t\t\t\t<div class=\"elementor-element elementor-element-9f0d159 elementor-widget elementor-widget-text-editor\" data-id=\"9f0d159\" data-element_type=\"widget\" data-e-type=\"widget\" data-widget_type=\"text-editor.default\">\n\t\t\t\t\t\t\t\t\t<p style=\"text-align: center;\">Votre panier est vide pour le moment. Laissez-vous inspirer par mes cr\u00e9ations artisanales.<\/p>\t\t\t\t\t\t\t\t<\/div>\n\t\t\t\t<div class=\"elementor-element elementor-element-340375c elementor-widget elementor-widget-image\" data-id=\"340375c\" data-element_type=\"widget\" data-e-type=\"widget\" data-widget_type=\"image.default\">\n\t\t\t\t\t\t\t\t\t\t\t\t\t\t\t<img decoding=\"async\" src=\"https:\/\/douceurdegrasse.fr\/wp-content\/plugins\/elementor\/assets\/images\/placeholder.png\" title=\"\" alt=\"\" loading=\"lazy\" \/>\t\t\t\t\t\t\t\t\t\t\t\t\t\t\t<\/div>\n\t\t\t\t<div class=\"elementor-element elementor-element-57a95320 elementor-widget elementor-widget-text-editor\" data-id=\"57a95320\" data-element_type=\"widget\" data-e-type=\"widget\" data-widget_type=\"text-editor.default\">\n\t\t\t\t\t\t\t\t\t<div class=\"woocommerce\">\n<div class=\"woocommerce-notices-wrapper\"><\/div>\n<div class=\"wc-empty-cart-message\">\n<div class=\"cart-empty woocommerce-info\" role=\"status\">\n\t\tVotre panier est actuellement vide.\t<\/div>\n<\/div>\n<p class=\"return-to-shop\">\n\t\t<a class=\"button wc-backward\" href=\"https:\/\/douceurdegrasse.fr\/?page_id=5\"><br \/>\n\t\t\tRetour \u00e0 la boutique\t\t<\/a>\n\t<\/p>\n<\/div>\n\t\t\t\t\t\t\t\t<\/div>\n\t\t\t\t\t<\/div>\n\t\t\t\t<\/div>\n\t\t\t\t<\/div>\n\t\t","protected":false},"excerpt":{"rendered":"<p>Votre panier Douceur de Grasse vous permet de finaliser votre commande en toute simplicit\u00e9. Chaque cr\u00e9ation est fabriqu\u00e9e \u00e0 la main dans mon atelier \u00e0 Bruay\u2011sur\u2011l\u2019Escaut, avec livraison locale personnalis\u00e9e dans un rayon de 20 km. Pour remplir votre panier Douceur de Grasse, explorez mes cr\u00e9ations artisanales. Une question avant de finaliser votre commande ? [&hellip;]<\/p>\n","protected":false},"author":1,"featured_media":0,"parent":0,"menu_order":0,"comment_status":"closed","ping_status":"closed","template":"","meta":{"footnotes":""},"class_list":["post-23","page","type-page","status-publish","hentry"],"blocksy_meta":{"styles_descriptor":{"styles":{"desktop":"","tablet":"","mobile":""},"google_fonts":[],"version":6}},"yoast_head":"<!-- This site is optimized with the Yoast SEO plugin v27.4 - https:\/\/yoast.com\/product\/yoast-seo-wordpress\/ -->\n<title>Panier \u2013 Douceur de Grasse | Cr\u00e9ations artisanales parfum\u00e9es<\/title>\n<meta name=\"description\" content=\"Panier Douceur de Grasse. Cr\u00e9ations artisanales fabriqu\u00e9es \u00e0 la main avec livraison locale dans un rayon de 20 km.\" \/>\n<meta name=\"robots\" content=\"index, follow, max-snippet:-1, max-image-preview:large, max-video-preview:-1\" \/>\n<link rel=\"canonical\" href=\"https:\/\/douceurdegrasse.fr\/?page_id=23\" \/>\n<meta property=\"og:locale\" content=\"fr_FR\" \/>\n<meta property=\"og:type\" content=\"article\" \/>\n<meta property=\"og:title\" content=\"Panier \u2013 Douceur de Grasse | Cr\u00e9ations artisanales parfum\u00e9es\" \/>\n<meta property=\"og:description\" content=\"Panier Douceur de Grasse. Cr\u00e9ations artisanales fabriqu\u00e9es \u00e0 la main avec livraison locale dans un rayon de 20 km.\" \/>\n<meta property=\"og:url\" content=\"https:\/\/douceurdegrasse.fr\/?page_id=23\" \/>\n<meta property=\"og:site_name\" content=\"Douceur de Grasse\" \/>\n<meta property=\"article:modified_time\" content=\"2026-02-03T21:04:55+00:00\" \/>\n<meta property=\"og:image\" content=\"https:\/\/douceurdegrasse.fr\/wp-content\/plugins\/elementor\/assets\/images\/placeholder.png\" \/>\n<meta name=\"twitter:card\" content=\"summary_large_image\" \/>\n<meta name=\"twitter:label1\" content=\"Dur\u00e9e de lecture estim\u00e9e\" \/>\n\t<meta name=\"twitter:data1\" content=\"1 minute\" \/>\n<script type=\"application\/ld+json\" class=\"yoast-schema-graph\">{\"@context\":\"https:\\\/\\\/schema.org\",\"@graph\":[{\"@type\":\"WebPage\",\"@id\":\"https:\\\/\\\/douceurdegrasse.fr\\\/?page_id=23\",\"url\":\"https:\\\/\\\/douceurdegrasse.fr\\\/?page_id=23\",\"name\":\"Panier \u2013 Douceur de Grasse | Cr\u00e9ations artisanales parfum\u00e9es\",\"isPartOf\":{\"@id\":\"https:\\\/\\\/darkorange-woodcock-422475.hostingersite.com\\\/#website\"},\"primaryImageOfPage\":{\"@id\":\"https:\\\/\\\/douceurdegrasse.fr\\\/?page_id=23#primaryimage\"},\"image\":{\"@id\":\"https:\\\/\\\/douceurdegrasse.fr\\\/?page_id=23#primaryimage\"},\"thumbnailUrl\":\"https:\\\/\\\/douceurdegrasse.fr\\\/wp-content\\\/plugins\\\/elementor\\\/assets\\\/images\\\/placeholder.png\",\"datePublished\":\"2021-04-09T15:21:35+00:00\",\"dateModified\":\"2026-02-03T21:04:55+00:00\",\"description\":\"Panier Douceur de Grasse. Cr\u00e9ations artisanales fabriqu\u00e9es \u00e0 la main avec livraison locale dans un rayon de 20 km.\",\"breadcrumb\":{\"@id\":\"https:\\\/\\\/douceurdegrasse.fr\\\/?page_id=23#breadcrumb\"},\"inLanguage\":\"fr-FR\",\"potentialAction\":[{\"@type\":\"ReadAction\",\"target\":[\"https:\\\/\\\/douceurdegrasse.fr\\\/?page_id=23\"]}]},{\"@type\":\"ImageObject\",\"inLanguage\":\"fr-FR\",\"@id\":\"https:\\\/\\\/douceurdegrasse.fr\\\/?page_id=23#primaryimage\",\"url\":\"https:\\\/\\\/douceurdegrasse.fr\\\/wp-content\\\/plugins\\\/elementor\\\/assets\\\/images\\\/placeholder.png\",\"contentUrl\":\"https:\\\/\\\/douceurdegrasse.fr\\\/wp-content\\\/plugins\\\/elementor\\\/assets\\\/images\\\/placeholder.png\"},{\"@type\":\"BreadcrumbList\",\"@id\":\"https:\\\/\\\/douceurdegrasse.fr\\\/?page_id=23#breadcrumb\",\"itemListElement\":[{\"@type\":\"ListItem\",\"position\":1,\"name\":\"Accueil\",\"item\":\"https:\\\/\\\/douceurdegrasse.fr\\\/\"},{\"@type\":\"ListItem\",\"position\":2,\"name\":\"Panier\"}]},{\"@type\":\"WebSite\",\"@id\":\"https:\\\/\\\/darkorange-woodcock-422475.hostingersite.com\\\/#website\",\"url\":\"https:\\\/\\\/darkorange-woodcock-422475.hostingersite.com\\\/\",\"name\":\"Douceur de Grasse\",\"description\":\"\",\"publisher\":{\"@id\":\"https:\\\/\\\/darkorange-woodcock-422475.hostingersite.com\\\/#organization\"},\"potentialAction\":[{\"@type\":\"SearchAction\",\"target\":{\"@type\":\"EntryPoint\",\"urlTemplate\":\"https:\\\/\\\/darkorange-woodcock-422475.hostingersite.com\\\/?s={search_term_string}\"},\"query-input\":{\"@type\":\"PropertyValueSpecification\",\"valueRequired\":true,\"valueName\":\"search_term_string\"}}],\"inLanguage\":\"fr-FR\"},{\"@type\":\"Organization\",\"@id\":\"https:\\\/\\\/darkorange-woodcock-422475.hostingersite.com\\\/#organization\",\"name\":\"Douceur de Grasse\",\"url\":\"https:\\\/\\\/darkorange-woodcock-422475.hostingersite.com\\\/\",\"logo\":{\"@type\":\"ImageObject\",\"inLanguage\":\"fr-FR\",\"@id\":\"https:\\\/\\\/darkorange-woodcock-422475.hostingersite.com\\\/#\\\/schema\\\/logo\\\/image\\\/\",\"url\":\"https:\\\/\\\/douceurdegrasse.fr\\\/wp-content\\\/uploads\\\/2025\\\/08\\\/Douceur-de-Grasse-1.png\",\"contentUrl\":\"https:\\\/\\\/douceurdegrasse.fr\\\/wp-content\\\/uploads\\\/2025\\\/08\\\/Douceur-de-Grasse-1.png\",\"width\":2000,\"height\":2000,\"caption\":\"Douceur de Grasse\"},\"image\":{\"@id\":\"https:\\\/\\\/darkorange-woodcock-422475.hostingersite.com\\\/#\\\/schema\\\/logo\\\/image\\\/\"}}]}<\/script>\n<!-- \/ Yoast SEO plugin. -->","yoast_head_json":{"title":"Panier \u2013 Douceur de Grasse | Cr\u00e9ations artisanales parfum\u00e9es","description":"Panier Douceur de Grasse. Cr\u00e9ations artisanales fabriqu\u00e9es \u00e0 la main avec livraison locale dans un rayon de 20 km.","robots":{"index":"index","follow":"follow","max-snippet":"max-snippet:-1","max-image-preview":"max-image-preview:large","max-video-preview":"max-video-preview:-1"},"canonical":"https:\/\/douceurdegrasse.fr\/?page_id=23","og_locale":"fr_FR","og_type":"article","og_title":"Panier \u2013 Douceur de Grasse | Cr\u00e9ations artisanales parfum\u00e9es","og_description":"Panier Douceur de Grasse. Cr\u00e9ations artisanales fabriqu\u00e9es \u00e0 la main avec livraison locale dans un rayon de 20 km.","og_url":"https:\/\/douceurdegrasse.fr\/?page_id=23","og_site_name":"Douceur de Grasse","article_modified_time":"2026-02-03T21:04:55+00:00","og_image":[{"url":"https:\/\/douceurdegrasse.fr\/wp-content\/plugins\/elementor\/assets\/images\/placeholder.png","type":"","width":"","height":""}],"twitter_card":"summary_large_image","twitter_misc":{"Dur\u00e9e de lecture estim\u00e9e":"1 minute"},"schema":{"@context":"https:\/\/schema.org","@graph":[{"@type":"WebPage","@id":"https:\/\/douceurdegrasse.fr\/?page_id=23","url":"https:\/\/douceurdegrasse.fr\/?page_id=23","name":"Panier \u2013 Douceur de Grasse | Cr\u00e9ations artisanales parfum\u00e9es","isPartOf":{"@id":"https:\/\/darkorange-woodcock-422475.hostingersite.com\/#website"},"primaryImageOfPage":{"@id":"https:\/\/douceurdegrasse.fr\/?page_id=23#primaryimage"},"image":{"@id":"https:\/\/douceurdegrasse.fr\/?page_id=23#primaryimage"},"thumbnailUrl":"https:\/\/douceurdegrasse.fr\/wp-content\/plugins\/elementor\/assets\/images\/placeholder.png","datePublished":"2021-04-09T15:21:35+00:00","dateModified":"2026-02-03T21:04:55+00:00","description":"Panier Douceur de Grasse. Cr\u00e9ations artisanales fabriqu\u00e9es \u00e0 la main avec livraison locale dans un rayon de 20 km.","breadcrumb":{"@id":"https:\/\/douceurdegrasse.fr\/?page_id=23#breadcrumb"},"inLanguage":"fr-FR","potentialAction":[{"@type":"ReadAction","target":["https:\/\/douceurdegrasse.fr\/?page_id=23"]}]},{"@type":"ImageObject","inLanguage":"fr-FR","@id":"https:\/\/douceurdegrasse.fr\/?page_id=23#primaryimage","url":"https:\/\/douceurdegrasse.fr\/wp-content\/plugins\/elementor\/assets\/images\/placeholder.png","contentUrl":"https:\/\/douceurdegrasse.fr\/wp-content\/plugins\/elementor\/assets\/images\/placeholder.png"},{"@type":"BreadcrumbList","@id":"https:\/\/douceurdegrasse.fr\/?page_id=23#breadcrumb","itemListElement":[{"@type":"ListItem","position":1,"name":"Accueil","item":"https:\/\/douceurdegrasse.fr\/"},{"@type":"ListItem","position":2,"name":"Panier"}]},{"@type":"WebSite","@id":"https:\/\/darkorange-woodcock-422475.hostingersite.com\/#website","url":"https:\/\/darkorange-woodcock-422475.hostingersite.com\/","name":"Douceur de Grasse","description":"","publisher":{"@id":"https:\/\/darkorange-woodcock-422475.hostingersite.com\/#organization"},"potentialAction":[{"@type":"SearchAction","target":{"@type":"EntryPoint","urlTemplate":"https:\/\/darkorange-woodcock-422475.hostingersite.com\/?s={search_term_string}"},"query-input":{"@type":"PropertyValueSpecification","valueRequired":true,"valueName":"search_term_string"}}],"inLanguage":"fr-FR"},{"@type":"Organization","@id":"https:\/\/darkorange-woodcock-422475.hostingersite.com\/#organization","name":"Douceur de Grasse","url":"https:\/\/darkorange-woodcock-422475.hostingersite.com\/","logo":{"@type":"ImageObject","inLanguage":"fr-FR","@id":"https:\/\/darkorange-woodcock-422475.hostingersite.com\/#\/schema\/logo\/image\/","url":"https:\/\/douceurdegrasse.fr\/wp-content\/uploads\/2025\/08\/Douceur-de-Grasse-1.png","contentUrl":"https:\/\/douceurdegrasse.fr\/wp-content\/uploads\/2025\/08\/Douceur-de-Grasse-1.png","width":2000,"height":2000,"caption":"Douceur de Grasse"},"image":{"@id":"https:\/\/darkorange-woodcock-422475.hostingersite.com\/#\/schema\/logo\/image\/"}}]}},"_hostinger_reach_plugin_has_subscription_block":false,"_hostinger_reach_plugin_is_elementor":false,"jetpack_sharing_enabled":true,"_links":{"self":[{"href":"https:\/\/douceurdegrasse.fr\/index.php?rest_route=\/wp\/v2\/pages\/23","targetHints":{"allow":["GET"]}}],"collection":[{"href":"https:\/\/douceurdegrasse.fr\/index.php?rest_route=\/wp\/v2\/pages"}],"about":[{"href":"https:\/\/douceurdegrasse.fr\/index.php?rest_route=\/wp\/v2\/types\/page"}],"author":[{"embeddable":true,"href":"https:\/\/douceurdegrasse.fr\/index.php?rest_route=\/wp\/v2\/users\/1"}],"replies":[{"embeddable":true,"href":"https:\/\/douceurdegrasse.fr\/index.php?rest_route=%2Fwp%2Fv2%2Fcomments&post=23"}],"version-history":[{"count":41,"href":"https:\/\/douceurdegrasse.fr\/index.php?rest_route=\/wp\/v2\/pages\/23\/revisions"}],"predecessor-version":[{"id":3458,"href":"https:\/\/douceurdegrasse.fr\/index.php?rest_route=\/wp\/v2\/pages\/23\/revisions\/3458"}],"wp:attachment":[{"href":"https:\/\/douceurdegrasse.fr\/index.php?rest_route=%2Fwp%2Fv2%2Fmedia&parent=23"}],"curies":[{"name":"wp","href":"https:\/\/api.w.org\/{rel}","templated":true}]}}