{"id":1039,"date":"2021-12-21T20:12:56","date_gmt":"2021-12-21T20:12:56","guid":{"rendered":"https:\/\/startersites.io\/elementor\/homi\/?page_id=1039"},"modified":"2026-02-03T20:38:59","modified_gmt":"2026-02-03T20:38:59","slug":"a-propos","status":"publish","type":"page","link":"https:\/\/douceurdegrasse.fr\/?page_id=1039","title":{"rendered":"A propos"},"content":{"rendered":"\t\t<div data-elementor-type=\"wp-page\" data-elementor-id=\"1039\" class=\"elementor elementor-1039\">\n\t\t\t\t<div class=\"elementor-element elementor-element-193e685 e-flex e-con-boxed e-con e-parent\" data-id=\"193e685\" data-element_type=\"container\" data-e-type=\"container\" data-settings=\"{&quot;background_background&quot;:&quot;classic&quot;}\">\n\t\t\t\t\t<div class=\"e-con-inner\">\n\t\t\t\t<div class=\"elementor-element elementor-element-b5c9b27 elementor-widget elementor-widget-heading\" data-id=\"b5c9b27\" data-element_type=\"widget\" data-e-type=\"widget\" data-widget_type=\"heading.default\">\n\t\t\t\t\t<h1 class=\"elementor-heading-title elementor-size-default\">Cr\u00e9ations parfum\u00e9es artisanales \u2013 \u00c0 propos de Douceur de Grasse<\/h1>\t\t\t\t<\/div>\n\t\t\t\t<div class=\"elementor-element elementor-element-908e72a elementor-widget elementor-widget-text-editor\" data-id=\"908e72a\" data-element_type=\"widget\" data-e-type=\"widget\" data-widget_type=\"text-editor.default\">\n\t\t\t\t\t\t\t\t\t<p>Bienvenue dans mon univers de cr\u00e9ations parfum\u00e9es artisanales. Je suis Alexandra, artisan cr\u00e9atrice pr\u00e8s de Valenciennes, et je con\u00e7ois chaque bougie et fondant avec soin, po\u00e9sie et exigence.<\/p>\t\t\t\t\t\t\t\t<\/div>\n\t\t\t\t\t<\/div>\n\t\t\t\t<\/div>\n\t\t<div class=\"elementor-element elementor-element-f954075 e-flex e-con-boxed e-con e-parent\" data-id=\"f954075\" data-element_type=\"container\" data-e-type=\"container\">\n\t\t\t\t\t<div class=\"e-con-inner\">\n\t\t\t\t<div class=\"elementor-element elementor-element-b1628f2 elementor-widget elementor-widget-heading\" data-id=\"b1628f2\" data-element_type=\"widget\" data-e-type=\"widget\" data-widget_type=\"heading.default\">\n\t\t\t\t\t<h2 class=\"elementor-heading-title elementor-size-default\">Mon atelier et mes cr\u00e9ations artisanales<\/h2>\t\t\t\t<\/div>\n\t\t\t\t<div class=\"elementor-element elementor-element-465a755 elementor-widget elementor-widget-text-editor\" data-id=\"465a755\" data-element_type=\"widget\" data-e-type=\"widget\" data-widget_type=\"text-editor.default\">\n\t\t\t\t\t\t\t\t\t<p>Je mets un point d\u2019honneur \u00e0 cr\u00e9er des produits, durables et empreintes de douceur, pour accompagner chaque moment du quotidien.<\/p><p>Je cr\u00e9e chaque pi\u00e8ce \u00e0 la main, en petites s\u00e9ries, dans mon atelier situ\u00e9 \u00e0 Bruay\u2011sur\u2011l\u2019Escaut. Mon travail repose sur trois valeurs essentielles : <strong>qualit\u00e9<\/strong>, <strong>s\u00e9curit\u00e9<\/strong>, et <strong>\u00e9motion<\/strong>. Chaque parfum est choisi avec attention pour raconter une histoire et apporter douceur au quotidien.<\/p>\t\t\t\t\t\t\t\t<\/div>\n\t\t\t\t\t<\/div>\n\t\t\t\t<\/div>\n\t\t<div class=\"elementor-element elementor-element-ab54bbd e-flex e-con-boxed e-con e-parent\" data-id=\"ab54bbd\" data-element_type=\"container\" data-e-type=\"container\">\n\t\t\t\t\t<div class=\"e-con-inner\">\n\t\t\t\t<div class=\"elementor-element elementor-element-042ef37 elementor-widget elementor-widget-image\" data-id=\"042ef37\" data-element_type=\"widget\" data-e-type=\"widget\" data-widget_type=\"image.default\">\n\t\t\t\t\t\t\t\t\t\t\t\t\t\t\t<img fetchpriority=\"high\" decoding=\"async\" width=\"768\" height=\"682\" src=\"https:\/\/douceurdegrasse.fr\/wp-content\/uploads\/2026\/02\/Bougie-parfumee-claire-768x682.jpg\" class=\"attachment-medium_large size-medium_large wp-image-3206\" alt=\"\" srcset=\"https:\/\/douceurdegrasse.fr\/wp-content\/uploads\/2026\/02\/Bougie-parfumee-claire-768x682.jpg 768w, https:\/\/douceurdegrasse.fr\/wp-content\/uploads\/2026\/02\/Bougie-parfumee-claire-300x267.jpg 300w, https:\/\/douceurdegrasse.fr\/wp-content\/uploads\/2026\/02\/Bougie-parfumee-claire-1024x910.jpg 1024w, https:\/\/douceurdegrasse.fr\/wp-content\/uploads\/2026\/02\/Bougie-parfumee-claire-1536x1365.jpg 1536w, https:\/\/douceurdegrasse.fr\/wp-content\/uploads\/2026\/02\/Bougie-parfumee-claire-2048x1820.jpg 2048w, https:\/\/douceurdegrasse.fr\/wp-content\/uploads\/2026\/02\/Bougie-parfumee-claire-500x444.jpg 500w\" sizes=\"(max-width: 768px) 100vw, 768px\" \/>\t\t\t\t\t\t\t\t\t\t\t\t\t\t\t<\/div>\n\t\t\t\t\t<\/div>\n\t\t\t\t<\/div>\n\t\t<div class=\"elementor-element elementor-element-fbace17 e-flex e-con-boxed e-con e-parent\" data-id=\"fbace17\" data-element_type=\"container\" data-e-type=\"container\" data-settings=\"{&quot;background_background&quot;:&quot;classic&quot;}\">\n\t\t\t\t\t<div class=\"e-con-inner\">\n\t\t\t\t<div class=\"elementor-element elementor-element-ce947db elementor-widget elementor-widget-heading\" data-id=\"ce947db\" data-element_type=\"widget\" data-e-type=\"widget\" data-widget_type=\"heading.default\">\n\t\t\t\t\t<h2 class=\"elementor-heading-title elementor-size-default\">Mes cr\u00e9ations parfum\u00e9es artisanales<\/h2>\t\t\t\t<\/div>\n\t\t\t\t<div class=\"elementor-element elementor-element-4bf9f1b elementor-widget elementor-widget-text-editor\" data-id=\"4bf9f1b\" data-element_type=\"widget\" data-e-type=\"widget\" data-widget_type=\"text-editor.default\">\n\t\t\t\t\t\t\t\t\t<p>Chez Douceur de Grasse, je propose une collection compl\u00e8te de cr\u00e9ations parfum\u00e9es faites main, pens\u00e9es pour parfumer chaque espace du quotidien :<\/p><ul><li style=\"list-style-type: none;\"><ul><li><p><strong>Bougies artisanales parfum\u00e9es<\/strong><\/p><\/li><li><p><strong>Fondants parfum\u00e9s<\/strong> en collections saisonni\u00e8res<\/p><\/li><li><p><strong>Suspensions en cire parfum\u00e9e<\/strong> pour armoires, tiroirs ou petites pi\u00e8ces<\/p><\/li><li><p><strong>Suspensions voiture parfum\u00e9es<\/strong><\/p><\/li><li><p><strong>Poudres pour aspirateur<\/strong> pour une maison fra\u00eeche et d\u00e9licatement parfum\u00e9e<\/p><\/li><li><p><strong>Brumes d\u2019oreiller<\/strong> pour des nuits apaisantes<\/p><\/li><li><p><strong>Coffrets cadeaux<\/strong> pour offrir douceur et \u00e9motion<\/p><\/li><\/ul><\/li><\/ul>\t\t\t\t\t\t\t\t<\/div>\n\t\t\t\t\t<\/div>\n\t\t\t\t<\/div>\n\t\t<div class=\"elementor-element elementor-element-4d701dd e-flex e-con-boxed e-con e-parent\" data-id=\"4d701dd\" data-element_type=\"container\" data-e-type=\"container\" data-settings=\"{&quot;background_background&quot;:&quot;classic&quot;}\">\n\t\t\t\t\t<div class=\"e-con-inner\">\n\t\t\t\t<div class=\"elementor-element elementor-element-97ccf0f elementor-widget elementor-widget-text-editor\" data-id=\"97ccf0f\" data-element_type=\"widget\" data-e-type=\"widget\" data-widget_type=\"text-editor.default\">\n\t\t\t\t\t\t\t\t\t<p>D\u00e9couvrez toutes mes cr\u00e9ations parfum\u00e9es artisanales dans la boutique. <a href=\"https:\/\/douceurdegrasse.fr\/?post_type=product\">Boutique &#8211; Douceur de Grasse<\/a><\/p>\t\t\t\t\t\t\t\t<\/div>\n\t\t\t\t<div class=\"elementor-element elementor-element-c8a95c8 elementor-widget elementor-widget-text-editor\" data-id=\"c8a95c8\" data-element_type=\"widget\" data-e-type=\"widget\" data-widget_type=\"text-editor.default\">\n\t\t\t\t\t\t\t\t\t<p>Je m\u2019inspire aussi des traditions parfum\u00e9es de Grasse, berceau historique de la parfumerie. <a href=\"https:\/\/www.ville-grasse.fr\/?utm_source=copilot.com\">Ville de Grasse (06)<\/a><\/p>\t\t\t\t\t\t\t\t<\/div>\n\t\t\t\t\t<\/div>\n\t\t\t\t<\/div>\n\t\t<div class=\"elementor-element elementor-element-ca2c439 e-flex e-con-boxed e-con e-parent\" data-id=\"ca2c439\" data-element_type=\"container\" data-e-type=\"container\" data-settings=\"{&quot;background_background&quot;:&quot;classic&quot;}\">\n\t\t\t\t\t<div class=\"e-con-inner\">\n\t\t\t\t<div class=\"elementor-element elementor-element-87195f4 elementor-widget elementor-widget-heading\" data-id=\"87195f4\" data-element_type=\"widget\" data-e-type=\"widget\" data-widget_type=\"heading.default\">\n\t\t\t\t\t<h2 class=\"elementor-heading-title elementor-size-default\">Une invitation \u00e0 la douceur artisanale<\/h2>\t\t\t\t<\/div>\n\t\t\t\t<div class=\"elementor-element elementor-element-bf02f11 elementor-widget elementor-widget-text-editor\" data-id=\"bf02f11\" data-element_type=\"widget\" data-e-type=\"widget\" data-widget_type=\"text-editor.default\">\n\t\t\t\t\t\t\t\t\t<p>Chaque cr\u00e9ation est pens\u00e9e pour offrir un moment de calme, de chaleur et de po\u00e9sie. Merci de faire partie de cette aventure artisanale.<\/p>\t\t\t\t\t\t\t\t<\/div>\n\t\t\t\t\t<\/div>\n\t\t\t\t<\/div>\n\t\t\t\t<\/div>\n\t\t","protected":false},"excerpt":{"rendered":"<p>Cr\u00e9ations parfum\u00e9es artisanales \u2013 \u00c0 propos de Douceur de Grasse Bienvenue dans mon univers de cr\u00e9ations parfum\u00e9es artisanales. Je suis Alexandra, artisan cr\u00e9atrice pr\u00e8s de Valenciennes, et je con\u00e7ois chaque bougie et fondant avec soin, po\u00e9sie et exigence. Mon atelier et mes cr\u00e9ations artisanales Je mets un point d\u2019honneur \u00e0 cr\u00e9er des produits, durables et [&hellip;]<\/p>\n","protected":false},"author":1,"featured_media":0,"parent":0,"menu_order":0,"comment_status":"closed","ping_status":"closed","template":"","meta":{"footnotes":""},"class_list":["post-1039","page","type-page","status-publish","hentry"],"blocksy_meta":{"styles_descriptor":{"styles":{"desktop":"","tablet":"","mobile":""},"google_fonts":[],"version":6}},"yoast_head":"<!-- This site is optimized with the Yoast SEO plugin v27.4 - https:\/\/yoast.com\/product\/yoast-seo-wordpress\/ -->\n<title>Cr\u00e9ations parfum\u00e9es artisanales \u2013 \u00c0 propos de Douceur de Grasse<\/title>\n<meta name=\"description\" content=\"Atelier artisanal pr\u00e8s de Valenciennes : bougies et fondants parfum\u00e9s faits main, inspir\u00e9s par les saisons.\" \/>\n<meta name=\"robots\" content=\"index, follow, max-snippet:-1, max-image-preview:large, max-video-preview:-1\" \/>\n<link rel=\"canonical\" href=\"https:\/\/douceurdegrasse.fr\/?page_id=1039\" \/>\n<meta property=\"og:locale\" content=\"fr_FR\" \/>\n<meta property=\"og:type\" content=\"article\" \/>\n<meta property=\"og:title\" content=\"Cr\u00e9ations parfum\u00e9es artisanales \u2013 \u00c0 propos de Douceur de Grasse\" \/>\n<meta property=\"og:description\" content=\"Atelier artisanal pr\u00e8s de Valenciennes : bougies et fondants parfum\u00e9s faits main, inspir\u00e9s par les saisons.\" \/>\n<meta property=\"og:url\" content=\"https:\/\/douceurdegrasse.fr\/?page_id=1039\" \/>\n<meta property=\"og:site_name\" content=\"Douceur de Grasse\" \/>\n<meta property=\"article:modified_time\" content=\"2026-02-03T20:38:59+00:00\" \/>\n<meta property=\"og:image\" content=\"https:\/\/douceurdegrasse.fr\/wp-content\/uploads\/2026\/02\/Bougie-parfumee-claire.jpg\" \/>\n\t<meta property=\"og:image:width\" content=\"2169\" \/>\n\t<meta property=\"og:image:height\" content=\"1927\" \/>\n\t<meta property=\"og:image:type\" content=\"image\/jpeg\" \/>\n<meta name=\"twitter:card\" content=\"summary_large_image\" \/>\n<meta name=\"twitter:label1\" content=\"Dur\u00e9e de lecture estim\u00e9e\" \/>\n\t<meta name=\"twitter:data1\" content=\"2 minutes\" \/>\n<script type=\"application\/ld+json\" class=\"yoast-schema-graph\">{\"@context\":\"https:\\\/\\\/schema.org\",\"@graph\":[{\"@type\":\"WebPage\",\"@id\":\"https:\\\/\\\/douceurdegrasse.fr\\\/?page_id=1039\",\"url\":\"https:\\\/\\\/douceurdegrasse.fr\\\/?page_id=1039\",\"name\":\"Cr\u00e9ations parfum\u00e9es artisanales \u2013 \u00c0 propos de Douceur de Grasse\",\"isPartOf\":{\"@id\":\"https:\\\/\\\/darkorange-woodcock-422475.hostingersite.com\\\/#website\"},\"primaryImageOfPage\":{\"@id\":\"https:\\\/\\\/douceurdegrasse.fr\\\/?page_id=1039#primaryimage\"},\"image\":{\"@id\":\"https:\\\/\\\/douceurdegrasse.fr\\\/?page_id=1039#primaryimage\"},\"thumbnailUrl\":\"https:\\\/\\\/douceurdegrasse.fr\\\/wp-content\\\/uploads\\\/2026\\\/02\\\/Bougie-parfumee-claire-768x682.jpg\",\"datePublished\":\"2021-12-21T20:12:56+00:00\",\"dateModified\":\"2026-02-03T20:38:59+00:00\",\"description\":\"Atelier artisanal pr\u00e8s de Valenciennes : bougies et fondants parfum\u00e9s faits main, inspir\u00e9s par les saisons.\",\"breadcrumb\":{\"@id\":\"https:\\\/\\\/douceurdegrasse.fr\\\/?page_id=1039#breadcrumb\"},\"inLanguage\":\"fr-FR\",\"potentialAction\":[{\"@type\":\"ReadAction\",\"target\":[\"https:\\\/\\\/douceurdegrasse.fr\\\/?page_id=1039\"]}]},{\"@type\":\"ImageObject\",\"inLanguage\":\"fr-FR\",\"@id\":\"https:\\\/\\\/douceurdegrasse.fr\\\/?page_id=1039#primaryimage\",\"url\":\"https:\\\/\\\/douceurdegrasse.fr\\\/wp-content\\\/uploads\\\/2026\\\/02\\\/Bougie-parfumee-claire.jpg\",\"contentUrl\":\"https:\\\/\\\/douceurdegrasse.fr\\\/wp-content\\\/uploads\\\/2026\\\/02\\\/Bougie-parfumee-claire.jpg\",\"width\":2169,\"height\":1927},{\"@type\":\"BreadcrumbList\",\"@id\":\"https:\\\/\\\/douceurdegrasse.fr\\\/?page_id=1039#breadcrumb\",\"itemListElement\":[{\"@type\":\"ListItem\",\"position\":1,\"name\":\"Accueil\",\"item\":\"https:\\\/\\\/douceurdegrasse.fr\\\/\"},{\"@type\":\"ListItem\",\"position\":2,\"name\":\"A propos\"}]},{\"@type\":\"WebSite\",\"@id\":\"https:\\\/\\\/darkorange-woodcock-422475.hostingersite.com\\\/#website\",\"url\":\"https:\\\/\\\/darkorange-woodcock-422475.hostingersite.com\\\/\",\"name\":\"Douceur de Grasse\",\"description\":\"\",\"publisher\":{\"@id\":\"https:\\\/\\\/darkorange-woodcock-422475.hostingersite.com\\\/#organization\"},\"potentialAction\":[{\"@type\":\"SearchAction\",\"target\":{\"@type\":\"EntryPoint\",\"urlTemplate\":\"https:\\\/\\\/darkorange-woodcock-422475.hostingersite.com\\\/?s={search_term_string}\"},\"query-input\":{\"@type\":\"PropertyValueSpecification\",\"valueRequired\":true,\"valueName\":\"search_term_string\"}}],\"inLanguage\":\"fr-FR\"},{\"@type\":\"Organization\",\"@id\":\"https:\\\/\\\/darkorange-woodcock-422475.hostingersite.com\\\/#organization\",\"name\":\"Douceur de Grasse\",\"url\":\"https:\\\/\\\/darkorange-woodcock-422475.hostingersite.com\\\/\",\"logo\":{\"@type\":\"ImageObject\",\"inLanguage\":\"fr-FR\",\"@id\":\"https:\\\/\\\/darkorange-woodcock-422475.hostingersite.com\\\/#\\\/schema\\\/logo\\\/image\\\/\",\"url\":\"https:\\\/\\\/douceurdegrasse.fr\\\/wp-content\\\/uploads\\\/2025\\\/08\\\/Douceur-de-Grasse-1.png\",\"contentUrl\":\"https:\\\/\\\/douceurdegrasse.fr\\\/wp-content\\\/uploads\\\/2025\\\/08\\\/Douceur-de-Grasse-1.png\",\"width\":2000,\"height\":2000,\"caption\":\"Douceur de Grasse\"},\"image\":{\"@id\":\"https:\\\/\\\/darkorange-woodcock-422475.hostingersite.com\\\/#\\\/schema\\\/logo\\\/image\\\/\"}}]}<\/script>\n<!-- \/ Yoast SEO plugin. -->","yoast_head_json":{"title":"Cr\u00e9ations parfum\u00e9es artisanales \u2013 \u00c0 propos de Douceur de Grasse","description":"Atelier artisanal pr\u00e8s de Valenciennes : bougies et fondants parfum\u00e9s faits main, inspir\u00e9s par les saisons.","robots":{"index":"index","follow":"follow","max-snippet":"max-snippet:-1","max-image-preview":"max-image-preview:large","max-video-preview":"max-video-preview:-1"},"canonical":"https:\/\/douceurdegrasse.fr\/?page_id=1039","og_locale":"fr_FR","og_type":"article","og_title":"Cr\u00e9ations parfum\u00e9es artisanales \u2013 \u00c0 propos de Douceur de Grasse","og_description":"Atelier artisanal pr\u00e8s de Valenciennes : bougies et fondants parfum\u00e9s faits main, inspir\u00e9s par les saisons.","og_url":"https:\/\/douceurdegrasse.fr\/?page_id=1039","og_site_name":"Douceur de Grasse","article_modified_time":"2026-02-03T20:38:59+00:00","og_image":[{"width":2169,"height":1927,"url":"https:\/\/douceurdegrasse.fr\/wp-content\/uploads\/2026\/02\/Bougie-parfumee-claire.jpg","type":"image\/jpeg"}],"twitter_card":"summary_large_image","twitter_misc":{"Dur\u00e9e de lecture estim\u00e9e":"2 minutes"},"schema":{"@context":"https:\/\/schema.org","@graph":[{"@type":"WebPage","@id":"https:\/\/douceurdegrasse.fr\/?page_id=1039","url":"https:\/\/douceurdegrasse.fr\/?page_id=1039","name":"Cr\u00e9ations parfum\u00e9es artisanales \u2013 \u00c0 propos de Douceur de Grasse","isPartOf":{"@id":"https:\/\/darkorange-woodcock-422475.hostingersite.com\/#website"},"primaryImageOfPage":{"@id":"https:\/\/douceurdegrasse.fr\/?page_id=1039#primaryimage"},"image":{"@id":"https:\/\/douceurdegrasse.fr\/?page_id=1039#primaryimage"},"thumbnailUrl":"https:\/\/douceurdegrasse.fr\/wp-content\/uploads\/2026\/02\/Bougie-parfumee-claire-768x682.jpg","datePublished":"2021-12-21T20:12:56+00:00","dateModified":"2026-02-03T20:38:59+00:00","description":"Atelier artisanal pr\u00e8s de Valenciennes : bougies et fondants parfum\u00e9s faits main, inspir\u00e9s par les saisons.","breadcrumb":{"@id":"https:\/\/douceurdegrasse.fr\/?page_id=1039#breadcrumb"},"inLanguage":"fr-FR","potentialAction":[{"@type":"ReadAction","target":["https:\/\/douceurdegrasse.fr\/?page_id=1039"]}]},{"@type":"ImageObject","inLanguage":"fr-FR","@id":"https:\/\/douceurdegrasse.fr\/?page_id=1039#primaryimage","url":"https:\/\/douceurdegrasse.fr\/wp-content\/uploads\/2026\/02\/Bougie-parfumee-claire.jpg","contentUrl":"https:\/\/douceurdegrasse.fr\/wp-content\/uploads\/2026\/02\/Bougie-parfumee-claire.jpg","width":2169,"height":1927},{"@type":"BreadcrumbList","@id":"https:\/\/douceurdegrasse.fr\/?page_id=1039#breadcrumb","itemListElement":[{"@type":"ListItem","position":1,"name":"Accueil","item":"https:\/\/douceurdegrasse.fr\/"},{"@type":"ListItem","position":2,"name":"A propos"}]},{"@type":"WebSite","@id":"https:\/\/darkorange-woodcock-422475.hostingersite.com\/#website","url":"https:\/\/darkorange-woodcock-422475.hostingersite.com\/","name":"Douceur de Grasse","description":"","publisher":{"@id":"https:\/\/darkorange-woodcock-422475.hostingersite.com\/#organization"},"potentialAction":[{"@type":"SearchAction","target":{"@type":"EntryPoint","urlTemplate":"https:\/\/darkorange-woodcock-422475.hostingersite.com\/?s={search_term_string}"},"query-input":{"@type":"PropertyValueSpecification","valueRequired":true,"valueName":"search_term_string"}}],"inLanguage":"fr-FR"},{"@type":"Organization","@id":"https:\/\/darkorange-woodcock-422475.hostingersite.com\/#organization","name":"Douceur de Grasse","url":"https:\/\/darkorange-woodcock-422475.hostingersite.com\/","logo":{"@type":"ImageObject","inLanguage":"fr-FR","@id":"https:\/\/darkorange-woodcock-422475.hostingersite.com\/#\/schema\/logo\/image\/","url":"https:\/\/douceurdegrasse.fr\/wp-content\/uploads\/2025\/08\/Douceur-de-Grasse-1.png","contentUrl":"https:\/\/douceurdegrasse.fr\/wp-content\/uploads\/2025\/08\/Douceur-de-Grasse-1.png","width":2000,"height":2000,"caption":"Douceur de Grasse"},"image":{"@id":"https:\/\/darkorange-woodcock-422475.hostingersite.com\/#\/schema\/logo\/image\/"}}]}},"_hostinger_reach_plugin_has_subscription_block":false,"_hostinger_reach_plugin_is_elementor":false,"jetpack_sharing_enabled":true,"_links":{"self":[{"href":"https:\/\/douceurdegrasse.fr\/index.php?rest_route=\/wp\/v2\/pages\/1039","targetHints":{"allow":["GET"]}}],"collection":[{"href":"https:\/\/douceurdegrasse.fr\/index.php?rest_route=\/wp\/v2\/pages"}],"about":[{"href":"https:\/\/douceurdegrasse.fr\/index.php?rest_route=\/wp\/v2\/types\/page"}],"author":[{"embeddable":true,"href":"https:\/\/douceurdegrasse.fr\/index.php?rest_route=\/wp\/v2\/users\/1"}],"replies":[{"embeddable":true,"href":"https:\/\/douceurdegrasse.fr\/index.php?rest_route=%2Fwp%2Fv2%2Fcomments&post=1039"}],"version-history":[{"count":43,"href":"https:\/\/douceurdegrasse.fr\/index.php?rest_route=\/wp\/v2\/pages\/1039\/revisions"}],"predecessor-version":[{"id":3447,"href":"https:\/\/douceurdegrasse.fr\/index.php?rest_route=\/wp\/v2\/pages\/1039\/revisions\/3447"}],"wp:attachment":[{"href":"https:\/\/douceurdegrasse.fr\/index.php?rest_route=%2Fwp%2Fv2%2Fmedia&parent=1039"}],"curies":[{"name":"wp","href":"https:\/\/api.w.org\/{rel}","templated":true}]}}